{"id":9,"date":"2016-09-25T16:31:35","date_gmt":"2016-09-25T13:31:35","guid":{"rendered":"http:\/\/residenceambient.hotelsperformance.net\/?page_id=9"},"modified":"2025-06-21T15:12:58","modified_gmt":"2025-06-21T12:12:58","slug":"rooms-new","status":"publish","type":"page","link":"https:\/\/www.residenceambient.ro\/ro\/rooms-new\/","title":{"rendered":"Camere"},"content":{"rendered":"<p><\/p>\n<p>[vc_row][vc_column width=&#8221;1\/2&#8243;][vc_column_text]<\/p>\n<p class=\"lead\">Un spa\u0163iu confortabil \u015fi modern<\/p>\n<h3><span style=\"color: #542f00;\">Ambient Residence, o nou\u0103 form\u0103 de turism \u00een timpuri noi.<\/span><\/h3>\n<p class=\"lead\">Unitatea noastr\u0103 este format\u0103 din 18 camere duble \u015fi 8 apartamente (cu dormitor \u015fi living),\u00een care se combin\u0103 elementele antice de design arhitectural, cum ar fi grinzile \u015fi interioarele din lemn, cu un decor modern \u015fi func\u0163ional.<\/p>\n<p class=\"lead\">De asemenea, oferim oaspe\u0163ilor no\u015ftri alte facilit\u0103\u0163i, cum ar fi: o buc\u0103t\u0103rie comun\u0103 cu echipament complet (frigider, cuptor electric, filtru de cafea, toaster, sandwich maker, cuptor cu microunde, vesel\u0103 \u015fi tac\u00e2muri), precum \u015fi o sal\u0103 de mic dejun, de asemenea, \u00een comun, cu o priveli\u015fte minunat\u0103 spre muntele T\u00e2mpa.<\/p>\n<p class=\"lead\">Un nou stil de cazare la cel mai bun pret Ambient Residence; de la \u20ac 34 pe camer\u0103 \/ noapte, inclusiv internet wireless, lenjerie de pat, baie, articole de toalet\u0103 \u0219i cur\u0103\u021benie zilnic\u0103.<\/p>\n<p>[\/vc_column_text][\/vc_column][vc_column width=&#8221;1\/2&#8243;][vc_single_image image=&#8221;189&#8243; img_size=&#8221;large&#8221;][\/vc_column][\/vc_row][vc_row full_width=&#8221;stretch_row&#8221; parallax=&#8221;content-moving&#8221; css=&#8221;.vc_custom_1474926439789{margin-top: 0px !important;margin-bottom: 30px !important;background-image: url(https:\/\/www.residenceambient.ro\/wp-content\/uploads\/2016\/09\/backdoblev001.jpg?id=171) !important;background-position: center;background-repeat: no-repeat !important;background-size: cover !important;}&#8221;][vc_column width=&#8221;1\/2&#8243;][vc_column_text el_class=&#8221;white-box content-padding&#8221;]<\/p>\n<h2 id=\"cove\" class=\"text-uppercase\"><small>DE LA 34\u20ac \/ NOAPTE<\/small><span style=\"color: #542f00;\">CAMER\u0102 DUBL\u0102\/TWIN<\/span><br \/>\n<small><\/small><\/h2>\n<p>Camere confortabile de 18-20m2, cu toate facilit\u0103\u021bile necesare.<\/p>\n<ul class=\"list-pointer\">\n<li>Pat dublu sau paturi twin<\/li>\n<li>Baie cu cabin\u0103 de du\u0219<\/li>\n<li>Articole de toalet\u0103 \u0219i prosoape<\/li>\n<li>Wi-Fi gratuit, TV prin cablu \u0219i Telefon<\/li>\n<li>Mic dejun op\u021bional<\/li>\n<\/ul>\n<p>[vc_btn title=&#8221;Rezerv\u0103 la cel mai bun pre\u0163 &#8221; style=&#8221;custom&#8221; custom_background=&#8221;#542f00&#8243; custom_text=&#8221;#ffffff&#8221; shape=&#8221;square&#8221; align=&#8221;left&#8221; i_icon_fontawesome=&#8221;fa fa-calendar&#8221; add_icon=&#8221;true&#8221; link=&#8221;url:https%3A%2F%2Fv6.upperbooking.com%2Fro%2Fbooking%2Fcity%2Fwrap%2Fambientresidence%3Flocale%3Dro|||&#8221; custom_onclick=&#8221;true&#8221; custom_onclick_code=&#8221;Booking.Open({RoomID:24895}); return false;&#8221;][vc_btn title=&#8221;Vezi detalii camer\u0103&#8221; style=&#8221;flat&#8221; shape=&#8221;square&#8221; color=&#8221;black&#8221; align=&#8221;left&#8221; link=&#8221;url:%2Frooms%2Fdouble%2F|||&#8221;]<\/p>\n<p>[\/vc_column_text][\/vc_column][vc_column width=&#8221;1\/2&#8243; css=&#8221;.vc_custom_1467673281560{padding-right: -15px !important;padding-bottom: -15px !important;padding-left: -15px !important;}&#8221;][vc_images_carousel images=&#8221;1386&#8243; onclick=&#8221;custom_link&#8221; hide_pagination_control=&#8221;yes&#8221; hide_prev_next_buttons=&#8221;yes&#8221; custom_links=&#8221;\/rooms\/double\/&#8221; css=&#8221;.vc_custom_1601622417444{background-image: url(https:\/\/www.residenceambient.ro\/wp-content\/uploads\/2014\/09\/camerapensiuneambient.jpg?id=5404) !important;}&#8221;][\/vc_column][\/vc_row][vc_row full_width=&#8221;stretch_row&#8221; css=&#8221;.vc_custom_1474928914467{padding-top: 2.8rem !important;padding-bottom: 2.8rem !important;background-color: #f0f1f2 !important;}&#8221;][vc_column][vc_raw_html]JTNDZGl2JTIwY2xhc3MlM0QlMjJ3cGJfd3JhcHBlciUyMGJvb2tpbmclMjIlM0UlM0MlMkZkaXYlM0UlM0NzY3JpcHQlMjBzcmMlM0QlMjJodHRwcyUzQSUyRiUyRndpcy51cHBlcmJvb2tpbmcuY29tJTJGYW1iaWVudHJlc2lkZW5jZSUyRmJvb2tpbmdob21lJTNGbG9jYWxlJTNEcm8lMjIlMjBhc3luYyUzRSUzQyUyRnNjcmlwdCUzRQ==[\/vc_raw_html][\/vc_column][\/vc_row][vc_row full_width=&#8221;stretch_row&#8221; gap=&#8221;5&#8243; parallax=&#8221;content-moving&#8221; css=&#8221;.vc_custom_1474929321320{margin-top: 30px !important;margin-bottom: 30px !important;background-image: url(https:\/\/www.residenceambient.ro\/wp-content\/uploads\/2016\/09\/backsuitev002.jpg?id=183) !important;background-position: center;background-repeat: no-repeat !important;background-size: cover !important;}&#8221;][vc_column width=&#8221;1\/2&#8243;][vc_images_carousel images=&#8221;1765&#8243; onclick=&#8221;custom_link&#8221; hide_pagination_control=&#8221;yes&#8221; hide_prev_next_buttons=&#8221;yes&#8221; custom_links=&#8221;\/rooms\/apartment\/&#8221;][\/vc_column][vc_column width=&#8221;1\/2&#8243;][vc_column_text el_class=&#8221;white-box content-padding&#8221;]<\/p>\n<h2 id=\"cove\" class=\"text-uppercase\"><small>DE LA 46\u20ac \/ NOAPTE<\/small>APARTAMENT<br \/>\n<small><\/small><\/h2>\n<p>Camere spa\u0163ioase de la 25 p\u00e2n\u0103 la 35m2 de care s\u0103 v\u0103 bucura\u0163i cu prietenii sau familia<\/p>\n<ul class=\"list-pointer\">\n<li>Pat dublu \u015fi sofa<\/li>\n<li>Living \u015fi baie cu cabin\u0103 de du\u0219<\/li>\n<li>Articole de toalet\u0103 \u0219i prosoape<\/li>\n<li>Wi-Fi gratuit, TV prin cablu \u0219i Telefon<\/li>\n<li>Mic dejun op\u021bional<\/li>\n<\/ul>\n<p>[vc_btn title=&#8221;Rezerv\u0103 la cel mai bun pre\u0163 &#8221; style=&#8221;custom&#8221; custom_background=&#8221;#542f00&#8243; custom_text=&#8221;#ffffff&#8221; shape=&#8221;square&#8221; align=&#8221;left&#8221; i_icon_fontawesome=&#8221;fa fa-calendar&#8221; add_icon=&#8221;true&#8221; link=&#8221;url:https%3A%2F%2Fv6.upperbooking.com%2Fro%2Fbooking%2Fcity%2Fwrap%2Fambientresidence%3Flocale%3Dro|||&#8221; custom_onclick=&#8221;true&#8221; custom_onclick_code=&#8221;Booking.Open({RoomID:24896}); return false;&#8221;][vc_btn title=&#8221;Vezi detalii camer\u0103&#8221; style=&#8221;flat&#8221; shape=&#8221;square&#8221; color=&#8221;black&#8221; align=&#8221;left&#8221; link=&#8221;url:%2Frooms%2Fapartment%2F|||&#8221;][\/vc_column_text][\/vc_column][\/vc_row]<\/p>\n<p><\/p>","protected":false},"excerpt":{"rendered":"<p>[vc_row][vc_column width=&#8221;1\/2&#8243;][vc_column_text] Un spa\u0163iu confortabil \u015fi modern Ambient Residence, o nou\u0103 form\u0103 de turism \u00een timpuri noi. Unitatea noastr\u0103 este [&hellip;]<\/p>\n","protected":false},"author":1,"featured_media":0,"parent":0,"menu_order":2,"comment_status":"closed","ping_status":"closed","template":"","meta":{"footnotes":""},"yst_prominent_words":[],"class_list":["post-9","page","type-page","status-publish","hentry"],"yoast_head":"<!-- This site is optimized with the Yoast SEO Premium plugin v14.0.2 - https:\/\/yoast.com\/wordpress\/plugins\/seo\/ -->\n<title>Camere - Ambient Residence - Bra\u0219ov (Rom\u00e2nia) - Rezerv\u0103 la cel mai bun pre\u021b pentru propriet\u0103\u0163ile Ambient<\/title>\n<meta name=\"robots\" content=\"index, follow\" \/>\n<meta name=\"googlebot\" content=\"index, follow, max-snippet:-1, max-image-preview:large, max-video-preview:-1\" \/>\n<meta name=\"bingbot\" content=\"index, follow, max-snippet:-1, max-image-preview:large, max-video-preview:-1\" \/>\n<link rel=\"canonical\" href=\"https:\/\/www.residenceambient.ro\/rooms-new\/\" \/>\n<meta property=\"og:locale\" content=\"ro_RO\" \/>\n<meta property=\"og:type\" content=\"article\" \/>\n<meta property=\"og:title\" content=\"[:ro]Camere[:en]Rooms[:es]Habitaciones[:de]Zimmer[:] - Ambient Residence - Bra\u0219ov (Rom\u00e2nia) - Rezerv\u0103 la cel mai bun pre\u021b pentru propriet\u0103\u0163ile Ambient\" \/>\n<meta property=\"og:description\" content=\"[vc_row][vc_column width=&#8221;1\/2&#8243;][vc_column_text] Un spa\u0163iu confortabil \u015fi modern Ambient Residence, o nou\u0103 form\u0103 de turism \u00een timpuri noi. Unitatea noastr\u0103 este [&hellip;]\" \/>\n<meta property=\"og:url\" content=\"https:\/\/www.residenceambient.ro\/rooms-new\/\" \/>\n<meta property=\"og:site_name\" content=\"Ambient Residence - Bra\u0219ov (Rom\u00e2nia) - Rezerv\u0103 la cel mai bun pre\u021b pentru propriet\u0103\u0163ile Ambient\" \/>\n<meta property=\"article:modified_time\" content=\"2025-06-21T12:12:58+00:00\" \/>\n<meta name=\"twitter:card\" content=\"summary_large_image\" \/>\n<script type=\"application\/ld+json\" class=\"yoast-schema-graph\">{\"@context\":\"https:\/\/schema.org\",\"@graph\":[{\"@type\":\"WebSite\",\"@id\":\"https:\/\/www.residenceambient.ro\/ro\/#website\",\"url\":\"https:\/\/www.residenceambient.ro\/ro\/\",\"name\":\"Ambient Residence - Bra\\u0219ov (Rom\\u00e2nia) - Rezerv\\u0103 la cel mai bun pre\\u021b pentru propriet\\u0103\\u0163ile Ambient\",\"description\":\"Site-ul oficial\",\"potentialAction\":[{\"@type\":\"SearchAction\",\"target\":\"https:\/\/www.residenceambient.ro\/ro\/?s={search_term_string}\",\"query-input\":\"required name=search_term_string\"}],\"inLanguage\":\"ro-RO\"},{\"@type\":\"WebPage\",\"@id\":\"https:\/\/www.residenceambient.ro\/rooms-new\/#webpage\",\"url\":\"https:\/\/www.residenceambient.ro\/rooms-new\/\",\"name\":\"[:ro]Camere[:en]Rooms[:es]Habitaciones[:de]Zimmer[:] - Ambient Residence - Bra\\u0219ov (Rom\\u00e2nia) - Rezerv\\u0103 la cel mai bun pre\\u021b pentru propriet\\u0103\\u0163ile Ambient\",\"isPartOf\":{\"@id\":\"https:\/\/www.residenceambient.ro\/ro\/#website\"},\"datePublished\":\"2016-09-25T13:31:35+00:00\",\"dateModified\":\"2025-06-21T12:12:58+00:00\",\"inLanguage\":\"ro-RO\",\"potentialAction\":[{\"@type\":\"ReadAction\",\"target\":[\"https:\/\/www.residenceambient.ro\/rooms-new\/\"]}]}]}<\/script>\n<!-- \/ Yoast SEO Premium plugin. -->","_links":{"self":[{"href":"https:\/\/www.residenceambient.ro\/ro\/wp-json\/wp\/v2\/pages\/9","targetHints":{"allow":["GET"]}}],"collection":[{"href":"https:\/\/www.residenceambient.ro\/ro\/wp-json\/wp\/v2\/pages"}],"about":[{"href":"https:\/\/www.residenceambient.ro\/ro\/wp-json\/wp\/v2\/types\/page"}],"author":[{"embeddable":true,"href":"https:\/\/www.residenceambient.ro\/ro\/wp-json\/wp\/v2\/users\/1"}],"replies":[{"embeddable":true,"href":"https:\/\/www.residenceambient.ro\/ro\/wp-json\/wp\/v2\/comments?post=9"}],"version-history":[{"count":61,"href":"https:\/\/www.residenceambient.ro\/ro\/wp-json\/wp\/v2\/pages\/9\/revisions"}],"predecessor-version":[{"id":1778,"href":"https:\/\/www.residenceambient.ro\/ro\/wp-json\/wp\/v2\/pages\/9\/revisions\/1778"}],"wp:attachment":[{"href":"https:\/\/www.residenceambient.ro\/ro\/wp-json\/wp\/v2\/media?parent=9"}],"wp:term":[{"taxonomy":"yst_prominent_words","embeddable":true,"href":"https:\/\/www.residenceambient.ro\/ro\/wp-json\/wp\/v2\/yst_prominent_words?post=9"}],"curies":[{"name":"wp","href":"https:\/\/api.w.org\/{rel}","templated":true}]}}