{"id":30,"date":"2016-09-25T16:51:04","date_gmt":"2016-09-25T13:51:04","guid":{"rendered":"http:\/\/residenceambient.hotelsperformance.net\/?page_id=30"},"modified":"2025-04-03T23:53:43","modified_gmt":"2025-04-03T20:53:43","slug":"contact","status":"publish","type":"page","link":"https:\/\/www.residenceambient.ro\/ro\/contact\/","title":{"rendered":"Contact"},"content":{"rendered":"<p>[vc_row][vc_column width=&#8221;7\/12&#8243;][vc_column_text]<\/p>\n<h4><strong>Dac\u0103 dori\u0163i s\u0103 realiza\u0163i o rezervare, v\u0103 rug\u0103m s\u0103 consulta\u0163i direct disponibilitatea <a href=\"https:\/\/v6.upperbooking.com\/ro\/booking\/city\/wrap\/ambientresidence?locale=ro\"><span style=\"color: #cf0e17;\">aici<\/span><\/a> \u0219i ve\u021bi ob\u021bine cel mai bun pre\u021b \u0219i condi\u021bii.<\/strong><\/h4>\n<h4><strong>Accept\u0103m plata cu tichete de vacan\u021b\u0103: Edenred, Sodexo (Pluxee) \u0219i Cheque Dejeuner (Up Rom\u00e2nia) <\/strong><\/h4>\n<p>Pentru rezerv\u0103rile online pentru care dori\u021bi s\u0103 face\u021bi plata cu tichete vacan\u021b\u0103 sau cash, v\u0103 rug\u0103m s\u0103 selecta\u021bi planul tarifar \u201cFlexibil\u0103 &#8211; F\u0103r\u0103 card de credit&#8221;<\/p>\n<p>[\/vc_column_text]\t<div id=\"ninja_forms_form_9_cont\" class=\"ninja-forms-cont\">\n\t\t<div id=\"ninja_forms_form_9_wrap\" class=\"ninja-forms-form-wrap\">\n\t<div id=\"ninja_forms_form_9_response_msg\" style=\"\" class=\"ninja-forms-response-msg \"><\/div>\t<form id=\"ninja_forms_form_9\" enctype=\"multipart\/form-data\" method=\"post\" name=\"\" action=\"\" class=\"ninja-forms-form\">\n\n\t<input type=\"hidden\" id=\"_wpnonce\" name=\"_wpnonce\" value=\"a18d9914d8\" \/><input type=\"hidden\" name=\"_wp_http_referer\" value=\"\/ro\/wp-json\/wp\/v2\/pages\/30\" \/>\t<input type=\"hidden\" name=\"_ninja_forms_display_submit\" value=\"1\">\n\t<input type=\"hidden\" name=\"_form_id\"  id=\"_form_id\" value=\"9\">\n\t\t<div class=\"hp-wrap\">\n\t\t<label>If you are a human and are seeing this field, please leave it blank.\t\t\t<input type=\"text\" value=\"\" name=\"_E3pBM\">\n\t\t\t<input type=\"hidden\" value=\"_E3pBM\" name=\"_hp_name\">\n\t\t<\/label>\n\t<\/div>\n\t\t<div id=\"ninja_forms_form_9_all_fields_wrap\" class=\"ninja-forms-all-fields-wrap\">\n\t\t\t<div class=\"ninja-forms-required-items\">C\u00e2mpurile\u00a0marcate cu <span class=\"ninja-forms-req-symbol\">*<\/span>\u00a0sunt\u00a0obligatorii<\/div>\n\t\t\t\t\t\t\t\t<div class=\"field-wrap text-wrap label-above\"  id=\"ninja_forms_field_9_div_wrap\" data-visible=\"1\">\n\t\t\t\t\t\t\t<input type=\"hidden\" id=\"ninja_forms_field_9_type\" value=\"text\">\n\t\t<label for=\"ninja_forms_field_9\" id=\"ninja_forms_field_9_label\" class=\"\">Nume <span class='ninja-forms-req-symbol'><strong>*<\/strong><\/span>\t\t\t\t<\/label>\n\t\t\t<input id=\"ninja_forms_field_9\" data-mask=\"\" data-input-limit=\"\" data-input-limit-type=\"char\" data-input-limit-msg=\"\" name=\"ninja_forms_field_9\" type=\"text\" placeholder=\"\" class=\"ninja-forms-field  ninja-forms-req \" value=\"\" rel=\"9\"   \/>\n\t\t<div id=\"ninja_forms_field_9_error\" style=\"display:none;\" class=\"ninja-forms-field-error\">\n\t\t<\/div>\n\t\t\t\t\t\t\t<\/div>\n\t\t\t\t\t\t\t\t\t\t\t\t<div class=\"field-wrap text-wrap label-above\"  id=\"ninja_forms_field_10_div_wrap\" data-visible=\"1\">\n\t\t\t\t\t\t\t<input type=\"hidden\" id=\"ninja_forms_field_10_type\" value=\"text\">\n\t\t<label for=\"ninja_forms_field_10\" id=\"ninja_forms_field_10_label\" class=\"\">Email <span class='ninja-forms-req-symbol'><strong>*<\/strong><\/span>\t\t\t\t<\/label>\n\t\t\t<input id=\"ninja_forms_field_10\" data-mask=\"\" data-input-limit=\"\" data-input-limit-type=\"char\" data-input-limit-msg=\"\" name=\"ninja_forms_field_10\" type=\"text\" placeholder=\"\" class=\"ninja-forms-field  ninja-forms-req email \" value=\"\" rel=\"10\"   \/>\n\t\t<div id=\"ninja_forms_field_10_error\" style=\"display:none;\" class=\"ninja-forms-field-error\">\n\t\t<\/div>\n\t\t\t\t\t\t\t<\/div>\n\t\t\t\t\t\t\t\t\t\t\t\t<div class=\"field-wrap text-wrap label-above\"  id=\"ninja_forms_field_21_div_wrap\" data-visible=\"1\">\n\t\t\t\t\t\t\t<input type=\"hidden\" id=\"ninja_forms_field_21_type\" value=\"text\">\n\t\t<label for=\"ninja_forms_field_21\" id=\"ninja_forms_field_21_label\" class=\"\">Telefon \t\t\t\t<\/label>\n\t\t\t<input id=\"ninja_forms_field_21\" data-mask=\"\" data-input-limit=\"\" data-input-limit-type=\"char\" data-input-limit-msg=\"\" name=\"ninja_forms_field_21\" type=\"text\" placeholder=\"\" class=\"ninja-forms-field  \" value=\"\" rel=\"21\"   \/>\n\t\t<div id=\"ninja_forms_field_21_error\" style=\"display:none;\" class=\"ninja-forms-field-error\">\n\t\t<\/div>\n\t\t\t\t\t\t\t<\/div>\n\t\t\t\t\t\t\t\t\t\t\t\t<div class=\"field-wrap textarea-wrap label-above\"  id=\"ninja_forms_field_11_div_wrap\" data-visible=\"1\">\n\t\t\t\t\t\t\t<input type=\"hidden\" id=\"ninja_forms_field_11_type\" value=\"textarea\">\n\t\t<label for=\"ninja_forms_field_11\" id=\"ninja_forms_field_11_label\" class=\"\">Mesaj <span class='ninja-forms-req-symbol'><strong>*<\/strong><\/span>\t\t\t\t<\/label>\n\t\t\t\t<textarea name=\"ninja_forms_field_11\" id=\"ninja_forms_field_11\" class=\"ninja-forms-field  ninja-forms-req\" rel=\"11\" data-input-limit=\"\" data-input-limit-type=\"char\" data-input-limit-msg=\"\"><\/textarea>\n\t\t\t<div id=\"ninja_forms_field_11_error\" style=\"display:none;\" class=\"ninja-forms-field-error\">\n\t\t<\/div>\n\t\t\t\t\t\t\t<\/div>\n\t\t\t\t\t\t\t\t\t\t\t\t<div class=\"field-wrap g_recaptcha-wrap label-above\"  id=\"ninja_forms_field_24_div_wrap\" data-visible=\"1\">\n\t\t\t\t\t\t\t<input type=\"hidden\" id=\"ninja_forms_field_24_type\" value=\"g_recaptcha\">\n\t\t<label for=\"ninja_forms_field_24\" id=\"ninja_forms_field_24_label\" class=\"\"> <span class='ninja-forms-req-symbol'><strong>*<\/strong><\/span>\t\t\t\t<\/label>\n\t\t\n\t<input id=\"ninja_forms_field_24\" name=\"ninja_forms_field_24\" type=\"hidden\" class=\"\" value=\"\" rel=\"24\" \/>\n\t\t<div class=\"g-recaptcha\" data-callback=\"recaptcha_set_value_207298696\" data-sitekey=\"6LdwVwoUAAAAAEm1Zl6_JV_8RqjIxN0NxmMUMQzE\"><\/div>\n            <script type=\"text\/javascript\" src=\"https:\/\/www.google.com\/recaptcha\/api.js?hl=en\">\n            <\/script>\n            <script type=\"text\/javascript\">\n            function recaptcha_set_value_207298696(inpval){\n            \tjQuery(\"#ninja_forms_field_24\").val(inpval)\n\n            }\n            <\/script>\n\n\t\t\t<div id=\"ninja_forms_field_24_error\" style=\"display:none;\" class=\"ninja-forms-field-error\">\n\t\t<\/div>\n\t\t\t\t\t\t\t<\/div>\n\t\t\t\t\t\t\t\t\t\t\t\t<div class=\"field-wrap checkbox-wrap label-right\"  id=\"ninja_forms_field_41_div_wrap\" data-visible=\"1\">\n\t\t\t\t\t\t\t<input type=\"hidden\" id=\"ninja_forms_field_41_type\" value=\"checkbox\">\n<input id=\"\" name=\"ninja_forms_field_41\" type=\"hidden\" value=\"unchecked\" \/><input id=\"ninja_forms_field_41\" name=\"ninja_forms_field_41\" type=\"checkbox\" class=\"ninja-forms-field  ninja-forms-req\" value=\"checked\"  rel=\"41\"\/>\t\t<label for=\"ninja_forms_field_41\" id=\"ninja_forms_field_41_label\" class=\"\">Am citit \u0219i accept <a href=\"\/ro\/contact\/terms-and-conditions\/\">politica de confiden\u021bialitate<\/a> <span class='ninja-forms-req-symbol'><strong>*<\/strong><\/span>\t\t\t\t<\/label>\n\t\t\t<div id=\"ninja_forms_field_41_error\" style=\"display:none;\" class=\"ninja-forms-field-error\">\n\t\t<\/div>\n\t\t\t\t\t\t\t<\/div>\n\t\t\t\t\t\t\t\t\t\t\t\t<div class=\"field-wrap checkbox-wrap label-right\"  id=\"ninja_forms_field_42_div_wrap\" data-visible=\"1\">\n\t\t\t\t\t\t\t<input type=\"hidden\" id=\"ninja_forms_field_42_type\" value=\"checkbox\">\n<input id=\"\" name=\"ninja_forms_field_42\" type=\"hidden\" value=\"unchecked\" \/><input id=\"ninja_forms_field_42\" name=\"ninja_forms_field_42\" type=\"checkbox\" class=\"ninja-forms-field \" value=\"checked\"  rel=\"42\"\/>\t\t<label for=\"ninja_forms_field_42\" id=\"ninja_forms_field_42_label\" class=\"\">Autorizez trimiterea de comunica\u021bii electronice informative legate de activit\u0103\u021bi, produse sau servicii prin e-mail sau prin orice alt mijloc electronic echivalent. \t\t\t\t<\/label>\n\t\t\t<div id=\"ninja_forms_field_42_error\" style=\"display:none;\" class=\"ninja-forms-field-error\">\n\t\t<\/div>\n\t\t\t\t\t\t\t<\/div>\n\t\t\t\t\t\t\t\t\t\t\t\t<div class=\"field-wrap submit-wrap label-above\"  id=\"ninja_forms_field_12_div_wrap\" data-visible=\"1\">\n\t\t\t\t\t\t\t<input type=\"hidden\" id=\"ninja_forms_field_12_type\" value=\"submit\">\n\t<div id=\"nf_submit_9\">\n\t\t<input type=\"submit\" name=\"_ninja_forms_field_12\" class=\"ninja-forms-field \" id=\"ninja_forms_field_12\" value=\"Trimite\" rel=\"12\" >\n\t<\/div>\n\t<div id=\"nf_processing_9\" style=\"display:none;\">\n\t\t<input type=\"submit\" name=\"_ninja_forms_field_12\" class=\"ninja-forms-field \" id=\"ninja_forms_field_12\" value=\"Proces\u00e2nd formularul\" rel=\"12\" disabled>\n\t<\/div>\n\t\t<div id=\"ninja_forms_field_12_error\" style=\"display:none;\" class=\"ninja-forms-field-error\">\n\t\t<\/div>\n\t\t\t\t\t\t\t<\/div>\n\t\t\t\t\t\t\t<\/div>\n\t\t<\/form>\n\t\t<\/div>\n\t\t<\/div>\n\t[\/vc_column][vc_column width=&#8221;1\/3&#8243; offset=&#8221;vc_col-sm-offset-1&#8243;][vc_column_text]<\/p>\n<h3><span style=\"color: #542f00;\">Echipa noastr\u0103 va fi incantat\u0103 sa v\u0103 ajute<\/span><\/h3>\n<p>Echipa noastr\u0103 v\u0103 st\u0103 la dispozi\u021bie pentru \u00eentreb\u0103ri cu privire la rezervarea dvs., evenimente, transferuri, s\u0103li de reuniuni sau orice alt subiect. Vom fi incanta\u021bi s\u0103 v\u0103 putem ajuta.<\/p>\n<h3><span style=\"color: #542f00;\">Subscrie\u021bi-v\u0103 la Newsletter-ul nostru<\/span><\/h3>\n\t<div id=\"ninja_forms_form_21_cont\" class=\"ninja-forms-cont\">\n\t\t<div id=\"ninja_forms_form_21_wrap\" class=\"ninja-forms-form-wrap\">\n\t<div id=\"ninja_forms_form_21_response_msg\" style=\"\" class=\"ninja-forms-response-msg \"><\/div>\t<form id=\"ninja_forms_form_21\" enctype=\"multipart\/form-data\" method=\"post\" name=\"\" action=\"\" class=\"ninja-forms-form\">\n\n\t<input type=\"hidden\" id=\"_wpnonce\" name=\"_wpnonce\" value=\"52854eb51d\" \/><input type=\"hidden\" name=\"_wp_http_referer\" value=\"\/ro\/wp-json\/wp\/v2\/pages\/30\" \/>\t<input type=\"hidden\" name=\"_ninja_forms_display_submit\" value=\"1\">\n\t<input type=\"hidden\" name=\"_form_id\"  id=\"_form_id\" value=\"21\">\n\t\t<div class=\"hp-wrap\">\n\t\t<label>If you are a human and are seeing this field, please leave it blank.\t\t\t<input type=\"text\" value=\"\" name=\"_2Kly2\">\n\t\t\t<input type=\"hidden\" value=\"_2Kly2\" name=\"_hp_name\">\n\t\t<\/label>\n\t<\/div>\n\t\t<div id=\"ninja_forms_form_21_all_fields_wrap\" class=\"ninja-forms-all-fields-wrap\">\n\t\t\t<div class=\"ninja-forms-required-items\">C\u00e2mpurile\u00a0marcate cu <span class=\"ninja-forms-req-symbol\">*<\/span>\u00a0sunt\u00a0obligatorii<\/div>\n\t\t\t\t\t\t\t\t<div class=\"field-wrap text-wrap label-above\"  id=\"ninja_forms_field_17_div_wrap\" data-visible=\"1\">\n\t\t\t\t\t\t\t<input type=\"hidden\" id=\"ninja_forms_field_17_type\" value=\"text\">\n\t\t<label for=\"ninja_forms_field_17\" id=\"ninja_forms_field_17_label\" class=\"\">Email <span class='ninja-forms-req-symbol'><strong>*<\/strong><\/span>\t\t\t\t<\/label>\n\t\t\t<input id=\"ninja_forms_field_17\" data-mask=\"\" data-input-limit=\"\" data-input-limit-type=\"char\" data-input-limit-msg=\"\" name=\"ninja_forms_field_17\" type=\"text\" placeholder=\"\" class=\"ninja-forms-field  ninja-forms-req email \" value=\"\" rel=\"17\"   \/>\n\t\t<div id=\"ninja_forms_field_17_error\" style=\"display:none;\" class=\"ninja-forms-field-error\">\n\t\t<\/div>\n\t\t\t\t\t\t\t<\/div>\n\t\t\t\t\t\t\t\t\t\t\t\t<div class=\"field-wrap checkbox-wrap label-right\"  id=\"ninja_forms_field_47_div_wrap\" data-visible=\"1\">\n\t\t\t\t\t\t\t<input type=\"hidden\" id=\"ninja_forms_field_47_type\" value=\"checkbox\">\n<input id=\"\" name=\"ninja_forms_field_47\" type=\"hidden\" value=\"unchecked\" \/><input id=\"ninja_forms_field_47\" name=\"ninja_forms_field_47\" type=\"checkbox\" class=\"ninja-forms-field  ninja-forms-req\" value=\"checked\"  rel=\"47\"\/>\t\t<label for=\"ninja_forms_field_47\" id=\"ninja_forms_field_47_label\" class=\"\">Am citit \u0219i accept <a href=\"\/ro\/contact\/terms-and-conditions\/\">politica de confiden\u021bialitate<\/a> <span class='ninja-forms-req-symbol'><strong>*<\/strong><\/span>\t\t\t\t<\/label>\n\t\t\t<div id=\"ninja_forms_field_47_error\" style=\"display:none;\" class=\"ninja-forms-field-error\">\n\t\t<\/div>\n\t\t\t\t\t\t\t<\/div>\n\t\t\t\t\t\t\t\t\t\t\t\t<div class=\"field-wrap checkbox-wrap label-right\"  id=\"ninja_forms_field_48_div_wrap\" data-visible=\"1\">\n\t\t\t\t\t\t\t<input type=\"hidden\" id=\"ninja_forms_field_48_type\" value=\"checkbox\">\n<input id=\"\" name=\"ninja_forms_field_48\" type=\"hidden\" value=\"unchecked\" \/><input id=\"ninja_forms_field_48\" name=\"ninja_forms_field_48\" type=\"checkbox\" class=\"ninja-forms-field  ninja-forms-req\" value=\"checked\"  rel=\"48\"\/>\t\t<label for=\"ninja_forms_field_48\" id=\"ninja_forms_field_48_label\" class=\"\">Autorizez trimiterea de comunica\u021bii electronice informative legate de activit\u0103\u021bi, produse sau servicii prin e-mail sau prin orice alt mijloc electronic echivalent. <span class='ninja-forms-req-symbol'><strong>*<\/strong><\/span>\t\t\t\t<\/label>\n\t\t\t<div id=\"ninja_forms_field_48_error\" style=\"display:none;\" class=\"ninja-forms-field-error\">\n\t\t<\/div>\n\t\t\t\t\t\t\t<\/div>\n\t\t\t\t\t\t\t\t\t\t\t\t<div class=\"field-wrap g_recaptcha-wrap label-above\"  id=\"ninja_forms_field_51_div_wrap\" data-visible=\"1\">\n\t\t\t\t\t\t\t<input type=\"hidden\" id=\"ninja_forms_field_51_type\" value=\"g_recaptcha\">\n\t\t<label for=\"ninja_forms_field_51\" id=\"ninja_forms_field_51_label\" class=\"\"> <span class='ninja-forms-req-symbol'><strong>*<\/strong><\/span>\t\t\t\t<\/label>\n\t\t\n\t<input id=\"ninja_forms_field_51\" name=\"ninja_forms_field_51\" type=\"hidden\" class=\"\" value=\"\" rel=\"51\" \/>\n\t\t<div class=\"g-recaptcha\" data-callback=\"recaptcha_set_value_1955147712\" data-sitekey=\"6LdwVwoUAAAAAEm1Zl6_JV_8RqjIxN0NxmMUMQzE\"><\/div>\n            <script type=\"text\/javascript\" src=\"https:\/\/www.google.com\/recaptcha\/api.js?hl=en\">\n            <\/script>\n            <script type=\"text\/javascript\">\n            function recaptcha_set_value_1955147712(inpval){\n            \tjQuery(\"#ninja_forms_field_51\").val(inpval)\n\n            }\n            <\/script>\n\n\t\t\t<div id=\"ninja_forms_field_51_error\" style=\"display:none;\" class=\"ninja-forms-field-error\">\n\t\t<\/div>\n\t\t\t\t\t\t\t<\/div>\n\t\t\t\t\t\t\t\t\t\t\t\t<div class=\"field-wrap submit-wrap label-above\"  id=\"ninja_forms_field_18_div_wrap\" data-visible=\"1\">\n\t\t\t\t\t\t\t<input type=\"hidden\" id=\"ninja_forms_field_18_type\" value=\"submit\">\n\t<div id=\"nf_submit_21\">\n\t\t<input type=\"submit\" name=\"_ninja_forms_field_18\" class=\"ninja-forms-field \" id=\"ninja_forms_field_18\" value=\"Trimite\u0163i\" rel=\"18\" >\n\t<\/div>\n\t<div id=\"nf_processing_21\" style=\"display:none;\">\n\t\t<input type=\"submit\" name=\"_ninja_forms_field_18\" class=\"ninja-forms-field \" id=\"ninja_forms_field_18\" value=\"Proces\u00e2nd formularul\" rel=\"18\" disabled>\n\t<\/div>\n\t\t<div id=\"ninja_forms_field_18_error\" style=\"display:none;\" class=\"ninja-forms-field-error\">\n\t\t<\/div>\n\t\t\t\t\t\t\t<\/div>\n\t\t\t\t\t\t\t<\/div>\n\t\t<\/form>\n\t\t<\/div>\n\t\t<\/div>\n\t\n<h3>Sau une\u015fte-te\u00a0echipei noastre<\/h3>\n<p>Suntem \u00een permanent\u0103 c\u0103utare de oameni entuzia\u015fti, deschi\u015fi \u015fi cu experien\u0163\u0103, \u00een special absolven\u0163i ale sec\u0163iilor universitare de turism.\u00a0<a href=\"https:\/\/www.residenceambient.ro\/ro\/contact\/work-with-us\/\">Afla\u0163i\u00a0mai\u00a0multe<\/a><\/p>\n<p>Datele fiscale:<br \/>\nSC Euro-Tour SRL<br \/>\nCUI \/ VAT : RO11371616<br \/>\nNr. \u00eenregistrare J1999000028080<br \/>\nSt. Aninoasa 5, Brasov, Romania<br \/>\nRON IBAN : RO60BACX0000003009655000<br \/>\nEURO IBAN : RO06BACX0000003009655002<br \/>\nUNICREDIT, BRASOV<br \/>\nSwift: BACXROBU<br \/>\nCertificate de clasificare: 14992 si 30841<\/p>\n<figure id=\"attachment_1715\" aria-describedby=\"caption-attachment-1715\" style=\"width: 150px\" class=\"wp-caption alignnone\"><a href=\"https:\/\/www.residenceambient.ro\/contact\/classification-certificate-residence-apartment\/\"><img loading=\"lazy\" decoding=\"async\" class=\"wp-image-1715 size-thumbnail\" title=\"Certificat clasificare apartament\" src=\"https:\/\/www.residenceambient.ro\/wp-content\/uploads\/2024\/10\/Classification-certificate-residence-apartment-150x150.jpg\" alt=\"Certificat clasificare apartament\" width=\"150\" height=\"150\" \/><\/a><figcaption id=\"caption-attachment-1715\" class=\"wp-caption-text\">Certificat clasificare apartament<\/figcaption><\/figure>\n<figure id=\"attachment_1716\" aria-describedby=\"caption-attachment-1716\" style=\"width: 150px\" class=\"wp-caption alignnone\"><a href=\"https:\/\/www.residenceambient.ro\/contact\/classification-certificate-residence-rooms\/\"><img loading=\"lazy\" decoding=\"async\" class=\"wp-image-1716 size-thumbnail\" title=\"Certificat clasificare camere\" src=\"https:\/\/www.residenceambient.ro\/wp-content\/uploads\/2024\/10\/Classification-certificate-residence-rooms-150x150.jpg\" alt=\"Certificat clasificare camere\" width=\"150\" height=\"150\" \/><\/a><figcaption id=\"caption-attachment-1716\" class=\"wp-caption-text\">Certificat clasificare camere<\/figcaption><\/figure>\n<p>[\/vc_column_text][\/vc_column][\/vc_row][vc_row css=&#8221;.vc_custom_1470397530640{margin-bottom: -200px !important;}&#8221;][vc_column][vc_raw_html]JTNDc2NyaXB0JTIwdHlwZSUzRCUyMnRleHQlMkZqYXZhc2NyaXB0JTIyJTIwc3JjJTNEJTIyaHR0cHMlM0ElMkYlMkZvcGVuLnVwcGVyYm9va2luZy5jb20lMkZhbWJpZW50cmVzaWRlbmNlJTJGQm9va2luZy5qcyUzRmxvY2FsZSUzRHJvJTIyJTNFJTNDJTJGc2NyaXB0JTNF[\/vc_raw_html][\/vc_column][\/vc_row]<\/p>","protected":false},"excerpt":{"rendered":"<p>[vc_row][vc_column width=&#8221;7\/12&#8243;][vc_column_text] Dac\u0103 dori\u0163i s\u0103 realiza\u0163i o rezervare, v\u0103 rug\u0103m s\u0103 consulta\u0163i direct disponibilitatea aici \u0219i ve\u021bi ob\u021bine cel mai [&hellip;]<\/p>\n","protected":false},"author":1,"featured_media":0,"parent":0,"menu_order":7,"comment_status":"closed","ping_status":"closed","template":"page-templates\/contact-2.php","meta":{"footnotes":""},"yst_prominent_words":[],"class_list":["post-30","page","type-page","status-publish","hentry"],"yoast_head":"<!-- This site is optimized with the Yoast SEO Premium plugin v14.0.2 - https:\/\/yoast.com\/wordpress\/plugins\/seo\/ -->\n<title>Contact - Ambient Residence - Bra\u0219ov (Rom\u00e2nia) - Rezerv\u0103 la cel mai bun pre\u021b pentru propriet\u0103\u0163ile Ambient<\/title>\n<meta name=\"robots\" content=\"index, follow\" \/>\n<meta name=\"googlebot\" content=\"index, follow, max-snippet:-1, max-image-preview:large, max-video-preview:-1\" \/>\n<meta name=\"bingbot\" content=\"index, follow, max-snippet:-1, max-image-preview:large, max-video-preview:-1\" \/>\n<link rel=\"canonical\" href=\"https:\/\/www.residenceambient.ro\/contact\/\" \/>\n<meta property=\"og:locale\" content=\"ro_RO\" \/>\n<meta property=\"og:type\" content=\"article\" \/>\n<meta property=\"og:title\" content=\"[:ro]Contact[:en]Contact[:es]Contacto[:de]Kontakt[:] - Ambient Residence - Bra\u0219ov (Rom\u00e2nia) - Rezerv\u0103 la cel mai bun pre\u021b pentru propriet\u0103\u0163ile Ambient\" \/>\n<meta property=\"og:description\" content=\"[vc_row][vc_column width=&#8221;7\/12&#8243;][vc_column_text] Dac\u0103 dori\u0163i s\u0103 realiza\u0163i o rezervare, v\u0103 rug\u0103m s\u0103 consulta\u0163i direct disponibilitatea aici \u0219i ve\u021bi ob\u021bine cel mai [&hellip;]\" \/>\n<meta property=\"og:url\" content=\"https:\/\/www.residenceambient.ro\/contact\/\" \/>\n<meta property=\"og:site_name\" content=\"Ambient Residence - Bra\u0219ov (Rom\u00e2nia) - Rezerv\u0103 la cel mai bun pre\u021b pentru propriet\u0103\u0163ile Ambient\" \/>\n<meta property=\"article:modified_time\" content=\"2025-04-03T20:53:43+00:00\" \/>\n<meta property=\"og:image\" content=\"https:\/\/www.residenceambient.ro\/wp-content\/uploads\/2024\/10\/Classification-certificate-residence-apartment-150x150.jpg\" \/>\n<meta name=\"twitter:card\" content=\"summary_large_image\" \/>\n<script type=\"application\/ld+json\" class=\"yoast-schema-graph\">{\"@context\":\"https:\/\/schema.org\",\"@graph\":[{\"@type\":\"WebSite\",\"@id\":\"https:\/\/www.residenceambient.ro\/ro\/#website\",\"url\":\"https:\/\/www.residenceambient.ro\/ro\/\",\"name\":\"Ambient Residence - Bra\\u0219ov (Rom\\u00e2nia) - Rezerv\\u0103 la cel mai bun pre\\u021b pentru propriet\\u0103\\u0163ile Ambient\",\"description\":\"Site-ul oficial\",\"potentialAction\":[{\"@type\":\"SearchAction\",\"target\":\"https:\/\/www.residenceambient.ro\/ro\/?s={search_term_string}\",\"query-input\":\"required name=search_term_string\"}],\"inLanguage\":\"ro-RO\"},{\"@type\":\"ImageObject\",\"@id\":\"https:\/\/www.residenceambient.ro\/contact\/#primaryimage\",\"inLanguage\":\"ro-RO\",\"url\":\"https:\/\/www.residenceambient.ro\/wp-content\/uploads\/2024\/10\/Classification-certificate-residence-apartment-150x150.jpg\"},{\"@type\":\"WebPage\",\"@id\":\"https:\/\/www.residenceambient.ro\/contact\/#webpage\",\"url\":\"https:\/\/www.residenceambient.ro\/contact\/\",\"name\":\"[:ro]Contact[:en]Contact[:es]Contacto[:de]Kontakt[:] - Ambient Residence - Bra\\u0219ov (Rom\\u00e2nia) - Rezerv\\u0103 la cel mai bun pre\\u021b pentru propriet\\u0103\\u0163ile Ambient\",\"isPartOf\":{\"@id\":\"https:\/\/www.residenceambient.ro\/ro\/#website\"},\"primaryImageOfPage\":{\"@id\":\"https:\/\/www.residenceambient.ro\/contact\/#primaryimage\"},\"datePublished\":\"2016-09-25T13:51:04+00:00\",\"dateModified\":\"2025-04-03T20:53:43+00:00\",\"inLanguage\":\"ro-RO\",\"potentialAction\":[{\"@type\":\"ReadAction\",\"target\":[\"https:\/\/www.residenceambient.ro\/contact\/\"]}]}]}<\/script>\n<!-- \/ Yoast SEO Premium plugin. -->","_links":{"self":[{"href":"https:\/\/www.residenceambient.ro\/ro\/wp-json\/wp\/v2\/pages\/30","targetHints":{"allow":["GET"]}}],"collection":[{"href":"https:\/\/www.residenceambient.ro\/ro\/wp-json\/wp\/v2\/pages"}],"about":[{"href":"https:\/\/www.residenceambient.ro\/ro\/wp-json\/wp\/v2\/types\/page"}],"author":[{"embeddable":true,"href":"https:\/\/www.residenceambient.ro\/ro\/wp-json\/wp\/v2\/users\/1"}],"replies":[{"embeddable":true,"href":"https:\/\/www.residenceambient.ro\/ro\/wp-json\/wp\/v2\/comments?post=30"}],"version-history":[{"count":23,"href":"https:\/\/www.residenceambient.ro\/ro\/wp-json\/wp\/v2\/pages\/30\/revisions"}],"predecessor-version":[{"id":1741,"href":"https:\/\/www.residenceambient.ro\/ro\/wp-json\/wp\/v2\/pages\/30\/revisions\/1741"}],"wp:attachment":[{"href":"https:\/\/www.residenceambient.ro\/ro\/wp-json\/wp\/v2\/media?parent=30"}],"wp:term":[{"taxonomy":"yst_prominent_words","embeddable":true,"href":"https:\/\/www.residenceambient.ro\/ro\/wp-json\/wp\/v2\/yst_prominent_words?post=30"}],"curies":[{"name":"wp","href":"https:\/\/api.w.org\/{rel}","templated":true}]}}