{"id":28,"date":"2016-09-25T16:49:27","date_gmt":"2016-09-25T13:49:27","guid":{"rendered":"http:\/\/residenceambient.hotelsperformance.net\/?page_id=28"},"modified":"2023-11-27T22:09:05","modified_gmt":"2023-11-27T20:09:05","slug":"location","status":"publish","type":"page","link":"https:\/\/www.residenceambient.ro\/ro\/hotel-services\/location\/","title":{"rendered":"Loca\u0163ie"},"content":{"rendered":"<p>[vc_row css=&#8221;.vc_custom_1467972868962{margin-bottom: -120px !important;}&#8221;][vc_column][vc_column_text]<\/p>\n<h1 style=\"text-align: center;\"><span style=\"color: #542f00;\"><small>\u00cen ora\u015ful Bra\u015fov, \u00een inima Transilvaniei, v\u0103 a\u015fteapt\u0103 un loc special, numit Residence.<\/small><\/span><\/h1>\n<p style=\"text-align: center;\">Situat\u0103 \u00een centrul vechi al Bra\u015fovului, Ambient Residence este locul ideal pentru a v\u0103 caza pe durata \u015federii dvs., de unde ve\u0163i putea accesa cu u\u015furin\u0163\u0103 toate atrac\u0163iile turistice din ora\u015f. La doar c\u00e2\u0163iva kilometri ve\u0163i g\u0103si celebrul Castel Bran, unde ve\u0163i putea descoperi faimoasa legend\u0103 &#8221;Dracula &#8221;, minunatul Castel Pele\u015f, re\u015fedin\u0163a regal\u0103, situat\u0103 \u00een ora\u015ful Sinaia, Poiana Bra\u015fov, una dintre cele mai bune 10 sta\u0163iuni de schi din Europa, ora\u015fele Predeal, Sighi\u015foara, F\u0103g\u0103ra\u015f.<\/p>\n<p style=\"text-align: center;\">Bra\u015fovul este unul dintre cele mai importante centre economice \u015fi culturale din Rom\u00e2nia vizitate de turi\u015fti din toate col\u0163urile lumii, care se las\u0103 fascina\u0163i de str\u0103zile sale pline de istorie \u015fi de arhitectura sa \u00een stil renascentist gotic \u015fi baroc.<\/p>\n<p style=\"text-align: center;\">Ambient Residence este situat\u0103 la c\u00e2\u0163iva pa\u015fi de Pia\u0163\u0103 Sfatului \u015fi Biserica Neagr\u0103, unul dintre cele mai reprezentative monumente ale arhitecturii gotice din Rom\u00e2nia.<\/p>\n<p>[\/vc_column_text][\/vc_column][\/vc_row][vc_row css=&#8221;.vc_custom_1467972868962{margin-bottom: -120px !important;}&#8221;][vc_column width=&#8221;1\/6&#8243;][\/vc_column][vc_column width=&#8221;2\/3&#8243; css=&#8221;.vc_custom_1596106198593{margin-top: -10px !important;}&#8221;][vc_column_text]<\/p>\n<div class=\"wpb_wrapper\">\n<h2 class=\"wpb_heading wpb_video_heading\">Vara<\/h2>\n<p style=\"text-align: center;\"><div class=\"epyt-video-wrapper\"><iframe loading=\"lazy\"  style=\"display: block; margin: 0px auto;\"  id=\"_ytid_89466\"  width=\"750\" height=\"422\"  data-origwidth=\"750\" data-origheight=\"422\"  src=\"https:\/\/www.youtube.com\/embed\/a19suRLtGWE?enablejsapi=1&origin=https:\/\/www.residenceambient.ro&autoplay=0&cc_load_policy=0&iv_load_policy=3&loop=0&modestbranding=1&rel=0&fs=1&playsinline=0&autohide=2&theme=dark&color=red&controls=1&\" class=\"__youtube_prefs__  no-lazyload\" title=\"YouTube player\"  allow=\"autoplay; encrypted-media\" allowfullscreen data-no-lazy=\"1\" data-skipgform_ajax_framebjll=\"\"><\/iframe><\/div>\n<\/div>\n<p>[\/vc_column_text][vc_column_text]<\/p>\n<div class=\"wpb_wrapper\">\n<h2 class=\"wpb_heading wpb_video_heading\">Iarna<\/h2>\n<p style=\"text-align: center;\"><div class=\"epyt-video-wrapper\"><iframe loading=\"lazy\"  style=\"display: block; margin: 0px auto;\"  id=\"_ytid_87858\"  width=\"750\" height=\"422\"  data-origwidth=\"750\" data-origheight=\"422\"  src=\"https:\/\/www.youtube.com\/embed\/15Z6fwA3rmM?enablejsapi=1&origin=https:\/\/www.residenceambient.ro&autoplay=0&cc_load_policy=0&iv_load_policy=3&loop=0&modestbranding=1&rel=0&fs=1&playsinline=0&autohide=2&theme=dark&color=red&controls=1&\" class=\"__youtube_prefs__  no-lazyload\" title=\"YouTube player\"  allow=\"autoplay; encrypted-media\" allowfullscreen data-no-lazy=\"1\" data-skipgform_ajax_framebjll=\"\"><\/iframe><\/div>\n<\/div>\n<p>[\/vc_column_text][\/vc_column][vc_column width=&#8221;1\/6&#8243;][\/vc_column][\/vc_row][vc_row][vc_column][vc_empty_space height=&#8221;20px&#8221;][vc_single_image image=&#8221;1191&#8243; img_size=&#8221;medium&#8221; alignment=&#8221;center&#8221; onclick=&#8221;custom_link&#8221; img_link_target=&#8221;_blank&#8221; link=&#8221;https:\/\/www.gpsmycity.com\/gps-tour-guides\/brasov-3530.html?hid=1134&#8243; css=&#8221;.vc_custom_1596105088719{margin-bottom: -50px !important;}&#8221;][\/vc_column][\/vc_row][vc_row css=&#8221;.vc_custom_1470399456447{margin-top: -200px !important;}&#8221;][vc_column][vc_raw_html]JTNDc2NyaXB0JTIwdHlwZSUzRCUyMnRleHQlMkZqYXZhc2NyaXB0JTIyJTIwc3JjJTNEJTIyaHR0cHMlM0ElMkYlMkZvcGVuLnVwcGVyYm9va2luZy5jb20lMkZhbWJpZW50cmVzaWRlbmNlJTJGQm9va2luZy5qcyUzRmxvY2FsZSUzRHJvJTIyJTNFJTNDJTJGc2NyaXB0JTNF[\/vc_raw_html][\/vc_column][\/vc_row]<\/p>","protected":false},"excerpt":{"rendered":"<p>[vc_row css=&#8221;.vc_custom_1467972868962{margin-bottom: -120px !important;}&#8221;][vc_column][vc_column_text] \u00cen ora\u015ful Bra\u015fov, \u00een inima Transilvaniei, v\u0103 a\u015fteapt\u0103 un loc special, numit Residence. Situat\u0103 \u00een centrul [&hellip;]<\/p>\n","protected":false},"author":1,"featured_media":0,"parent":11,"menu_order":5,"comment_status":"closed","ping_status":"closed","template":"page-templates\/contact.php","meta":{"footnotes":""},"yst_prominent_words":[],"class_list":["post-28","page","type-page","status-publish","hentry"],"yoast_head":"<!-- This site is optimized with the Yoast SEO Premium plugin v14.0.2 - https:\/\/yoast.com\/wordpress\/plugins\/seo\/ -->\n<title>Loca\u0163ie - Ambient Residence - Bra\u0219ov (Rom\u00e2nia) - Rezerv\u0103 la cel mai bun pre\u021b pentru propriet\u0103\u0163ile Ambient<\/title>\n<meta name=\"robots\" content=\"index, follow\" \/>\n<meta name=\"googlebot\" content=\"index, follow, max-snippet:-1, max-image-preview:large, max-video-preview:-1\" \/>\n<meta name=\"bingbot\" content=\"index, follow, max-snippet:-1, max-image-preview:large, max-video-preview:-1\" \/>\n<link rel=\"canonical\" href=\"https:\/\/www.residenceambient.ro\/hotel-services\/location\/\" \/>\n<meta property=\"og:locale\" content=\"ro_RO\" \/>\n<meta property=\"og:type\" content=\"article\" \/>\n<meta property=\"og:title\" content=\"[:ro]Loca\u0163ie[:en]Location[:es]Ubicaci\u00f3n[:de]Lage[:] - Ambient Residence - Bra\u0219ov (Rom\u00e2nia) - Rezerv\u0103 la cel mai bun pre\u021b pentru propriet\u0103\u0163ile Ambient\" \/>\n<meta property=\"og:description\" content=\"[vc_row css=&#8221;.vc_custom_1467972868962{margin-bottom: -120px !important;}&#8221;][vc_column][vc_column_text] \u00cen ora\u015ful Bra\u015fov, \u00een inima Transilvaniei, v\u0103 a\u015fteapt\u0103 un loc special, numit Residence. Situat\u0103 \u00een centrul [&hellip;]\" \/>\n<meta property=\"og:url\" content=\"https:\/\/www.residenceambient.ro\/hotel-services\/location\/\" \/>\n<meta property=\"og:site_name\" content=\"Ambient Residence - Bra\u0219ov (Rom\u00e2nia) - Rezerv\u0103 la cel mai bun pre\u021b pentru propriet\u0103\u0163ile Ambient\" \/>\n<meta property=\"article:modified_time\" content=\"2023-11-27T20:09:05+00:00\" \/>\n<meta name=\"twitter:card\" content=\"summary_large_image\" \/>\n<script type=\"application\/ld+json\" class=\"yoast-schema-graph\">{\"@context\":\"https:\/\/schema.org\",\"@graph\":[{\"@type\":\"WebSite\",\"@id\":\"https:\/\/www.residenceambient.ro\/ro\/#website\",\"url\":\"https:\/\/www.residenceambient.ro\/ro\/\",\"name\":\"Ambient Residence - Bra\\u0219ov (Rom\\u00e2nia) - Rezerv\\u0103 la cel mai bun pre\\u021b pentru propriet\\u0103\\u0163ile Ambient\",\"description\":\"Site-ul oficial\",\"potentialAction\":[{\"@type\":\"SearchAction\",\"target\":\"https:\/\/www.residenceambient.ro\/ro\/?s={search_term_string}\",\"query-input\":\"required name=search_term_string\"}],\"inLanguage\":\"ro-RO\"},{\"@type\":\"WebPage\",\"@id\":\"https:\/\/www.residenceambient.ro\/hotel-services\/location\/#webpage\",\"url\":\"https:\/\/www.residenceambient.ro\/hotel-services\/location\/\",\"name\":\"[:ro]Loca\\u0163ie[:en]Location[:es]Ubicaci\\u00f3n[:de]Lage[:] - Ambient Residence - Bra\\u0219ov (Rom\\u00e2nia) - Rezerv\\u0103 la cel mai bun pre\\u021b pentru propriet\\u0103\\u0163ile Ambient\",\"isPartOf\":{\"@id\":\"https:\/\/www.residenceambient.ro\/ro\/#website\"},\"datePublished\":\"2016-09-25T13:49:27+00:00\",\"dateModified\":\"2023-11-27T20:09:05+00:00\",\"inLanguage\":\"ro-RO\",\"potentialAction\":[{\"@type\":\"ReadAction\",\"target\":[\"https:\/\/www.residenceambient.ro\/hotel-services\/location\/\"]}]}]}<\/script>\n<!-- \/ Yoast SEO Premium plugin. -->","_links":{"self":[{"href":"https:\/\/www.residenceambient.ro\/ro\/wp-json\/wp\/v2\/pages\/28","targetHints":{"allow":["GET"]}}],"collection":[{"href":"https:\/\/www.residenceambient.ro\/ro\/wp-json\/wp\/v2\/pages"}],"about":[{"href":"https:\/\/www.residenceambient.ro\/ro\/wp-json\/wp\/v2\/types\/page"}],"author":[{"embeddable":true,"href":"https:\/\/www.residenceambient.ro\/ro\/wp-json\/wp\/v2\/users\/1"}],"replies":[{"embeddable":true,"href":"https:\/\/www.residenceambient.ro\/ro\/wp-json\/wp\/v2\/comments?post=28"}],"version-history":[{"count":27,"href":"https:\/\/www.residenceambient.ro\/ro\/wp-json\/wp\/v2\/pages\/28\/revisions"}],"predecessor-version":[{"id":1657,"href":"https:\/\/www.residenceambient.ro\/ro\/wp-json\/wp\/v2\/pages\/28\/revisions\/1657"}],"up":[{"embeddable":true,"href":"https:\/\/www.residenceambient.ro\/ro\/wp-json\/wp\/v2\/pages\/11"}],"wp:attachment":[{"href":"https:\/\/www.residenceambient.ro\/ro\/wp-json\/wp\/v2\/media?parent=28"}],"wp:term":[{"taxonomy":"yst_prominent_words","embeddable":true,"href":"https:\/\/www.residenceambient.ro\/ro\/wp-json\/wp\/v2\/yst_prominent_words?post=28"}],"curies":[{"name":"wp","href":"https:\/\/api.w.org\/{rel}","templated":true}]}}