{"id":26,"date":"2016-09-25T16:48:23","date_gmt":"2016-09-25T13:48:23","guid":{"rendered":"http:\/\/residenceambient.hotelsperformance.net\/?page_id=26"},"modified":"2025-07-08T01:22:00","modified_gmt":"2025-07-07T22:22:00","slug":"mic-dejun","status":"publish","type":"page","link":"https:\/\/www.residenceambient.ro\/ro\/hotel-services\/mic-dejun\/","title":{"rendered":"Mic Dejun"},"content":{"rendered":"<p>[vc_row disable_element=&#8221;yes&#8221;][vc_column width=&#8221;1\/3&#8243;][vc_single_image image=&#8221;286&#8243; img_size=&#8221;&#8221; alignment=&#8221;center&#8221;][\/vc_column][vc_column width=&#8221;1\/3&#8243;][vc_column_text]<\/p>\n<h3 style=\"text-align: center;\"><span style=\"color: #542f00;\">\u00cencepe\u021bi ziua cu energie!<\/span><\/h3>\n<p style=\"text-align: center;\">Noi cunoa\u015ftem importan\u0163a micului dejun \u015fi de aceea v\u0103 invit\u0103m s\u0103 v\u0103 bucura\u021bi \u00een fiecare diminea\u0163\u0103, de luni p\u00e2n\u0103 s\u00e2mb\u0103t\u0103 \u00eentre 7 \u0219i 11, iar duminic\u0103 \u00eentre 8 \u015fi 11 de micul nostru dejun bufet, la Pensiunea Ambient, care include, printre altele: omlet\u0103 \u0219i ochiuri, br\u00e2nzeturi, mezeluri, hummus, legume, produse lactate, iaurturi, musli, b\u0103uturi r\u0103coritoare, cafea, ap\u0103.<\/p>\n<p>[\/vc_column_text][\/vc_column][vc_column width=&#8221;1\/3&#8243;][vc_single_image image=&#8221;287&#8243; img_size=&#8221;&#8221; alignment=&#8221;center&#8221;][\/vc_column][\/vc_row][vc_row css=&#8221;.vc_custom_1541179344979{margin-top: -100px !important;margin-bottom: -180px !important;}&#8221;][vc_column][vc_separator color=&#8221;custom&#8221; border_width=&#8221;2&#8243; accent_color=&#8221;#542f00&#8243; css=&#8221;.vc_custom_1475263766618{margin-top: -50px !important;margin-bottom: 50px !important;}&#8221;][\/vc_column][\/vc_row][vc_row][vc_column][vc_column_text]<\/p>\n<h3 style=\"text-align: center;\"><a href=\"https:\/\/www.pensiuneambient.ro\/ro\/hotel_services\/breakfast\/\"><span style=\"color: #542f00;\">Mic Dejun Bufet la Pensiunea Ambient<\/span><\/a><\/h3>\n<p style=\"text-align: center;\"><strong>\u00cen cl\u0103direa Pensiunea Ambient (la 5 minute de mers pe jos), v\u0103 pute\u021bi bucura de un <a href=\"https:\/\/www.pensiuneambient.ro\/ro\/hotel_services\/breakfast\/\">mic dejun\u00a0<\/a><\/strong><b>buffet<\/b>.<strong> Cost: 8\u20ac\/persoana<\/strong><\/p>\n<p>[\/vc_column_text][vc_tta_accordion][vc_tta_section i_icon_fontawesome=&#8221;fa fa-coffee&#8221; add_icon=&#8221;true&#8221; title=&#8221;Buffet Pensiunea Ambient&#8221; tab_id=&#8221;1475261878943-209051d0-a8de&#8221;][vc_row_inner][vc_column_inner width=&#8221;1\/3&#8243;][vc_column_text]<\/p>\n<ul>\n<li>Cafea<\/li>\n<li>Ceai<\/li>\n<li>Lapte<\/li>\n<li>Suc de fructe<\/li>\n<li>Ap\u0103 mineral\u0103, ap\u0103 plata<\/li>\n<li>Omlet\u0103<\/li>\n<li>Ochiuri, ochiuri \u00een toast<\/li>\n<li>Ou\u0103 fierte<\/li>\n<li>Cremwursti si c\u00e2rn\u0103ciori pican\u0163i<\/li>\n<li>Tartine variate<\/li>\n<li>Unt, gem, miere<\/li>\n<li>Musli<\/li>\n<li>Gustare \u015func\u0103<\/li>\n<li>Gustare ca\u015fcaval<\/li>\n<\/ul>\n<p>[\/vc_column_text][\/vc_column_inner][vc_column_inner width=&#8221;1\/3&#8243;][vc_column_text]<\/p>\n<ul>\n<li>Gustare br\u00e2nz\u0103 telemea, feta, burduf<\/li>\n<li>Gustare br\u00e2nz\u0103 topit\u0103<\/li>\n<li>Gustare kaizer<\/li>\n<li>Gustare salam<\/li>\n<li>Bruschette cu ro\u015fii \u015fi ca\u015fcaval<\/li>\n<li>Legume (ro\u015fii, castrave\u0163i, ardei, gogo\u015far, ridichi, m\u0103sline)<\/li>\n<li>Iaurt natur, iaurt cu fructe<\/li>\n<li>Crem\u0103 de ciocolat\u0103<\/li>\n<li>Brio\u015fe, biscui\u0163i<\/li>\n<li>Fructe<\/li>\n<\/ul>\n<p>[\/vc_column_text][\/vc_column_inner][vc_column_inner width=&#8221;1\/3&#8243;][vc_single_image image=&#8221;306&#8243; img_size=&#8221;&#8221; alignment=&#8221;right&#8221;][\/vc_column_inner][\/vc_row_inner][\/vc_tta_section][\/vc_tta_accordion][\/vc_column][\/vc_row][vc_row css=&#8221;.vc_custom_1475531130624{margin-top: -100px !important;}&#8221;][vc_column][vc_images_carousel images=&#8221;375,376,377&#8243; speed=&#8221;10000&#8243;][\/vc_column][\/vc_row][vc_row css=&#8221;.vc_custom_1475263824127{margin-top: -60px !important;margin-bottom: -180px !important;}&#8221;][vc_column][vc_separator color=&#8221;custom&#8221; border_width=&#8221;2&#8243; accent_color=&#8221;#542f00&#8243; css=&#8221;.vc_custom_1475263766618{margin-top: -50px !important;margin-bottom: 50px !important;}&#8221;][\/vc_column][\/vc_row][vc_row css=&#8221;.vc_custom_1472672109630{margin-top: -40px !important;margin-bottom: -110px !important;}&#8221;][vc_column width=&#8221;1\/4&#8243;][\/vc_column][vc_column width=&#8221;1\/2&#8243;][vc_column_text]<\/p>\n<h2 class=\"text-center\" style=\"text-align: center;\"><span style=\"color: #542f00;\"><i class='fa fa-fw fa-clock-o fa-lg center-block ' style=''><\/i><\/span>Orarul micului dejun<\/h2>\n<p style=\"text-align: center;\">V\u0103 ve\u021bi putea bucura de fantasticul mic dejun Ambient p\u00e2n\u0103 la ora 11 diminea\u021ba.<\/p>\n<p style=\"text-align: center;\">Mic dejun: 7am &#8211; 11am<\/p>\n<p>[\/vc_column_text][\/vc_column][vc_column width=&#8221;1\/4&#8243;][\/vc_column][\/vc_row][vc_row][vc_column css=&#8221;.vc_custom_1472663865345{margin-bottom: -200px !important;}&#8221;][vc_raw_html css=&#8221;.vc_custom_1491565612016{background-image: url(https:\/\/www.residenceambient.ro\/wp-content\/uploads\/2014\/09\/pensiuneambient.jpg?id=5755) !important;}&#8221;]JTNDc2NyaXB0JTIwdHlwZSUzRCUyMnRleHQlMkZqYXZhc2NyaXB0JTIyJTIwc3JjJTNEJTIyaHR0cHMlM0ElMkYlMkZvcGVuLnVwcGVyYm9va2luZy5jb20lMkZhbWJpZW50cGVuc2l1bmUlMkZCb29raW5nLmpzJTNGbG9jYWxlJTNEZXMlMjIlM0UlM0MlMkZzY3JpcHQlM0U=[\/vc_raw_html][\/vc_column][\/vc_row]<\/p>","protected":false},"excerpt":{"rendered":"<p>[vc_row disable_element=&#8221;yes&#8221;][vc_column width=&#8221;1\/3&#8243;][vc_single_image image=&#8221;286&#8243; img_size=&#8221;&#8221; alignment=&#8221;center&#8221;][\/vc_column][vc_column width=&#8221;1\/3&#8243;][vc_column_text] \u00cencepe\u021bi ziua cu energie! Noi cunoa\u015ftem importan\u0163a micului dejun \u015fi de aceea v\u0103 [&hellip;]<\/p>\n","protected":false},"author":1,"featured_media":0,"parent":11,"menu_order":3,"comment_status":"closed","ping_status":"closed","template":"","meta":{"footnotes":""},"yst_prominent_words":[],"class_list":["post-26","page","type-page","status-publish","hentry"],"yoast_head":"<!-- This site is optimized with the Yoast SEO Premium plugin v14.0.2 - https:\/\/yoast.com\/wordpress\/plugins\/seo\/ -->\n<title>Mic Dejun - Ambient Residence - Bra\u0219ov (Rom\u00e2nia) - Rezerv\u0103 la cel mai bun pre\u021b pentru propriet\u0103\u0163ile Ambient<\/title>\n<meta name=\"robots\" content=\"index, follow\" \/>\n<meta name=\"googlebot\" content=\"index, follow, max-snippet:-1, max-image-preview:large, max-video-preview:-1\" \/>\n<meta name=\"bingbot\" content=\"index, follow, max-snippet:-1, max-image-preview:large, max-video-preview:-1\" \/>\n<link rel=\"canonical\" href=\"https:\/\/www.residenceambient.ro\/hotel-services\/mic-dejun\/\" \/>\n<meta property=\"og:locale\" content=\"ro_RO\" \/>\n<meta property=\"og:type\" content=\"article\" \/>\n<meta property=\"og:title\" content=\"[:ro]Mic Dejun[:en]Breakfast[:es]Desayuno[:de]Fr\u00fchst\u00fcck[:] - Ambient Residence - Bra\u0219ov (Rom\u00e2nia) - Rezerv\u0103 la cel mai bun pre\u021b pentru propriet\u0103\u0163ile Ambient\" \/>\n<meta property=\"og:description\" content=\"[vc_row disable_element=&#8221;yes&#8221;][vc_column width=&#8221;1\/3&#8243;][vc_single_image image=&#8221;286&#8243; img_size=&#8221;&#8221; alignment=&#8221;center&#8221;][\/vc_column][vc_column width=&#8221;1\/3&#8243;][vc_column_text] \u00cencepe\u021bi ziua cu energie! Noi cunoa\u015ftem importan\u0163a micului dejun \u015fi de aceea v\u0103 [&hellip;]\" \/>\n<meta property=\"og:url\" content=\"https:\/\/www.residenceambient.ro\/hotel-services\/mic-dejun\/\" \/>\n<meta property=\"og:site_name\" content=\"Ambient Residence - Bra\u0219ov (Rom\u00e2nia) - Rezerv\u0103 la cel mai bun pre\u021b pentru propriet\u0103\u0163ile Ambient\" \/>\n<meta property=\"article:modified_time\" content=\"2025-07-07T22:22:00+00:00\" \/>\n<meta name=\"twitter:card\" content=\"summary_large_image\" \/>\n<script type=\"application\/ld+json\" class=\"yoast-schema-graph\">{\"@context\":\"https:\/\/schema.org\",\"@graph\":[{\"@type\":\"WebSite\",\"@id\":\"https:\/\/www.residenceambient.ro\/ro\/#website\",\"url\":\"https:\/\/www.residenceambient.ro\/ro\/\",\"name\":\"Ambient Residence - Bra\\u0219ov (Rom\\u00e2nia) - Rezerv\\u0103 la cel mai bun pre\\u021b pentru propriet\\u0103\\u0163ile Ambient\",\"description\":\"Site-ul oficial\",\"potentialAction\":[{\"@type\":\"SearchAction\",\"target\":\"https:\/\/www.residenceambient.ro\/ro\/?s={search_term_string}\",\"query-input\":\"required name=search_term_string\"}],\"inLanguage\":\"ro-RO\"},{\"@type\":\"WebPage\",\"@id\":\"https:\/\/www.residenceambient.ro\/hotel-services\/mic-dejun\/#webpage\",\"url\":\"https:\/\/www.residenceambient.ro\/hotel-services\/mic-dejun\/\",\"name\":\"[:ro]Mic Dejun[:en]Breakfast[:es]Desayuno[:de]Fr\\u00fchst\\u00fcck[:] - Ambient Residence - Bra\\u0219ov (Rom\\u00e2nia) - Rezerv\\u0103 la cel mai bun pre\\u021b pentru propriet\\u0103\\u0163ile Ambient\",\"isPartOf\":{\"@id\":\"https:\/\/www.residenceambient.ro\/ro\/#website\"},\"datePublished\":\"2016-09-25T13:48:23+00:00\",\"dateModified\":\"2025-07-07T22:22:00+00:00\",\"inLanguage\":\"ro-RO\",\"potentialAction\":[{\"@type\":\"ReadAction\",\"target\":[\"https:\/\/www.residenceambient.ro\/hotel-services\/mic-dejun\/\"]}]}]}<\/script>\n<!-- \/ Yoast SEO Premium plugin. -->","_links":{"self":[{"href":"https:\/\/www.residenceambient.ro\/ro\/wp-json\/wp\/v2\/pages\/26","targetHints":{"allow":["GET"]}}],"collection":[{"href":"https:\/\/www.residenceambient.ro\/ro\/wp-json\/wp\/v2\/pages"}],"about":[{"href":"https:\/\/www.residenceambient.ro\/ro\/wp-json\/wp\/v2\/types\/page"}],"author":[{"embeddable":true,"href":"https:\/\/www.residenceambient.ro\/ro\/wp-json\/wp\/v2\/users\/1"}],"replies":[{"embeddable":true,"href":"https:\/\/www.residenceambient.ro\/ro\/wp-json\/wp\/v2\/comments?post=26"}],"version-history":[{"count":103,"href":"https:\/\/www.residenceambient.ro\/ro\/wp-json\/wp\/v2\/pages\/26\/revisions"}],"predecessor-version":[{"id":1811,"href":"https:\/\/www.residenceambient.ro\/ro\/wp-json\/wp\/v2\/pages\/26\/revisions\/1811"}],"up":[{"embeddable":true,"href":"https:\/\/www.residenceambient.ro\/ro\/wp-json\/wp\/v2\/pages\/11"}],"wp:attachment":[{"href":"https:\/\/www.residenceambient.ro\/ro\/wp-json\/wp\/v2\/media?parent=26"}],"wp:term":[{"taxonomy":"yst_prominent_words","embeddable":true,"href":"https:\/\/www.residenceambient.ro\/ro\/wp-json\/wp\/v2\/yst_prominent_words?post=26"}],"curies":[{"name":"wp","href":"https:\/\/api.w.org\/{rel}","templated":true}]}}