{"id":193,"date":"2016-09-28T00:02:40","date_gmt":"2016-09-27T21:02:40","guid":{"rendered":"http:\/\/residenceambient.hotelsperformance.net\/?page_id=193"},"modified":"2022-05-26T21:54:08","modified_gmt":"2022-05-26T18:54:08","slug":"massage","status":"publish","type":"page","link":"https:\/\/www.residenceambient.ro\/ro\/hotel-services\/massage\/","title":{"rendered":"Masaje"},"content":{"rendered":"<p>[vc_row full_width=&#8221;stretch_row&#8221; position=&#8221;right center&#8221; css=&#8221;.vc_custom_1475442441575{background-image: url(https:\/\/www.residenceambient.ro\/wp-content\/uploads\/2016\/09\/massagev003.png?id=334) !important;background-position: 0 0 !important;background-repeat: no-repeat !important;}&#8221; el_class=&#8221;background-none-mobile&#8221;][vc_column width=&#8221;1\/2&#8243;][vc_column_text]<\/p>\n<h2><span style=\"color: #542f00;\">O PL\u0102CERE PENTRU SIM\u0162URI<\/span><\/h2>\n<p>Dup\u0103 o zi de c\u0103l\u0103torie, dup\u0103 plimbarile prin ora\u0219 \u0219i vizitarea celor mai bune locuri din \u00eemprejurimi, v\u0103 invit\u0103m s\u0103 v\u0103 bucura\u0163i de un moment de lini\u015fte.<\/p>\n<p>\u00cen Ambient \u00eentotdeauna ne g\u00e2ndim la bun\u0103starea clien\u021bilor no\u0219tri \u0219i \u0219tim c\u0103 dup\u0103 o zi plin\u0103, nu este nimic mai bun dec\u00e2t un masaj pentru relaxare.<\/p>\n<p>Pentru a v\u0103 face \u0219ederea perfect\u0103, dac\u0103 dori\u021bi, v\u0103 pute\u021bi bucura de un masaj \u00een propria camer\u0103 cu un maseur profesionist, care v\u0103 va ajuta s\u0103 elibera\u0163i tensiunile din zi.[\/vc_column_text][\/vc_column][\/vc_row][vc_row full_width=&#8221;stretch_row&#8221; parallax=&#8221;content-moving&#8221; css=&#8221;.vc_custom_1475441943864{margin-top: -10px !important;margin-bottom: -10px !important;background-image: url(https:\/\/www.residenceambient.ro\/wp-content\/uploads\/2016\/09\/massagev005.jpg?id=322) !important;background-position: center;background-repeat: no-repeat !important;background-size: cover !important;}&#8221; el_class=&#8221;content-padding-mobile-none&#8221;][vc_column width=&#8221;1\/2&#8243; el_class=&#8221;white-box content-padding-xs&#8221;][vc_column_text]<\/p>\n<h1><small><span style=\"color: #542f00;\">MASAJ DE RELAXARE IN CAMERA DVS.<\/span><\/small><\/h1>\n<p>Bucura\u021bi-v\u0103 de un masaj profesionist de relaxare pentru a elimina stresul acumulat \u00een timpul zilei.<\/p>\n<p>Se aplic\u0103 pe \u00eentregului corp, cu presiune u\u015foar\u0103 \u015fi reduce tensiunea, durerile musculare u\u015foare, oferind o senza\u0163ie pl\u0103cut\u0103. Gra\u0163ie aplic\u0103rii cu uleiuri esen\u0163iale, masajul, de asemenea, ajut\u0103 la hidratarea pielii.<\/p>\n<p>Masajul dureaz\u0103 50 de minute \u015fi are un cost de 40\u20ac per persoan\u0103, se efectueaz\u0103 \u00een camera oaspetelui \u0219i maseurul vine cu o mas\u0103 de masaj portabil\u0103.[\/vc_column_text][\/vc_column][\/vc_row][vc_row css=&#8221;.vc_custom_1475442270722{margin-top: -180px !important;margin-bottom: -10px !important;}&#8221;][vc_column css=&#8221;.vc_custom_1472400413378{margin-top: 170px !important;margin-bottom: 10px !important;}&#8221;][vc_separator color=&#8221;custom&#8221; border_width=&#8221;2&#8243; accent_color=&#8221;#542f00&#8243;][\/vc_column][\/vc_row][vc_row css=&#8221;.vc_custom_1470397530640{margin-bottom: -200px !important;}&#8221;][vc_column][vc_raw_html]JTNDc2NyaXB0JTIwdHlwZSUzRCUyMnRleHQlMkZqYXZhc2NyaXB0JTIyJTIwc3JjJTNEJTIyaHR0cHMlM0ElMkYlMkZvcGVuLnVwcGVyYm9va2luZy5jb20lMkZhbWJpZW50cmVzaWRlbmNlJTJGQm9va2luZy5qcyUzRmxvY2FsZSUzRHJvJTIyJTNFJTNDJTJGc2NyaXB0JTNF[\/vc_raw_html][\/vc_column][\/vc_row]<\/p>","protected":false},"excerpt":{"rendered":"<p>[vc_row full_width=&#8221;stretch_row&#8221; position=&#8221;right center&#8221; css=&#8221;.vc_custom_1475442441575{background-image: url(https:\/\/www.residenceambient.ro\/wp-content\/uploads\/2016\/09\/massagev003.png?id=334) !important;background-position: 0 0 !important;background-repeat: no-repeat !important;}&#8221; el_class=&#8221;background-none-mobile&#8221;][vc_column width=&#8221;1\/2&#8243;][vc_column_text] O PL\u0102CERE PENTRU SIM\u0162URI Dup\u0103 o [&hellip;]<\/p>\n","protected":false},"author":1,"featured_media":0,"parent":11,"menu_order":4,"comment_status":"closed","ping_status":"closed","template":"","meta":{"footnotes":""},"yst_prominent_words":[],"class_list":["post-193","page","type-page","status-publish","hentry"],"yoast_head":"<!-- This site is optimized with the Yoast SEO Premium plugin v14.0.2 - https:\/\/yoast.com\/wordpress\/plugins\/seo\/ -->\n<title>Masaje - Ambient Residence - Bra\u0219ov (Rom\u00e2nia) - Rezerv\u0103 la cel mai bun pre\u021b pentru propriet\u0103\u0163ile Ambient<\/title>\n<meta name=\"robots\" content=\"index, follow\" \/>\n<meta name=\"googlebot\" content=\"index, follow, max-snippet:-1, max-image-preview:large, max-video-preview:-1\" \/>\n<meta name=\"bingbot\" content=\"index, follow, max-snippet:-1, max-image-preview:large, max-video-preview:-1\" \/>\n<link rel=\"canonical\" href=\"https:\/\/www.residenceambient.ro\/hotel-services\/massage\/\" \/>\n<meta property=\"og:locale\" content=\"ro_RO\" \/>\n<meta property=\"og:type\" content=\"article\" \/>\n<meta property=\"og:title\" content=\"[:ro]Masaje[:en]Massage[:es]Masajes[:de]Massage[:] - Ambient Residence - Bra\u0219ov (Rom\u00e2nia) - Rezerv\u0103 la cel mai bun pre\u021b pentru propriet\u0103\u0163ile Ambient\" \/>\n<meta property=\"og:description\" content=\"[vc_row full_width=&#8221;stretch_row&#8221; position=&#8221;right center&#8221; css=&#8221;.vc_custom_1475442441575{background-image: url(https:\/\/www.residenceambient.ro\/wp-content\/uploads\/2016\/09\/massagev003.png?id=334) !important;background-position: 0 0 !important;background-repeat: no-repeat !important;}&#8221; el_class=&#8221;background-none-mobile&#8221;][vc_column width=&#8221;1\/2&#8243;][vc_column_text] O PL\u0102CERE PENTRU SIM\u0162URI Dup\u0103 o [&hellip;]\" \/>\n<meta property=\"og:url\" content=\"https:\/\/www.residenceambient.ro\/hotel-services\/massage\/\" \/>\n<meta property=\"og:site_name\" content=\"Ambient Residence - Bra\u0219ov (Rom\u00e2nia) - Rezerv\u0103 la cel mai bun pre\u021b pentru propriet\u0103\u0163ile Ambient\" \/>\n<meta property=\"article:modified_time\" content=\"2022-05-26T18:54:08+00:00\" \/>\n<meta name=\"twitter:card\" content=\"summary_large_image\" \/>\n<script type=\"application\/ld+json\" class=\"yoast-schema-graph\">{\"@context\":\"https:\/\/schema.org\",\"@graph\":[{\"@type\":\"WebSite\",\"@id\":\"https:\/\/www.residenceambient.ro\/ro\/#website\",\"url\":\"https:\/\/www.residenceambient.ro\/ro\/\",\"name\":\"Ambient Residence - Bra\\u0219ov (Rom\\u00e2nia) - Rezerv\\u0103 la cel mai bun pre\\u021b pentru propriet\\u0103\\u0163ile Ambient\",\"description\":\"Site-ul oficial\",\"potentialAction\":[{\"@type\":\"SearchAction\",\"target\":\"https:\/\/www.residenceambient.ro\/ro\/?s={search_term_string}\",\"query-input\":\"required name=search_term_string\"}],\"inLanguage\":\"ro-RO\"},{\"@type\":\"WebPage\",\"@id\":\"https:\/\/www.residenceambient.ro\/hotel-services\/massage\/#webpage\",\"url\":\"https:\/\/www.residenceambient.ro\/hotel-services\/massage\/\",\"name\":\"[:ro]Masaje[:en]Massage[:es]Masajes[:de]Massage[:] - Ambient Residence - Bra\\u0219ov (Rom\\u00e2nia) - Rezerv\\u0103 la cel mai bun pre\\u021b pentru propriet\\u0103\\u0163ile Ambient\",\"isPartOf\":{\"@id\":\"https:\/\/www.residenceambient.ro\/ro\/#website\"},\"datePublished\":\"2016-09-27T21:02:40+00:00\",\"dateModified\":\"2022-05-26T18:54:08+00:00\",\"inLanguage\":\"ro-RO\",\"potentialAction\":[{\"@type\":\"ReadAction\",\"target\":[\"https:\/\/www.residenceambient.ro\/hotel-services\/massage\/\"]}]}]}<\/script>\n<!-- \/ Yoast SEO Premium plugin. -->","_links":{"self":[{"href":"https:\/\/www.residenceambient.ro\/ro\/wp-json\/wp\/v2\/pages\/193","targetHints":{"allow":["GET"]}}],"collection":[{"href":"https:\/\/www.residenceambient.ro\/ro\/wp-json\/wp\/v2\/pages"}],"about":[{"href":"https:\/\/www.residenceambient.ro\/ro\/wp-json\/wp\/v2\/types\/page"}],"author":[{"embeddable":true,"href":"https:\/\/www.residenceambient.ro\/ro\/wp-json\/wp\/v2\/users\/1"}],"replies":[{"embeddable":true,"href":"https:\/\/www.residenceambient.ro\/ro\/wp-json\/wp\/v2\/comments?post=193"}],"version-history":[{"count":28,"href":"https:\/\/www.residenceambient.ro\/ro\/wp-json\/wp\/v2\/pages\/193\/revisions"}],"predecessor-version":[{"id":1501,"href":"https:\/\/www.residenceambient.ro\/ro\/wp-json\/wp\/v2\/pages\/193\/revisions\/1501"}],"up":[{"embeddable":true,"href":"https:\/\/www.residenceambient.ro\/ro\/wp-json\/wp\/v2\/pages\/11"}],"wp:attachment":[{"href":"https:\/\/www.residenceambient.ro\/ro\/wp-json\/wp\/v2\/media?parent=193"}],"wp:term":[{"taxonomy":"yst_prominent_words","embeddable":true,"href":"https:\/\/www.residenceambient.ro\/ro\/wp-json\/wp\/v2\/yst_prominent_words?post=193"}],"curies":[{"name":"wp","href":"https:\/\/api.w.org\/{rel}","templated":true}]}}