{"id":17,"date":"2016-09-25T16:35:34","date_gmt":"2016-09-25T13:35:34","guid":{"rendered":"http:\/\/residenceambient.hotelsperformance.net\/?page_id=17"},"modified":"2023-08-21T18:17:00","modified_gmt":"2023-08-21T15:17:00","slug":"conference-hall-2","status":"publish","type":"page","link":"https:\/\/www.residenceambient.ro\/ro\/hotel-services\/conference-hall-2\/","title":{"rendered":"Sala de Conferin\u021be"},"content":{"rendered":"<p>[vc_row][vc_column width=&#8221;2\/3&#8243;][vc_column_text]<\/p>\n<h1><small><span style=\"color: #542f00;\">Sala de conferin\u0163e \u015fi echipa noastr\u0103 vor face ca evenimentul s\u0103 fie perfect.<\/span><\/small><\/h1>\n<p>\u00cen Ambient Grup avem o vast\u0103 experien\u0163\u0103 \u00een organizarea de evenimente \u015fi cu o sal\u0103 de conferin\u0163e complet echipat\u0103, ve\u0163i realiza evenimentul pe care l-a\u0163i planificat rapid, eficient \u015fi cu un rezultat magnific.<\/p>\n<p>Sala de conferin\u0163e dispune de toate echipamentele de care a\u0163i putea avea nevoie: proiector, videoproiector, televizor, aer condi\u0163ionat, \u00eenc\u0103lzire, servicii de catering, etc.[\/vc_column_text][\/vc_column][\/vc_row][vc_row css=&#8221;.vc_custom_1475605367574{margin-top: -150px !important;}&#8221;][vc_column width=&#8221;1\/2&#8243;][vc_images_carousel images=&#8221;341,342,343&#8243; speed=&#8221;10000&#8243;][\/vc_column][vc_column width=&#8221;1\/2&#8243;][vc_column_text css=&#8221;.vc_custom_1476102081662{margin-left: 60px !important;}&#8221;]<\/p>\n<h4><span style=\"color: #542f00;\">Dispozi\u0163ie<\/span><\/h4>\n<p>[\/vc_column_text][vc_row_inner][vc_column_inner width=&#8221;1\/4&#8243;][vc_column_text]<\/p>\n<table class=\"table table-responsive\">\n<tbody>\n<tr>\n<td align=\"center\" valign=\"top\"><small><span style=\"font-family: Helvetica, Arial, sans-serif;\">Teatru<\/span><\/small><\/td>\n<\/tr>\n<tr>\n<td align=\"center\" valign=\"top\"><small><span style=\"font-family: Helvetica, Arial, sans-serif;\"><img loading=\"lazy\" decoding=\"async\" src=\"https:\/\/www.residenceambient.ro\/wp-content\/uploads\/2023\/08\/Teatro.png\" alt=\"Teatro\" width=\"60\" height=\"60\" \/><br \/>\n<\/span><\/small><\/td>\n<\/tr>\n<tr>\n<td align=\"center\" valign=\"top\"><small><span style=\"font-family: Helvetica, Arial, sans-serif;\">37 persoane<br \/>\n<\/span><\/small><\/td>\n<\/tr>\n<\/tbody>\n<\/table>\n<p>[\/vc_column_text][\/vc_column_inner][vc_column_inner width=&#8221;1\/4&#8243;][vc_column_text]<\/p>\n<table class=\"table table-responsive\">\n<tbody>\n<tr>\n<td align=\"center\" valign=\"top\"><small><span style=\"font-family: Helvetica, Arial, sans-serif;\">Form\u0103 de U<\/span><\/small><\/td>\n<\/tr>\n<tr>\n<td align=\"center\" valign=\"top\"><small><span style=\"font-family: Helvetica, Arial, sans-serif;\"><img loading=\"lazy\" decoding=\"async\" src=\"https:\/\/www.residenceambient.ro\/wp-content\/uploads\/2023\/08\/FormaU-1.png\" alt=\"Forma de U\" width=\"60\" height=\"60\" \/><\/span><\/small><\/td>\n<\/tr>\n<tr>\n<td align=\"center\" valign=\"top\"><small><span style=\"font-family: Helvetica, Arial, sans-serif;\">22 persoane<\/span><\/small><\/td>\n<\/tr>\n<\/tbody>\n<\/table>\n<p>[\/vc_column_text][\/vc_column_inner][vc_column_inner width=&#8221;1\/4&#8243;][vc_column_text]<\/p>\n<table class=\"table table-responsive\">\n<tbody>\n<tr>\n<td align=\"center\" valign=\"top\"><small><span style=\"font-family: Helvetica, Arial, sans-serif;\">Sal\u0103 de clas\u0103<\/span><\/small><\/td>\n<\/tr>\n<tr>\n<td align=\"center\" valign=\"top\"><small><span style=\"font-family: Helvetica, Arial, sans-serif;\"><img loading=\"lazy\" decoding=\"async\" src=\"https:\/\/www.residenceambient.ro\/wp-content\/uploads\/2023\/08\/Clase-1.png\" alt=\"Clase\" width=\"60\" height=\"60\" \/><\/span><\/small><\/td>\n<\/tr>\n<tr>\n<td align=\"center\" valign=\"top\"><small><span style=\"font-family: Helvetica, Arial, sans-serif;\">18 persoane<\/span><\/small><\/td>\n<\/tr>\n<\/tbody>\n<\/table>\n<p>[\/vc_column_text][\/vc_column_inner][vc_column_inner width=&#8221;1\/4&#8243;][vc_column_text]<\/p>\n<table class=\"table table-responsive\">\n<tbody>\n<tr>\n<td align=\"center\" valign=\"top\"><small><span style=\"font-family: Helvetica, Arial, sans-serif;\">Mas\u0103 Rotund\u0103<br \/>\n<\/span><\/small><\/td>\n<\/tr>\n<tr>\n<td align=\"center\" valign=\"top\"><small><span style=\"font-family: Helvetica, Arial, sans-serif;\"><img loading=\"lazy\" decoding=\"async\" src=\"https:\/\/www.residenceambient.ro\/wp-content\/uploads\/2023\/08\/mesaredonda.png\" alt=\"mesa\" width=\"60\" height=\"60\" \/><br \/>\n<\/span><\/small><\/td>\n<\/tr>\n<tr>\n<td align=\"center\" valign=\"top\"><small><span style=\"font-family: Helvetica, Arial, sans-serif;\">25 persoane<\/span><\/small><\/td>\n<\/tr>\n<\/tbody>\n<\/table>\n<p>[\/vc_column_text][\/vc_column_inner][\/vc_row_inner][\/vc_column][\/vc_row][vc_row css=&#8221;.vc_custom_1475605386744{margin-top: -150px !important;}&#8221;][vc_column width=&#8221;1\/4&#8243;][vc_column_text]<\/p>\n<h4><span style=\"color: #542f00;\">Dimensiuni<\/span><\/h4>\n<ul class=\"list-pointer\">\n<li>Lungime: 8,9 metri<\/li>\n<li>L\u0103\u021bime: 6,5 metri<\/li>\n<li>Suprafa\u0163\u0103: 55\u00a0de metri p\u0103tra\u021bi<\/li>\n<li>\u00cen\u0103l\u021bimea maxima: 5\u00a0metri<\/li>\n<li>\u00cen\u0103l\u021bimea minim\u0103: 2,5 metri<\/li>\n<\/ul>\n<p>[\/vc_column_text][\/vc_column][vc_column width=&#8221;1\/4&#8243;][vc_column_text]<\/p>\n<h4><span style=\"color: #542f00;\">Facilit\u0103\u0163i<\/span><\/h4>\n<ul class=\"list-pointer\">\n<li>Aer condi\u0163ionat, Clim\u0103 cu 2 zone<\/li>\n<li>Lumin\u0103 natural\u0103<\/li>\n<li>\u00centunecare<\/li>\n<li>Servicii de catering<\/li>\n<\/ul>\n<p>[\/vc_column_text][\/vc_column][vc_column width=&#8221;1\/4&#8243;][vc_column_text]<\/p>\n<h4><span style=\"color: #542f00;\">Echipament<\/span><\/h4>\n<ul class=\"list-pointer\">\n<li>Acces internet wireless<\/li>\n<li>Flipchart, hartie, markere<\/li>\n<li>Whiteboard<\/li>\n<li>Ecran de protec\u0163ie<\/li>\n<li>Videoproiector<\/li>\n<li>Laptop, PC &#8211; la cerere<\/li>\n<li>Imprimant\u0103, copiator, fax &#8211; op\u0163ional<\/li>\n<li>Sistem pentru video sau audio conferin\u0163\u0103 &#8211; op\u0163ional<\/li>\n<\/ul>\n<p>[\/vc_column_text][\/vc_column][vc_column width=&#8221;1\/4&#8243;][vc_column_text]<\/p>\n<h4><span style=\"color: #542f00;\">Parcare<\/span><\/h4>\n<p>Parcare public\u0103 de plat\u0103 \u00een fa\u0163\u0103 Residence Ambient<\/p>\n<ul class=\"list-pointer\">\n<li>Pre\u021bul pe zi: 20 Lei\/Autoturism<\/li>\n<li>Pre\u021bul pe or\u0103: 2 Lei\/Autoturism<\/li>\n<\/ul>\n<p>[\/vc_column_text][\/vc_column][\/vc_row][vc_row css=&#8221;.vc_custom_1472388206669{margin-bottom: -70px !important;}&#8221;][vc_column css=&#8221;.vc_custom_1472388503812{margin-top: -120px !important;margin-bottom: -60px !important;}&#8221;][vc_separator color=&#8221;custom&#8221; border_width=&#8221;2&#8243; accent_color=&#8221;#542f00&#8243;][\/vc_column][\/vc_row][vc_row css=&#8221;.vc_custom_1472387681159{margin-top: -130px !important;margin-bottom: -50px !important;}&#8221;][vc_column css=&#8221;.vc_custom_1472388580844{margin-top: -90px !important;}&#8221;][vc_column_text]<\/p>\n<h2 class=\"text-center\" style=\"text-align: center;\"><span style=\"color: #542f00;\"><i class='fa fa-fw fa-book center-block ' style=''><\/i><\/span>Rezerv\u0103ri \u0219i informa\u021bii<\/h2>\n<p style=\"text-align: center;\">Suntem la dispozi\u021bia dumneavoastr\u0103 pentru a s\u0103rb\u0103tori \u00eempreun\u0103 un eveniment de succes.<\/p>\n<p style=\"text-align: center;\"><a href=\"tel:004 0771796069\">004 0771 796 069<\/a><br \/>\n<a href=\"mailto:office@residenceambient.ro\">office@residenceambient.ro<\/a><\/p>\n<p>[\/vc_column_text][\/vc_column][\/vc_row][vc_row css=&#8221;.vc_custom_1470397530640{margin-bottom: -200px !important;}&#8221;][vc_column][vc_raw_html]JTNDc2NyaXB0JTIwdHlwZSUzRCUyMnRleHQlMkZqYXZhc2NyaXB0JTIyJTIwc3JjJTNEJTIyaHR0cHMlM0ElMkYlMkZvcGVuLnVwcGVyYm9va2luZy5jb20lMkZhbWJpZW50cmVzaWRlbmNlJTJGQm9va2luZy5qcyUzRmxvY2FsZSUzRHJvJTIyJTNFJTNDJTJGc2NyaXB0JTNF[\/vc_raw_html][\/vc_column][\/vc_row]<\/p>","protected":false},"excerpt":{"rendered":"<p>[vc_row][vc_column width=&#8221;2\/3&#8243;][vc_column_text] Sala de conferin\u0163e \u015fi echipa noastr\u0103 vor face ca evenimentul s\u0103 fie perfect. \u00cen Ambient Grup avem o [&hellip;]<\/p>\n","protected":false},"author":1,"featured_media":0,"parent":11,"menu_order":1,"comment_status":"closed","ping_status":"closed","template":"","meta":{"footnotes":""},"yst_prominent_words":[157,129,156,159,153,165,155,169,171,162,168,154,161,158,170,163,160,164,167,166],"class_list":["post-17","page","type-page","status-publish","hentry"],"yoast_head":"<!-- This site is optimized with the Yoast SEO Premium plugin v14.0.2 - https:\/\/yoast.com\/wordpress\/plugins\/seo\/ -->\n<title>Sala de Conferin\u021be - Ambient Residence - Bra\u0219ov (Rom\u00e2nia) - Rezerv\u0103 la cel mai bun pre\u021b pentru propriet\u0103\u0163ile Ambient<\/title>\n<meta name=\"robots\" content=\"index, follow\" \/>\n<meta name=\"googlebot\" content=\"index, follow, max-snippet:-1, max-image-preview:large, max-video-preview:-1\" \/>\n<meta name=\"bingbot\" content=\"index, follow, max-snippet:-1, max-image-preview:large, max-video-preview:-1\" \/>\n<link rel=\"canonical\" href=\"https:\/\/www.residenceambient.ro\/hotel-services\/conference-hall-2\/\" \/>\n<meta property=\"og:locale\" content=\"ro_RO\" \/>\n<meta property=\"og:type\" content=\"article\" \/>\n<meta property=\"og:title\" content=\"[:ro]Sala de Conferin\u021be[:en]Conference Hall[:es]Sala de conferencias[:de]Konferenzsaal[:] - Ambient Residence - Bra\u0219ov (Rom\u00e2nia) - Rezerv\u0103 la cel mai bun pre\u021b pentru propriet\u0103\u0163ile Ambient\" \/>\n<meta property=\"og:description\" content=\"[vc_row][vc_column width=&#8221;2\/3&#8243;][vc_column_text] Sala de conferin\u0163e \u015fi echipa noastr\u0103 vor face ca evenimentul s\u0103 fie perfect. \u00cen Ambient Grup avem o [&hellip;]\" \/>\n<meta property=\"og:url\" content=\"https:\/\/www.residenceambient.ro\/hotel-services\/conference-hall-2\/\" \/>\n<meta property=\"og:site_name\" content=\"Ambient Residence - Bra\u0219ov (Rom\u00e2nia) - Rezerv\u0103 la cel mai bun pre\u021b pentru propriet\u0103\u0163ile Ambient\" \/>\n<meta property=\"article:modified_time\" content=\"2023-08-21T15:17:00+00:00\" \/>\n<meta property=\"og:image\" content=\"https:\/\/www.residenceambient.ro\/wp-content\/uploads\/2023\/08\/Teatro.png\" \/>\n<meta name=\"twitter:card\" content=\"summary_large_image\" \/>\n<script type=\"application\/ld+json\" class=\"yoast-schema-graph\">{\"@context\":\"https:\/\/schema.org\",\"@graph\":[{\"@type\":\"WebSite\",\"@id\":\"https:\/\/www.residenceambient.ro\/ro\/#website\",\"url\":\"https:\/\/www.residenceambient.ro\/ro\/\",\"name\":\"Ambient Residence - Bra\\u0219ov (Rom\\u00e2nia) - Rezerv\\u0103 la cel mai bun pre\\u021b pentru propriet\\u0103\\u0163ile Ambient\",\"description\":\"Site-ul oficial\",\"potentialAction\":[{\"@type\":\"SearchAction\",\"target\":\"https:\/\/www.residenceambient.ro\/ro\/?s={search_term_string}\",\"query-input\":\"required name=search_term_string\"}],\"inLanguage\":\"ro-RO\"},{\"@type\":\"ImageObject\",\"@id\":\"https:\/\/www.residenceambient.ro\/hotel-services\/conference-hall-2\/#primaryimage\",\"inLanguage\":\"ro-RO\",\"url\":\"https:\/\/www.residenceambient.ro\/wp-content\/uploads\/2023\/08\/Teatro.png\",\"width\":60,\"height\":60},{\"@type\":\"WebPage\",\"@id\":\"https:\/\/www.residenceambient.ro\/hotel-services\/conference-hall-2\/#webpage\",\"url\":\"https:\/\/www.residenceambient.ro\/hotel-services\/conference-hall-2\/\",\"name\":\"[:ro]Sala de Conferin\\u021be[:en]Conference Hall[:es]Sala de conferencias[:de]Konferenzsaal[:] - Ambient Residence - Bra\\u0219ov (Rom\\u00e2nia) - Rezerv\\u0103 la cel mai bun pre\\u021b pentru propriet\\u0103\\u0163ile Ambient\",\"isPartOf\":{\"@id\":\"https:\/\/www.residenceambient.ro\/ro\/#website\"},\"primaryImageOfPage\":{\"@id\":\"https:\/\/www.residenceambient.ro\/hotel-services\/conference-hall-2\/#primaryimage\"},\"datePublished\":\"2016-09-25T13:35:34+00:00\",\"dateModified\":\"2023-08-21T15:17:00+00:00\",\"inLanguage\":\"ro-RO\",\"potentialAction\":[{\"@type\":\"ReadAction\",\"target\":[\"https:\/\/www.residenceambient.ro\/hotel-services\/conference-hall-2\/\"]}]}]}<\/script>\n<!-- \/ Yoast SEO Premium plugin. -->","_links":{"self":[{"href":"https:\/\/www.residenceambient.ro\/ro\/wp-json\/wp\/v2\/pages\/17","targetHints":{"allow":["GET"]}}],"collection":[{"href":"https:\/\/www.residenceambient.ro\/ro\/wp-json\/wp\/v2\/pages"}],"about":[{"href":"https:\/\/www.residenceambient.ro\/ro\/wp-json\/wp\/v2\/types\/page"}],"author":[{"embeddable":true,"href":"https:\/\/www.residenceambient.ro\/ro\/wp-json\/wp\/v2\/users\/1"}],"replies":[{"embeddable":true,"href":"https:\/\/www.residenceambient.ro\/ro\/wp-json\/wp\/v2\/comments?post=17"}],"version-history":[{"count":42,"href":"https:\/\/www.residenceambient.ro\/ro\/wp-json\/wp\/v2\/pages\/17\/revisions"}],"predecessor-version":[{"id":1633,"href":"https:\/\/www.residenceambient.ro\/ro\/wp-json\/wp\/v2\/pages\/17\/revisions\/1633"}],"up":[{"embeddable":true,"href":"https:\/\/www.residenceambient.ro\/ro\/wp-json\/wp\/v2\/pages\/11"}],"wp:attachment":[{"href":"https:\/\/www.residenceambient.ro\/ro\/wp-json\/wp\/v2\/media?parent=17"}],"wp:term":[{"taxonomy":"yst_prominent_words","embeddable":true,"href":"https:\/\/www.residenceambient.ro\/ro\/wp-json\/wp\/v2\/yst_prominent_words?post=17"}],"curies":[{"name":"wp","href":"https:\/\/api.w.org\/{rel}","templated":true}]}}