{"id":1076,"date":"2018-06-20T21:33:31","date_gmt":"2018-06-20T18:33:31","guid":{"rendered":"https:\/\/www.residenceambient.ro\/?page_id=1076"},"modified":"2018-06-25T23:40:34","modified_gmt":"2018-06-25T20:40:34","slug":"politica-de-cookies","status":"publish","type":"page","link":"https:\/\/www.residenceambient.ro\/ro\/contact\/politica-de-cookies\/","title":{"rendered":"Politic\u0103 de Cookies"},"content":{"rendered":"<p>[vc_row][vc_column][vc_column_text]<\/p>\n<h2 style=\"text-align: center;\"><span style=\"color: #542f00;\">POLITIC\u0102 COOKIES<\/span><small><\/small><\/h2>\n<p style=\"text-align: center;\">Data intr\u0103rii \u00een vigoare: 25 mai 2018<\/p>\n<p>Site-ul S.C EURO TOUR S.R.L. (denumit \u00een continuare &#8222;Site&#8221;) folose\u0219te Cookies. Fi\u0219ierele cookie sunt fi\u0219iere trimise unui browser prin intermediul unui server web pentru a \u00eenregistra activit\u0103\u021bile utilizatorului pe un anumit site web. Primul scop al cookie-urilor este de a oferi utilizatorului acces mai rapid la serviciile selectate. \u00cen plus, cookie-urile personalizeaz\u0103 serviciile oferite de Site, facilit\u00e2nd \u0219i oferind fiec\u0103rui utilizator informa\u021bii care prezint\u0103 interes sau care pot fi de interes, \u00een aten\u021bia utiliz\u0103rii serviciilor.<\/p>\n<p>Site-ul folose\u0219te cookie-uri pentru a personaliza \u0219i a facilita navigarea utilizatorului c\u00e2t mai mult posibil. Cookie-urile sunt asociate doar cu un utilizator anonim \u0219i cu calculatorul lui \u0219i nu ofer\u0103 referin\u021be care s\u0103 permit\u0103 deducerea datelor personale ale utilizatorului. Utilizatorul poate s\u0103-\u0219i configureze browser-ul pentru a notifica \u0219i respinge instalarea cookie-urilor trimise de Site, f\u0103r\u0103 a afecta abilitatea utilizatorului de a accesa con\u021binutul respectivului site.<strong> Cu toate acestea, am dori s\u0103 subliniem faptul c\u0103, \u00een acest caz, calitatea func\u021bion\u0103rii site-ului poate sc\u0103dea.<\/strong><\/p>\n<p>Utilizatorii \u00eenregistra\u021bi, care se \u00eenregistreaz\u0103 sau s-au conectat, pot beneficia de servicii personalizate orientate spre profilul lor, datorit\u0103 combin\u0103rii datelor stocate \u00een cookie-uri cu datele personale utilizate la momentul \u00eenregistr\u0103rii. Ace\u0219ti utilizatori autorizeaz\u0103 \u00een mod expres utilizarea acestor informa\u021bii \u00een scopul indicat, f\u0103r\u0103 atingerea dreptului acestora de a refuza sau de a dezactiva utilizarea cookie-urilor.<\/p>\n<p>De asemenea, Site-ul va putea cunoa\u0219te toate serviciile solicitate de utilizatori, astfel \u00eenc\u00e2t acesta s\u0103 poat\u0103 oferi informa\u021bii adecvate gusturilor \u0219i preferin\u021belor fiec\u0103rui utilizator.<\/p>\n<p><strong>CE TIPURI DE COOKIE-URI EXIST\u0102?<\/strong><\/p>\n<p>Cookie-urile, \u00een func\u021bie de permanen\u021ba lor, pot fi \u00eemp\u0103r\u021bite \u00een:<\/p>\n<p>\u2022 &#8222;Cookies pentru sesiuni&#8221;: sunt primele care expir\u0103 atunci c\u00e2nd utilizatorul \u00eenchide browserul.<\/p>\n<p>\u2022 &#8222;Cookies persistente&#8221;: sunt urm\u0103toarele care expir\u0103, \u00een func\u021bie de momentul \u00een care este \u00eendeplinit scopul pentru care servesc (de exemplu, pentru ca utilizatorul s\u0103 r\u0103m\u00e2n\u0103 identificat \u00een Servicii) sau atunci c\u00e2nd acestea sunt \u0219terse manual.<\/p>\n<p>\u00cen plus, \u00een func\u021bie de obiectivul lor, cookie-urile pot fi clasificate dup\u0103 cum urmeaz\u0103:<\/p>\n<p>\u2022<strong> Cookie-uri de performan\u021b\u0103:<\/strong> acest tip de modul cookie \u00ee\u0219i aminte\u0219te preferin\u021bele pentru instrumentele g\u0103site \u00een servicii, astfel \u00eenc\u00e2t nu trebuie s\u0103 reconfigura\u021bi serviciul de fiecare dat\u0103 c\u00e2nd vizita\u021bi site-ul. De exemplu, aceast\u0103 tipologie include: Set\u0103rile de volum ale playerelor video sau audio; Vitezele de transmisie ale video-urilor care sunt compatibile cu browserul dvs.<\/p>\n<p>\u2022 <strong>Cookies de Geoloca\u021bii:<\/strong> Aceste cookie-uri sunt folosite pentru a afla \u00een ce \u021bar\u0103 v\u0103 afla\u021bi atunci c\u00e2nd este solicitat un serviciu. Acest modul cookie este complet anonim \u0219i este folosit numai pentru a ghida con\u021binutul la loca\u021bia dvs.<\/p>\n<p>\u2022 <strong>Cookies de \u00eenregistrare:<\/strong> cookie-urile de \u00eenregistrare sunt generate odat\u0103 ce utilizatorul s-a \u00eenregistrat sau ulterior a deschis sesiunea \u0219i sunt folosite pentru a v\u0103 identifica \u00een servicii cu urm\u0103toarele obiective:<\/p>\n<p>&#8211; Men\u021bine utilizatorul identificat astfel \u00eenc\u00e2t, \u00een cazul \u00een care un serviciu, browserul sau computerul se \u00eenchide \u0219i \u00eentr-un alt moment sau o alt\u0103 zi intr\u0103 \u00een serviciu din nou, acesta va r\u0103m\u00e2ne identificat, facilit\u00e2nd navigarea acestuia f\u0103r\u0103 a fi nevoit s\u0103 se reconecteze. Aceast\u0103 func\u021bionalitate poate fi suprimat\u0103 dac\u0103 utilizatorul apas\u0103 pe func\u021bia &#8222;\u00eenchidere sesiune&#8221;, astfel \u00eenc\u00e2t acest Cookie este \u0219ters \u0219i data viitoare c\u00e2nd va intra \u00een serviciu, utilizatorul va trebui s\u0103 se autentifice pentru a fi identificat.<\/p>\n<p>\u2022<strong> Cookie-uri analitice:<\/strong> De fiecare dat\u0103 c\u00e2nd un utilizator acceseaz\u0103 un serviciu, un instrument de la un furnizor extern, se genereaz\u0103 un Cookie analitic pe computerul utilizatorului. Acest Cookie, care este generat numai \u00een timpul vizitei, va servi \u00een vizite viitoare la serviciile web pentru a identifica vizitatorul anonim. Principalele obiective urm\u0103rite sunt:<\/p>\n<p>&#8211; Permite identificarea anonim\u0103 a navig\u0103rii utilizatorilor prin Cookie (identific\u0103 browserele \u0219i dispozitivele, nu persoanele) \u0219i, prin urmare, num\u0103rul aproximativ al num\u0103rului de vizitatori \u0219i tendin\u021ba lor \u00een timp.<\/p>\n<p>&#8211; Identific\u0103 anonim cel mai vizitat con\u021binut \u0219i, prin urmare, mai atractiv pentru utilizatori.<\/p>\n<p>&#8211; Afl\u0103 dac\u0103 utilizatorul care acceseaz\u0103 este o vizita nou\u0103 sau repetat\u0103.<\/p>\n<p><strong>Important:<\/strong> <em>Dac\u0103 utilizatorul nu decide s\u0103 se \u00eenregistreze \u00eentr-un serviciu de pe Site, &#8222;Cookie&#8221; nu va fi niciodat\u0103 asociat\u0103 cu date personale care \u00eel pot identifica. Aceste cookie-uri vor fi utilizate numai \u00een scopuri statistice care ajut\u0103 la optimizarea experien\u021bei utilizatorilor de pe site.<\/em><\/p>\n<p>\u2022 <strong>Module cookie de publicitate comportamental\u0103:<\/strong> Acest tip de &#8222;cookie-uri&#8221; permit extinderea informa\u021biilor referitoare la anun\u021burile afi\u0219ate fiec\u0103rui utilizator anonim a serviciilor web, printre altele, durata \u0219i frecven\u021ba de afi\u0219are a pozi\u021biilor publicitare, interac\u021biunea cu acestea sau modelele \u0219i \/ sau compartimentele de navigare ale utilizatorului, deoarece acestea contribuie la formarea unui profil de interes publicitar. \u00cen acest fel, acestea permit s\u0103 ofere publicitate \u00een leg\u0103tur\u0103 cu interesele utilizatorului.<\/p>\n<p>\u2022 <strong>Cookie-uri de publicitate ale ter\u021bilor:<\/strong> Pe l\u00e2ng\u0103 publicitatea gestionat\u0103 de Site \u00een serviciile sale, Site-ul ofer\u0103 agen\u021bilor de publicitate op\u021biunea de a difuza reclame prin ter\u021be p\u0103r\u021bi (&#8222;AdServers&#8221;). \u00cen acest fel, aceste ter\u021be p\u0103r\u021bi pot stoca Cookie-urile trimise de la serviciile Web, provenite de la browserele utilizatorilor, precum \u0219i accesul la datele stocate \u00een acestea, de exemplu:<\/p>\n<p>&#8211; <a href=\"https:\/\/policies.google.com\/privacy?hl=ro\" target=\"_blank\" rel=\"noopener\">AdWords: https:\/\/policies.google.com\/privacy?hl=ro<\/a><\/p>\n<p><strong>CE COOKIE-URI FOLOSIM?<\/strong><\/p>\n<p>Cookie-urile pe care le folosim pe site-ul nostru sunt:<\/p>\n<p><strong>Proprii:<\/strong> Sunt cele care sunt trimise echipamentului terminal al utilizatorului de pe un computer sau domeniu gestionat de editorul \u00eensu\u0219i \u0219i din care este furnizat serviciul solicitat de utilizator. Aceste Cookie-uri, \u00een cazul nostru, \u00een majoritatea cazurilor, sunt legate de func\u021bionarea WordPress \u0219i plug-ins instalate.<\/p>\n<p><strong>Ale ter\u021belor p\u0103r\u021bi:<\/strong> Sunt cele trimise echipamentelor terminale ale utilizatorilor de pe un computer sau un domeniu care nu este gestionat de editor, ci de o alt\u0103 entitate care trateaz\u0103 datele ob\u021binute prin cookie-uri. Cele dou\u0103 instrumente principale pe care le folosim sunt:<\/p>\n<p>\u2022 Google Analytics:<\/p>\n<p><a href=\"https:\/\/support.google.com\/analytics\/answer\/6004245?hl=ro\" target=\"_blank\" rel=\"noopener\">https:\/\/support.google.com\/analytics\/answer\/6004245?hl=ro<\/a><\/p>\n<p>\u2022 Yandex Metrica:<\/p>\n<p><a href=\"https:\/\/metrica.yandex.com\/about\/info\/data-policy\" target=\"_blank\" rel=\"noopener\">https:\/\/metrica.yandex.com\/about\/info\/data-policy<\/a><\/p>\n<p><strong>Aceste cookie-uri sunt analitice, iar descrierea lor o puteti g\u0103si \u0219i la capitolul anterior &#8211; CE COOKIE-URI FOLOSIM?<\/strong><\/p>\n<p><strong>CUM S\u0102 DEZACTIVA\u021aI COOKIE-URILE?<\/strong><\/p>\n<p>Este posibil\u0103 oprirea accept\u0103rii Cookie-urilor de browser sau oprirea accept\u0103rii Cookie-urilor de la un anumit serviciu.<\/p>\n<p>Toate browserele moderne v\u0103 permit s\u0103 modifica\u021bi set\u0103rile Cookie-urilor. Aceste set\u0103ri sunt de obicei g\u0103site \u00een meniul &#8222;<strong>Op\u021biuni<\/strong>&#8221; sau &#8222;<strong>Preferin\u021be<\/strong>&#8221; din browserul dvs. De asemenea, pute\u021bi s\u0103 configura\u021bi browserul sau managerul de e-mail, precum \u0219i s\u0103 instala\u021bi programe de completare gratuite pentru a \u00eempiedica desc\u0103rcarea de Web Bugs la deschiderea unui e-mail.<\/p>\n<p>Site-ul ofer\u0103 \u00eendrum\u0103ri utilizatorului cu privire la pa\u0219ii de accesare a meniului de configurare a Cookie-urilor \u0219i, dup\u0103 caz, a navig\u0103rii private \u00een fiecare dintre browserele principale:<\/p>\n<p>\u2022 Internet Explorer: Instrumente -&gt; Op\u021biuni Internet -&gt; Confiden\u021bialitate -&gt; Set\u0103ri (Pentru mai multe informa\u021bii, pute\u021bi verifica asisten\u021ba Microsoft sau asisten\u021ba browserului)<\/p>\n<p>\u2022 Firefox: Instrumente -&gt; Op\u021biuni -&gt; Confiden\u021bialitate -&gt; Istoric -&gt; Set\u0103ri personalizate.<\/p>\n<p>\u2022 Chrome: Set\u0103ri -&gt; Afi\u0219a\u021bi op\u021biunile avansate -&gt; Confiden\u021bialitate -&gt; Set\u0103ri de con\u021binut.<\/p>\n<p>\u2022 Safari: Preferin\u021be -&gt; Securitate. (Pentru mai multe informa\u021bii, pute\u021bi s\u0103 verifica\u021bi asisten\u021ba Apple sau asisten\u021ba browserului.)<\/p>\n<p><strong>LINK-URILE EXISTENTE PE SITE<\/strong><\/p>\n<p>Dorim ca atunci c\u00e2nd vizita\u021bi site-urile noastre s\u0103 ave\u021bi o experien\u021b\u0103 c\u00e2t mai placut\u0103, motiv pentru care \u00eencerc\u0103m s\u0103 v\u0103 permitem conectarea cu cele mai uzuale instrumente de social media.<\/p>\n<p>\u00cen cadrul site-urilor noastre ve\u021bi g\u0103si link-uri c\u0103tre aceste instrumente, dar ele nu colecteaz\u0103 prin intermediul nostru nici un fel de date. \u00centotdeuna c\u00e2nd le ve\u021bi accesa ve\u021bi fi transferat pe o pagin\u0103 distinct\u0103 a browserului dumneavoastr\u0103.<\/p>\n<p><strong>Rolul acestora este doar pentru a v\u0103 facilita accesul la paginile noastre de pe aceste platforme (de ex. pagina Facebook a Hotelului Ambient).<\/strong><\/p>\n<p><strong>POT AP\u0102REA MODIFIC\u0102RI \u00ceN POLITICA DE COOKIES?<\/strong><\/p>\n<p>Site-ul poate modifica aceast\u0103 politic\u0103 de Cookies \u00een func\u021bie de cerin\u021bele legislative, de reglementare, prin urmare, utilizatorii sunt sf\u0103tui\u021bi s\u0103-l viziteze periodic.<\/p>\n<p>Atunci c\u00e2nd exist\u0103 modific\u0103ri semnificative \u00een aceast\u0103 politic\u0103 de Cookie-uri, utilizatorii vor fi informa\u021bi fie prin intermediul site-ului, fie prin e-mail c\u0103tre utilizatorii \u00eenregistra\u021bi.[\/vc_column_text][\/vc_column][\/vc_row][vc_row css=&#8221;.vc_custom_1470431477746{margin-top: -200px !important;}&#8221;][vc_column][vc_raw_html]JTNDc2NyaXB0JTIwdHlwZSUzRCUyMnRleHQlMkZqYXZhc2NyaXB0JTIyJTIwc3JjJTNEJTIyaHR0cHMlM0ElMkYlMkZvcGVuLnVwcGVyYm9va2luZy5jb20lMkZob3RlbGFtYmllbnQlMkZCb29raW5nLmpzJTNGbG9jYWxlJTNEcm8lMjIlM0UlM0MlMkZzY3JpcHQlM0U=[\/vc_raw_html][\/vc_column][\/vc_row]<\/p>","protected":false},"excerpt":{"rendered":"<p>[vc_row][vc_column][vc_column_text] POLITIC\u0102 COOKIES Data intr\u0103rii \u00een vigoare: 25 mai 2018 Site-ul S.C EURO TOUR S.R.L. (denumit \u00een continuare &#8222;Site&#8221;) folose\u0219te [&hellip;]<\/p>\n","protected":false},"author":2,"featured_media":0,"parent":30,"menu_order":4,"comment_status":"closed","ping_status":"closed","template":"","meta":{"footnotes":""},"yst_prominent_words":[],"class_list":["post-1076","page","type-page","status-publish","hentry"],"yoast_head":"<!-- This site is optimized with the Yoast SEO Premium plugin v14.0.2 - https:\/\/yoast.com\/wordpress\/plugins\/seo\/ -->\n<title>Politic\u0103 de Cookies - Ambient Residence - Bra\u0219ov (Rom\u00e2nia) - Rezerv\u0103 la cel mai bun pre\u021b pentru propriet\u0103\u0163ile Ambient<\/title>\n<meta name=\"robots\" content=\"index, follow\" \/>\n<meta name=\"googlebot\" content=\"index, follow, max-snippet:-1, max-image-preview:large, max-video-preview:-1\" \/>\n<meta name=\"bingbot\" content=\"index, follow, max-snippet:-1, max-image-preview:large, max-video-preview:-1\" \/>\n<link rel=\"canonical\" href=\"https:\/\/www.residenceambient.ro\/ro\/contact\/politica-de-cookies\/\" \/>\n<meta property=\"og:locale\" content=\"ro_RO\" \/>\n<meta property=\"og:type\" content=\"article\" \/>\n<meta property=\"og:title\" content=\"[:ro]Politic\u0103 de Cookies[:en]Cookies Policy[:es]Pol\u00edtica de Cookies[:de]Cookies Richtlinien[:] - Ambient Residence - Bra\u0219ov (Rom\u00e2nia) - Rezerv\u0103 la cel mai bun pre\u021b pentru propriet\u0103\u0163ile Ambient\" \/>\n<meta property=\"og:description\" content=\"[vc_row][vc_column][vc_column_text] POLITIC\u0102 COOKIES Data intr\u0103rii \u00een vigoare: 25 mai 2018 Site-ul S.C EURO TOUR S.R.L. (denumit \u00een continuare &#8222;Site&#8221;) folose\u0219te [&hellip;]\" \/>\n<meta property=\"og:url\" content=\"https:\/\/www.residenceambient.ro\/ro\/contact\/politica-de-cookies\/\" \/>\n<meta property=\"og:site_name\" content=\"Ambient Residence - Bra\u0219ov (Rom\u00e2nia) - Rezerv\u0103 la cel mai bun pre\u021b pentru propriet\u0103\u0163ile Ambient\" \/>\n<meta property=\"article:modified_time\" content=\"2018-06-25T20:40:34+00:00\" \/>\n<meta name=\"twitter:card\" content=\"summary_large_image\" \/>\n<script type=\"application\/ld+json\" class=\"yoast-schema-graph\">{\"@context\":\"https:\/\/schema.org\",\"@graph\":[{\"@type\":\"WebSite\",\"@id\":\"https:\/\/www.residenceambient.ro\/ro\/#website\",\"url\":\"https:\/\/www.residenceambient.ro\/ro\/\",\"name\":\"Ambient Residence - Bra\\u0219ov (Rom\\u00e2nia) - Rezerv\\u0103 la cel mai bun pre\\u021b pentru propriet\\u0103\\u0163ile Ambient\",\"description\":\"Site-ul oficial\",\"potentialAction\":[{\"@type\":\"SearchAction\",\"target\":\"https:\/\/www.residenceambient.ro\/ro\/?s={search_term_string}\",\"query-input\":\"required name=search_term_string\"}],\"inLanguage\":\"ro-RO\"},{\"@type\":\"WebPage\",\"@id\":\"https:\/\/www.residenceambient.ro\/ro\/contact\/politica-de-cookies\/#webpage\",\"url\":\"https:\/\/www.residenceambient.ro\/ro\/contact\/politica-de-cookies\/\",\"name\":\"[:ro]Politic\\u0103 de Cookies[:en]Cookies Policy[:es]Pol\\u00edtica de Cookies[:de]Cookies Richtlinien[:] - Ambient Residence - Bra\\u0219ov (Rom\\u00e2nia) - Rezerv\\u0103 la cel mai bun pre\\u021b pentru propriet\\u0103\\u0163ile Ambient\",\"isPartOf\":{\"@id\":\"https:\/\/www.residenceambient.ro\/ro\/#website\"},\"datePublished\":\"2018-06-20T18:33:31+00:00\",\"dateModified\":\"2018-06-25T20:40:34+00:00\",\"inLanguage\":\"ro-RO\",\"potentialAction\":[{\"@type\":\"ReadAction\",\"target\":[\"https:\/\/www.residenceambient.ro\/ro\/contact\/politica-de-cookies\/\"]}]}]}<\/script>\n<!-- \/ Yoast SEO Premium plugin. -->","_links":{"self":[{"href":"https:\/\/www.residenceambient.ro\/ro\/wp-json\/wp\/v2\/pages\/1076","targetHints":{"allow":["GET"]}}],"collection":[{"href":"https:\/\/www.residenceambient.ro\/ro\/wp-json\/wp\/v2\/pages"}],"about":[{"href":"https:\/\/www.residenceambient.ro\/ro\/wp-json\/wp\/v2\/types\/page"}],"author":[{"embeddable":true,"href":"https:\/\/www.residenceambient.ro\/ro\/wp-json\/wp\/v2\/users\/2"}],"replies":[{"embeddable":true,"href":"https:\/\/www.residenceambient.ro\/ro\/wp-json\/wp\/v2\/comments?post=1076"}],"version-history":[{"count":5,"href":"https:\/\/www.residenceambient.ro\/ro\/wp-json\/wp\/v2\/pages\/1076\/revisions"}],"predecessor-version":[{"id":1087,"href":"https:\/\/www.residenceambient.ro\/ro\/wp-json\/wp\/v2\/pages\/1076\/revisions\/1087"}],"up":[{"embeddable":true,"href":"https:\/\/www.residenceambient.ro\/ro\/wp-json\/wp\/v2\/pages\/30"}],"wp:attachment":[{"href":"https:\/\/www.residenceambient.ro\/ro\/wp-json\/wp\/v2\/media?parent=1076"}],"wp:term":[{"taxonomy":"yst_prominent_words","embeddable":true,"href":"https:\/\/www.residenceambient.ro\/ro\/wp-json\/wp\/v2\/yst_prominent_words?post=1076"}],"curies":[{"name":"wp","href":"https:\/\/api.w.org\/{rel}","templated":true}]}}