{"id":36,"date":"2016-09-25T16:54:26","date_gmt":"2016-09-25T13:54:26","guid":{"rendered":"http:\/\/residenceambient.hotelsperformance.net\/?page_id=36"},"modified":"2017-09-18T14:05:16","modified_gmt":"2017-09-18T11:05:16","slug":"work-with-us","status":"publish","type":"page","link":"https:\/\/www.residenceambient.ro\/es\/contact\/work-with-us\/","title":{"rendered":"Trabaja con nosotros"},"content":{"rendered":"<p>[vc_row][vc_column][vc_column_text]<\/p>\n<h2 style=\"text-align: center;\"><span style=\"color: #542f00;\">UNETE A NUESTRO EQUIPO<\/span><small>Estamos\u00a0constantemente buscando personas\u00a0entusiastas, con una visi\u00f3n abierta y con experiencia, en especial buscamos\u00a0personas con estudios en el \u00e1rea de turismo.<\/small><\/h2>\n<p style=\"text-align: center;\">Si esta interesado en unirse al equipo de Ambient Pension, por favor env\u00eda el Curriculum Vitae a trav\u00e9s de correo electr\u00f3nico a\u00a0la direcci\u00f3n office@residenceambient.ro o tr\u00e1elo personalmente a la recepci\u00f3n.<\/p>\n<p style=\"text-align: center;\">\u00a1Tu tambi\u00e9n puedes formar parte de la familia Ambient!<\/p>\n<p>[\/vc_column_text][\/vc_column][\/vc_row][vc_row css=\u00bb.vc_custom_1470397530640{margin-bottom: -200px !important;}\u00bb][vc_column][vc_raw_html]JTNDc2NyaXB0JTIwdHlwZSUzRCUyMnRleHQlMkZqYXZhc2NyaXB0JTIyJTIwc3JjJTNEJTIyaHR0cHMlM0ElMkYlMkZvcGVuLnVwcGVyYm9va2luZy5jb20lMkZhbWJpZW50cmVzaWRlbmNlJTJGQm9va2luZy5qcyUzRmxvY2FsZSUzRGVzJTIyJTNFJTNDJTJGc2NyaXB0JTNF[\/vc_raw_html][\/vc_column][\/vc_row]<\/p>","protected":false},"excerpt":{"rendered":"<p>[vc_row][vc_column][vc_column_text] UNETE A NUESTRO EQUIPOEstamos\u00a0constantemente buscando personas\u00a0entusiastas, con una visi\u00f3n abierta y con experiencia, en especial buscamos\u00a0personas con estudios en [&hellip;]<\/p>\n","protected":false},"author":1,"featured_media":0,"parent":30,"menu_order":2,"comment_status":"closed","ping_status":"closed","template":"","meta":{"footnotes":""},"yst_prominent_words":[99,111,146],"class_list":["post-36","page","type-page","status-publish","hentry"],"yoast_head":"<!-- This site is optimized with the Yoast SEO Premium plugin v14.0.2 - https:\/\/yoast.com\/wordpress\/plugins\/seo\/ -->\n<title>Trabaja con nosotros - Ambient Residence - Brasov - Reserva al mejor precio las propriedades Ambient<\/title>\n<meta name=\"robots\" content=\"index, follow\" \/>\n<meta name=\"googlebot\" content=\"index, follow, max-snippet:-1, max-image-preview:large, max-video-preview:-1\" \/>\n<meta name=\"bingbot\" content=\"index, follow, max-snippet:-1, max-image-preview:large, max-video-preview:-1\" \/>\n<link rel=\"canonical\" href=\"https:\/\/www.residenceambient.ro\/ro\/contact\/work-with-us\/\" \/>\n<meta property=\"og:locale\" content=\"es_ES\" \/>\n<meta property=\"og:type\" content=\"article\" \/>\n<meta property=\"og:title\" content=\"[:ro]Carier\u0103 [:en]Work with us[:es]Trabaja con nosotros[:] - Ambient Residence - Brasov - Reserva al mejor precio las propriedades Ambient\" \/>\n<meta property=\"og:description\" content=\"[vc_row][vc_column][vc_column_text] UNETE A NUESTRO EQUIPOEstamos\u00a0constantemente buscando personas\u00a0entusiastas, con una visi\u00f3n abierta y con experiencia, en especial buscamos\u00a0personas con estudios en [&hellip;]\" \/>\n<meta property=\"og:url\" content=\"https:\/\/www.residenceambient.ro\/ro\/contact\/work-with-us\/\" \/>\n<meta property=\"og:site_name\" content=\"Ambient Residence - Brasov - Reserva al mejor precio las propriedades Ambient\" \/>\n<meta property=\"article:modified_time\" content=\"2017-09-18T11:05:16+00:00\" \/>\n<meta name=\"twitter:card\" content=\"summary_large_image\" \/>\n<script type=\"application\/ld+json\" class=\"yoast-schema-graph\">{\"@context\":\"https:\/\/schema.org\",\"@graph\":[{\"@type\":\"WebSite\",\"@id\":\"https:\/\/www.residenceambient.ro\/es\/#website\",\"url\":\"https:\/\/www.residenceambient.ro\/es\/\",\"name\":\"Ambient Residence - Brasov - Reserva al mejor precio las propriedades Ambient\",\"description\":\"Site Oficial\",\"potentialAction\":[{\"@type\":\"SearchAction\",\"target\":\"https:\/\/www.residenceambient.ro\/es\/?s={search_term_string}\",\"query-input\":\"required name=search_term_string\"}],\"inLanguage\":\"es\"},{\"@type\":\"WebPage\",\"@id\":\"https:\/\/www.residenceambient.ro\/ro\/contact\/work-with-us\/#webpage\",\"url\":\"https:\/\/www.residenceambient.ro\/ro\/contact\/work-with-us\/\",\"name\":\"[:ro]Carier\\u0103 [:en]Work with us[:es]Trabaja con nosotros[:] - Ambient Residence - Brasov - Reserva al mejor precio las propriedades Ambient\",\"isPartOf\":{\"@id\":\"https:\/\/www.residenceambient.ro\/es\/#website\"},\"datePublished\":\"2016-09-25T13:54:26+00:00\",\"dateModified\":\"2017-09-18T11:05:16+00:00\",\"inLanguage\":\"es\",\"potentialAction\":[{\"@type\":\"ReadAction\",\"target\":[\"https:\/\/www.residenceambient.ro\/ro\/contact\/work-with-us\/\"]}]}]}<\/script>\n<!-- \/ Yoast SEO Premium plugin. -->","_links":{"self":[{"href":"https:\/\/www.residenceambient.ro\/es\/wp-json\/wp\/v2\/pages\/36","targetHints":{"allow":["GET"]}}],"collection":[{"href":"https:\/\/www.residenceambient.ro\/es\/wp-json\/wp\/v2\/pages"}],"about":[{"href":"https:\/\/www.residenceambient.ro\/es\/wp-json\/wp\/v2\/types\/page"}],"author":[{"embeddable":true,"href":"https:\/\/www.residenceambient.ro\/es\/wp-json\/wp\/v2\/users\/1"}],"replies":[{"embeddable":true,"href":"https:\/\/www.residenceambient.ro\/es\/wp-json\/wp\/v2\/comments?post=36"}],"version-history":[{"count":8,"href":"https:\/\/www.residenceambient.ro\/es\/wp-json\/wp\/v2\/pages\/36\/revisions"}],"predecessor-version":[{"id":957,"href":"https:\/\/www.residenceambient.ro\/es\/wp-json\/wp\/v2\/pages\/36\/revisions\/957"}],"up":[{"embeddable":true,"href":"https:\/\/www.residenceambient.ro\/es\/wp-json\/wp\/v2\/pages\/30"}],"wp:attachment":[{"href":"https:\/\/www.residenceambient.ro\/es\/wp-json\/wp\/v2\/media?parent=36"}],"wp:term":[{"taxonomy":"yst_prominent_words","embeddable":true,"href":"https:\/\/www.residenceambient.ro\/es\/wp-json\/wp\/v2\/yst_prominent_words?post=36"}],"curies":[{"name":"wp","href":"https:\/\/api.w.org\/{rel}","templated":true}]}}