{"id":33,"date":"2016-09-25T16:53:05","date_gmt":"2016-09-25T13:53:05","guid":{"rendered":"http:\/\/residenceambient.hotelsperformance.net\/?page_id=33"},"modified":"2017-04-11T01:45:45","modified_gmt":"2017-04-10T22:45:45","slug":"agencys","status":"publish","type":"page","link":"https:\/\/www.residenceambient.ro\/es\/contact\/agencys\/","title":{"rendered":"Agencias de Turismo"},"content":{"rendered":"<p>[vc_row][vc_column][vc_column_text]<\/p>\n<h2 style=\"text-align: center;\"><span style=\"color: #542f00;\">UN PARTNER DE CONFIANZA<\/span><small>AMBIENT\u00a0RESIDENCE<\/small><\/h2>\n<p style=\"text-align: center;\">Para informaci\u00f3n m\u00e1s detallada, contratos o acuerdos, es necesario enviar los detalles de la empresa y una solicitud de colaboraci\u00f3n a trav\u00e8s de fax o correo electr\u00f3nico. Recibir\u00e1 nuestra respuesta dentro de 24 horas, como m\u00e1ximo. \u00a1Esperamos trabajar juntos!<\/p>\n<p style=\"text-align: center;\"><strong>N\u00famero fax:<\/strong> 0040 368 006 039<br \/>\n<strong>E-mail:\u00a0<\/strong><a href=\"mailto:office@residenceambient.ro\">office@residenceambient.ro<\/a><\/p>\n<p>[\/vc_column_text][\/vc_column][\/vc_row][vc_row css=\u00bb.vc_custom_1470397530640{margin-bottom: -200px !important;}\u00bb][vc_column][vc_raw_html]JTNDc2NyaXB0JTIwdHlwZSUzRCUyMnRleHQlMkZqYXZhc2NyaXB0JTIyJTIwc3JjJTNEJTIyaHR0cHMlM0ElMkYlMkZvcGVuLnVwcGVyYm9va2luZy5jb20lMkZhbWJpZW50cmVzaWRlbmNlJTJGQm9va2luZy5qcyUzRmxvY2FsZSUzRGVzJTIyJTNFJTNDJTJGc2NyaXB0JTNF[\/vc_raw_html][\/vc_column][\/vc_row]<\/p>","protected":false},"excerpt":{"rendered":"<p>[vc_row][vc_column][vc_column_text] UN PARTNER DE CONFIANZAAMBIENT\u00a0RESIDENCE Para informaci\u00f3n m\u00e1s detallada, contratos o acuerdos, es necesario enviar los detalles de la empresa [&hellip;]<\/p>\n","protected":false},"author":1,"featured_media":0,"parent":30,"menu_order":1,"comment_status":"closed","ping_status":"closed","template":"","meta":{"footnotes":""},"yst_prominent_words":[99],"class_list":["post-33","page","type-page","status-publish","hentry"],"yoast_head":"<!-- This site is optimized with the Yoast SEO Premium plugin v14.0.2 - https:\/\/yoast.com\/wordpress\/plugins\/seo\/ -->\n<title>Agencias de Turismo - Ambient Residence - Brasov - Reserva al mejor precio las propriedades Ambient<\/title>\n<meta name=\"robots\" content=\"index, follow\" \/>\n<meta name=\"googlebot\" content=\"index, follow, max-snippet:-1, max-image-preview:large, max-video-preview:-1\" \/>\n<meta name=\"bingbot\" content=\"index, follow, max-snippet:-1, max-image-preview:large, max-video-preview:-1\" \/>\n<link rel=\"canonical\" href=\"https:\/\/www.residenceambient.ro\/ro\/contact\/agencys\/\" \/>\n<meta property=\"og:locale\" content=\"es_ES\" \/>\n<meta property=\"og:type\" content=\"article\" \/>\n<meta property=\"og:title\" content=\"[:ro]Agen\u0163ii de turism[:en]Travel Agencies[:es]Agencias de Turismo[:de]Tourismusagenturen[:] - Ambient Residence - Brasov - Reserva al mejor precio las propriedades Ambient\" \/>\n<meta property=\"og:description\" content=\"[vc_row][vc_column][vc_column_text] UN PARTNER DE CONFIANZAAMBIENT\u00a0RESIDENCE Para informaci\u00f3n m\u00e1s detallada, contratos o acuerdos, es necesario enviar los detalles de la empresa [&hellip;]\" \/>\n<meta property=\"og:url\" content=\"https:\/\/www.residenceambient.ro\/ro\/contact\/agencys\/\" \/>\n<meta property=\"og:site_name\" content=\"Ambient Residence - Brasov - Reserva al mejor precio las propriedades Ambient\" \/>\n<meta property=\"article:modified_time\" content=\"2017-04-10T22:45:45+00:00\" \/>\n<meta name=\"twitter:card\" content=\"summary_large_image\" \/>\n<script type=\"application\/ld+json\" class=\"yoast-schema-graph\">{\"@context\":\"https:\/\/schema.org\",\"@graph\":[{\"@type\":\"WebSite\",\"@id\":\"https:\/\/www.residenceambient.ro\/es\/#website\",\"url\":\"https:\/\/www.residenceambient.ro\/es\/\",\"name\":\"Ambient Residence - Brasov - Reserva al mejor precio las propriedades Ambient\",\"description\":\"Site Oficial\",\"potentialAction\":[{\"@type\":\"SearchAction\",\"target\":\"https:\/\/www.residenceambient.ro\/es\/?s={search_term_string}\",\"query-input\":\"required name=search_term_string\"}],\"inLanguage\":\"es\"},{\"@type\":\"WebPage\",\"@id\":\"https:\/\/www.residenceambient.ro\/ro\/contact\/agencys\/#webpage\",\"url\":\"https:\/\/www.residenceambient.ro\/ro\/contact\/agencys\/\",\"name\":\"[:ro]Agen\\u0163ii de turism[:en]Travel Agencies[:es]Agencias de Turismo[:de]Tourismusagenturen[:] - Ambient Residence - Brasov - Reserva al mejor precio las propriedades Ambient\",\"isPartOf\":{\"@id\":\"https:\/\/www.residenceambient.ro\/es\/#website\"},\"datePublished\":\"2016-09-25T13:53:05+00:00\",\"dateModified\":\"2017-04-10T22:45:45+00:00\",\"inLanguage\":\"es\",\"potentialAction\":[{\"@type\":\"ReadAction\",\"target\":[\"https:\/\/www.residenceambient.ro\/ro\/contact\/agencys\/\"]}]}]}<\/script>\n<!-- \/ Yoast SEO Premium plugin. -->","_links":{"self":[{"href":"https:\/\/www.residenceambient.ro\/es\/wp-json\/wp\/v2\/pages\/33","targetHints":{"allow":["GET"]}}],"collection":[{"href":"https:\/\/www.residenceambient.ro\/es\/wp-json\/wp\/v2\/pages"}],"about":[{"href":"https:\/\/www.residenceambient.ro\/es\/wp-json\/wp\/v2\/types\/page"}],"author":[{"embeddable":true,"href":"https:\/\/www.residenceambient.ro\/es\/wp-json\/wp\/v2\/users\/1"}],"replies":[{"embeddable":true,"href":"https:\/\/www.residenceambient.ro\/es\/wp-json\/wp\/v2\/comments?post=33"}],"version-history":[{"count":13,"href":"https:\/\/www.residenceambient.ro\/es\/wp-json\/wp\/v2\/pages\/33\/revisions"}],"predecessor-version":[{"id":838,"href":"https:\/\/www.residenceambient.ro\/es\/wp-json\/wp\/v2\/pages\/33\/revisions\/838"}],"up":[{"embeddable":true,"href":"https:\/\/www.residenceambient.ro\/es\/wp-json\/wp\/v2\/pages\/30"}],"wp:attachment":[{"href":"https:\/\/www.residenceambient.ro\/es\/wp-json\/wp\/v2\/media?parent=33"}],"wp:term":[{"taxonomy":"yst_prominent_words","embeddable":true,"href":"https:\/\/www.residenceambient.ro\/es\/wp-json\/wp\/v2\/yst_prominent_words?post=33"}],"curies":[{"name":"wp","href":"https:\/\/api.w.org\/{rel}","templated":true}]}}