{"id":30,"date":"2016-09-25T16:51:04","date_gmt":"2016-09-25T13:51:04","guid":{"rendered":"http:\/\/residenceambient.hotelsperformance.net\/?page_id=30"},"modified":"2026-05-09T01:45:38","modified_gmt":"2026-05-08T22:45:38","slug":"contact","status":"publish","type":"page","link":"https:\/\/www.residenceambient.ro\/es\/contact\/","title":{"rendered":"Contacto"},"content":{"rendered":"<p>[vc_row][vc_column width=\u00bb7\/12&#8243;][vc_column_text]<strong>Si desea realizar una reserva,\u00a0h\u00e1galo directamente en nuestra p\u00e1gina web y obtendr\u00e1 el mejor precio y condiciones<\/strong>[\/vc_column_text]\t<div id=\"ninja_forms_form_5_cont\" class=\"ninja-forms-cont\">\n\t\t<div id=\"ninja_forms_form_5_wrap\" class=\"ninja-forms-form-wrap\">\n\t<div id=\"ninja_forms_form_5_response_msg\" style=\"\" class=\"ninja-forms-response-msg \"><\/div>\t<form id=\"ninja_forms_form_5\" enctype=\"multipart\/form-data\" method=\"post\" name=\"\" action=\"\" class=\"ninja-forms-form\">\n\n\t<input type=\"hidden\" id=\"_wpnonce\" name=\"_wpnonce\" value=\"cc475eb3dc\" \/><input type=\"hidden\" name=\"_wp_http_referer\" value=\"\/es\/wp-json\/wp\/v2\/pages\/30\" \/>\t<input type=\"hidden\" name=\"_ninja_forms_display_submit\" value=\"1\">\n\t<input type=\"hidden\" name=\"_form_id\"  id=\"_form_id\" value=\"5\">\n\t\t<div class=\"hp-wrap\">\n\t\t<label>Si eres un ser humano y est\u00e1s viendo este campo, por favor, d\u00e9jalo en blanco.\t\t\t<input type=\"text\" value=\"\" name=\"_Pggdo\">\n\t\t\t<input type=\"hidden\" value=\"_Pggdo\" name=\"_hp_name\">\n\t\t<\/label>\n\t<\/div>\n\t\t<div id=\"ninja_forms_form_5_all_fields_wrap\" class=\"ninja-forms-all-fields-wrap\">\n\t\t\t<div class=\"ninja-forms-required-items\">Los campos marcados con <span class=\"ninja-forms-req-symbol\">*<\/span> son obligatorios<\/div>\n\t\t\t\t\t\t\t\t<div class=\"field-wrap text-wrap label-above\"  id=\"ninja_forms_field_5_div_wrap\" data-visible=\"1\">\n\t\t\t\t\t\t\t<input type=\"hidden\" id=\"ninja_forms_field_5_type\" value=\"text\">\n\t\t<label for=\"ninja_forms_field_5\" id=\"ninja_forms_field_5_label\" class=\"\">Nombre <span class='ninja-forms-req-symbol'><strong>*<\/strong><\/span>\t\t\t\t<\/label>\n\t\t\t<input id=\"ninja_forms_field_5\" data-mask=\"\" data-input-limit=\"\" data-input-limit-type=\"char\" data-input-limit-msg=\"\" name=\"ninja_forms_field_5\" type=\"text\" placeholder=\"\" class=\"ninja-forms-field  ninja-forms-req \" value=\"\" rel=\"5\"   \/>\n\t\t<div id=\"ninja_forms_field_5_error\" style=\"display:none;\" class=\"ninja-forms-field-error\">\n\t\t<\/div>\n\t\t\t\t\t\t\t<\/div>\n\t\t\t\t\t\t\t\t\t\t\t\t<div class=\"field-wrap text-wrap label-above\"  id=\"ninja_forms_field_6_div_wrap\" data-visible=\"1\">\n\t\t\t\t\t\t\t<input type=\"hidden\" id=\"ninja_forms_field_6_type\" value=\"text\">\n\t\t<label for=\"ninja_forms_field_6\" id=\"ninja_forms_field_6_label\" class=\"\">Email <span class='ninja-forms-req-symbol'><strong>*<\/strong><\/span>\t\t\t\t<\/label>\n\t\t\t<input id=\"ninja_forms_field_6\" data-mask=\"\" data-input-limit=\"\" data-input-limit-type=\"char\" data-input-limit-msg=\"\" name=\"ninja_forms_field_6\" type=\"text\" placeholder=\"\" class=\"ninja-forms-field  ninja-forms-req email \" value=\"\" rel=\"6\"   \/>\n\t\t<div id=\"ninja_forms_field_6_error\" style=\"display:none;\" class=\"ninja-forms-field-error\">\n\t\t<\/div>\n\t\t\t\t\t\t\t<\/div>\n\t\t\t\t\t\t\t\t\t\t\t\t<div class=\"field-wrap text-wrap label-above\"  id=\"ninja_forms_field_20_div_wrap\" data-visible=\"1\">\n\t\t\t\t\t\t\t<input type=\"hidden\" id=\"ninja_forms_field_20_type\" value=\"text\">\n\t\t<label for=\"ninja_forms_field_20\" id=\"ninja_forms_field_20_label\" class=\"\">Phone \t\t\t\t<\/label>\n\t\t\t<input id=\"ninja_forms_field_20\" data-mask=\"\" data-input-limit=\"\" data-input-limit-type=\"char\" data-input-limit-msg=\"\" name=\"ninja_forms_field_20\" type=\"text\" placeholder=\"\" class=\"ninja-forms-field  \" value=\"\" rel=\"20\"   \/>\n\t\t<div id=\"ninja_forms_field_20_error\" style=\"display:none;\" class=\"ninja-forms-field-error\">\n\t\t<\/div>\n\t\t\t\t\t\t\t<\/div>\n\t\t\t\t\t\t\t\t\t\t\t\t<div class=\"field-wrap textarea-wrap label-above\"  id=\"ninja_forms_field_7_div_wrap\" data-visible=\"1\">\n\t\t\t\t\t\t\t<input type=\"hidden\" id=\"ninja_forms_field_7_type\" value=\"textarea\">\n\t\t<label for=\"ninja_forms_field_7\" id=\"ninja_forms_field_7_label\" class=\"\">Mensaje <span class='ninja-forms-req-symbol'><strong>*<\/strong><\/span>\t\t\t\t<\/label>\n\t\t\t\t<textarea name=\"ninja_forms_field_7\" id=\"ninja_forms_field_7\" class=\"ninja-forms-field  ninja-forms-req\" rel=\"7\" data-input-limit=\"\" data-input-limit-type=\"char\" data-input-limit-msg=\"\"><\/textarea>\n\t\t\t<div id=\"ninja_forms_field_7_error\" style=\"display:none;\" class=\"ninja-forms-field-error\">\n\t\t<\/div>\n\t\t\t\t\t\t\t<\/div>\n\t\t\t\t\t\t\t\t\t\t\t\t<div class=\"field-wrap g_recaptcha-wrap label-above\"  id=\"ninja_forms_field_23_div_wrap\" data-visible=\"1\">\n\t\t\t\t\t\t\t<input type=\"hidden\" id=\"ninja_forms_field_23_type\" value=\"g_recaptcha\">\n\t\t<label for=\"ninja_forms_field_23\" id=\"ninja_forms_field_23_label\" class=\"\"> <span class='ninja-forms-req-symbol'><strong>*<\/strong><\/span>\t\t\t\t<\/label>\n\t\t\n\t<input id=\"ninja_forms_field_23\" name=\"ninja_forms_field_23\" type=\"hidden\" class=\"\" value=\"\" rel=\"23\" \/>\n\t\t<div class=\"g-recaptcha\" data-callback=\"recaptcha_set_value_207966317\" data-sitekey=\"6LdwVwoUAAAAAEm1Zl6_JV_8RqjIxN0NxmMUMQzE\"><\/div>\n            <script type=\"text\/javascript\" src=\"https:\/\/www.google.com\/recaptcha\/api.js?hl=en\">\n            <\/script>\n            <script type=\"text\/javascript\">\n            function recaptcha_set_value_207966317(inpval){\n            \tjQuery(\"#ninja_forms_field_23\").val(inpval)\n\n            }\n            <\/script>\n\n\t\t\t<div id=\"ninja_forms_field_23_error\" style=\"display:none;\" class=\"ninja-forms-field-error\">\n\t\t<\/div>\n\t\t\t\t\t\t\t<\/div>\n\t\t\t\t\t\t\t\t\t\t\t\t<div class=\"field-wrap checkbox-wrap label-right\"  id=\"ninja_forms_field_39_div_wrap\" data-visible=\"1\">\n\t\t\t\t\t\t\t<input type=\"hidden\" id=\"ninja_forms_field_39_type\" value=\"checkbox\">\n<input id=\"\" name=\"ninja_forms_field_39\" type=\"hidden\" value=\"unchecked\" \/><input id=\"ninja_forms_field_39\" name=\"ninja_forms_field_39\" type=\"checkbox\" class=\"ninja-forms-field  ninja-forms-req\" value=\"checked\"  rel=\"39\"\/>\t\t<label for=\"ninja_forms_field_39\" id=\"ninja_forms_field_39_label\" class=\"\">He le\u00eddo y acepto la <a href=\"\/es\/contact\/terms-and-conditions\/\">pol\u00edtica de privacidad<\/a> <span class='ninja-forms-req-symbol'><strong>*<\/strong><\/span>\t\t\t\t<\/label>\n\t\t\t<div id=\"ninja_forms_field_39_error\" style=\"display:none;\" class=\"ninja-forms-field-error\">\n\t\t<\/div>\n\t\t\t\t\t\t\t<\/div>\n\t\t\t\t\t\t\t\t\t\t\t\t<div class=\"field-wrap checkbox-wrap label-right\"  id=\"ninja_forms_field_40_div_wrap\" data-visible=\"1\">\n\t\t\t\t\t\t\t<input type=\"hidden\" id=\"ninja_forms_field_40_type\" value=\"checkbox\">\n<input id=\"\" name=\"ninja_forms_field_40\" type=\"hidden\" value=\"unchecked\" \/><input id=\"ninja_forms_field_40\" name=\"ninja_forms_field_40\" type=\"checkbox\" class=\"ninja-forms-field \" value=\"checked\"  rel=\"40\"\/>\t\t<label for=\"ninja_forms_field_40\" id=\"ninja_forms_field_40_label\" class=\"\">Autorizo al env\u00edo de comunicaciones electr\u00f3nicas informativas relativas a las actividades, productos o servicios por correo electr\u00f3nico o cualquier otro medio electr\u00f3nico equivalente \t\t\t\t<\/label>\n\t\t\t<div id=\"ninja_forms_field_40_error\" style=\"display:none;\" class=\"ninja-forms-field-error\">\n\t\t<\/div>\n\t\t\t\t\t\t\t<\/div>\n\t\t\t\t\t\t\t\t\t\t\t\t<div class=\"field-wrap submit-wrap label-above\"  id=\"ninja_forms_field_8_div_wrap\" data-visible=\"1\">\n\t\t\t\t\t\t\t<input type=\"hidden\" id=\"ninja_forms_field_8_type\" value=\"submit\">\n\t<div id=\"nf_submit_5\">\n\t\t<input type=\"submit\" name=\"_ninja_forms_field_8\" class=\"ninja-forms-field \" id=\"ninja_forms_field_8\" value=\"Enviar\" rel=\"8\" >\n\t<\/div>\n\t<div id=\"nf_processing_5\" style=\"display:none;\">\n\t\t<input type=\"submit\" name=\"_ninja_forms_field_8\" class=\"ninja-forms-field \" id=\"ninja_forms_field_8\" value=\"Procesando\" rel=\"8\" disabled>\n\t<\/div>\n\t\t<div id=\"ninja_forms_field_8_error\" style=\"display:none;\" class=\"ninja-forms-field-error\">\n\t\t<\/div>\n\t\t\t\t\t\t\t<\/div>\n\t\t\t\t\t\t\t<\/div>\n\t\t<\/form>\n\t\t<\/div>\n\t\t<\/div>\n\t[\/vc_column][vc_column width=\u00bb1\/3&#8243; offset=\u00bbvc_col-sm-offset-1&#8243;][vc_column_text]<\/p>\n<h3><span style=\"color: #542f00;\">Ponte en contacto con nosotros<\/span><\/h3>\n<p>Nuestro equipo esta a tu disposici\u00f3n para solucionar cualquier duda relacionada con tu reserva, eventos, transfers, salas de reuniones o cualquier otro tema, estaremos encantados de ayudarte.<\/p>\n<h3><span style=\"color: #542f00;\">Suscr\u00edbete a nuestro Newsletter<\/span><\/h3>\n\t<div id=\"ninja_forms_form_17_cont\" class=\"ninja-forms-cont\">\n\t\t<div id=\"ninja_forms_form_17_wrap\" class=\"ninja-forms-form-wrap\">\n\t<div id=\"ninja_forms_form_17_response_msg\" style=\"\" class=\"ninja-forms-response-msg \"><\/div>\t<form id=\"ninja_forms_form_17\" enctype=\"multipart\/form-data\" method=\"post\" name=\"\" action=\"\" class=\"ninja-forms-form\">\n\n\t<input type=\"hidden\" id=\"_wpnonce\" name=\"_wpnonce\" value=\"25733ee412\" \/><input type=\"hidden\" name=\"_wp_http_referer\" value=\"\/es\/wp-json\/wp\/v2\/pages\/30\" \/>\t<input type=\"hidden\" name=\"_ninja_forms_display_submit\" value=\"1\">\n\t<input type=\"hidden\" name=\"_form_id\"  id=\"_form_id\" value=\"17\">\n\t\t<div class=\"hp-wrap\">\n\t\t<label>Si eres un ser humano y est\u00e1s viendo este campo, por favor, d\u00e9jalo en blanco.\t\t\t<input type=\"text\" value=\"\" name=\"_C1Wba\">\n\t\t\t<input type=\"hidden\" value=\"_C1Wba\" name=\"_hp_name\">\n\t\t<\/label>\n\t<\/div>\n\t\t<div id=\"ninja_forms_form_17_all_fields_wrap\" class=\"ninja-forms-all-fields-wrap\">\n\t\t\t<div class=\"ninja-forms-required-items\">Los campos marcados con <span class=\"ninja-forms-req-symbol\">*<\/span> son obligatorios<\/div>\n\t\t\t\t\t\t\t\t<div class=\"field-wrap text-wrap label-above\"  id=\"ninja_forms_field_15_div_wrap\" data-visible=\"1\">\n\t\t\t\t\t\t\t<input type=\"hidden\" id=\"ninja_forms_field_15_type\" value=\"text\">\n\t\t<label for=\"ninja_forms_field_15\" id=\"ninja_forms_field_15_label\" class=\"\">Email <span class='ninja-forms-req-symbol'><strong>*<\/strong><\/span>\t\t\t\t<\/label>\n\t\t\t<input id=\"ninja_forms_field_15\" data-mask=\"\" data-input-limit=\"\" data-input-limit-type=\"char\" data-input-limit-msg=\"\" name=\"ninja_forms_field_15\" type=\"text\" placeholder=\"\" class=\"ninja-forms-field  ninja-forms-req email \" value=\"\" rel=\"15\"   \/>\n\t\t<div id=\"ninja_forms_field_15_error\" style=\"display:none;\" class=\"ninja-forms-field-error\">\n\t\t<\/div>\n\t\t\t\t\t\t\t<\/div>\n\t\t\t\t\t\t\t\t\t\t\t\t<div class=\"field-wrap checkbox-wrap label-right\"  id=\"ninja_forms_field_45_div_wrap\" data-visible=\"1\">\n\t\t\t\t\t\t\t<input type=\"hidden\" id=\"ninja_forms_field_45_type\" value=\"checkbox\">\n<input id=\"\" name=\"ninja_forms_field_45\" type=\"hidden\" value=\"unchecked\" \/><input id=\"ninja_forms_field_45\" name=\"ninja_forms_field_45\" type=\"checkbox\" class=\"ninja-forms-field  ninja-forms-req\" value=\"checked\"  rel=\"45\"\/>\t\t<label for=\"ninja_forms_field_45\" id=\"ninja_forms_field_45_label\" class=\"\">He le\u00eddo y acepto la <a href=\"\/es\/contact\/terms-and-conditions\/\">pol\u00edtica de privacidad<\/a> <span class='ninja-forms-req-symbol'><strong>*<\/strong><\/span>\t\t\t\t<\/label>\n\t\t\t<div id=\"ninja_forms_field_45_error\" style=\"display:none;\" class=\"ninja-forms-field-error\">\n\t\t<\/div>\n\t\t\t\t\t\t\t<\/div>\n\t\t\t\t\t\t\t\t\t\t\t\t<div class=\"field-wrap checkbox-wrap label-right\"  id=\"ninja_forms_field_46_div_wrap\" data-visible=\"1\">\n\t\t\t\t\t\t\t<input type=\"hidden\" id=\"ninja_forms_field_46_type\" value=\"checkbox\">\n<input id=\"\" name=\"ninja_forms_field_46\" type=\"hidden\" value=\"unchecked\" \/><input id=\"ninja_forms_field_46\" name=\"ninja_forms_field_46\" type=\"checkbox\" class=\"ninja-forms-field  ninja-forms-req\" value=\"checked\"  rel=\"46\"\/>\t\t<label for=\"ninja_forms_field_46\" id=\"ninja_forms_field_46_label\" class=\"\">Autorizo al env\u00edo de comunicaciones electr\u00f3nicas informativas relativas a las actividades, productos o servicios por correo electr\u00f3nico o cualquier otro medio electr\u00f3nico equivalente <span class='ninja-forms-req-symbol'><strong>*<\/strong><\/span>\t\t\t\t<\/label>\n\t\t\t<div id=\"ninja_forms_field_46_error\" style=\"display:none;\" class=\"ninja-forms-field-error\">\n\t\t<\/div>\n\t\t\t\t\t\t\t<\/div>\n\t\t\t\t\t\t\t\t\t\t\t\t<div class=\"field-wrap g_recaptcha-wrap label-above\"  id=\"ninja_forms_field_50_div_wrap\" data-visible=\"1\">\n\t\t\t\t\t\t\t<input type=\"hidden\" id=\"ninja_forms_field_50_type\" value=\"g_recaptcha\">\n\t\t<label for=\"ninja_forms_field_50\" id=\"ninja_forms_field_50_label\" class=\"\"> <span class='ninja-forms-req-symbol'><strong>*<\/strong><\/span>\t\t\t\t<\/label>\n\t\t\n\t<input id=\"ninja_forms_field_50\" name=\"ninja_forms_field_50\" type=\"hidden\" class=\"\" value=\"\" rel=\"50\" \/>\n\t\t<div class=\"g-recaptcha\" data-callback=\"recaptcha_set_value_488850904\" data-sitekey=\"6LdwVwoUAAAAAEm1Zl6_JV_8RqjIxN0NxmMUMQzE\"><\/div>\n            <script type=\"text\/javascript\" src=\"https:\/\/www.google.com\/recaptcha\/api.js?hl=en\">\n            <\/script>\n            <script type=\"text\/javascript\">\n            function recaptcha_set_value_488850904(inpval){\n            \tjQuery(\"#ninja_forms_field_50\").val(inpval)\n\n            }\n            <\/script>\n\n\t\t\t<div id=\"ninja_forms_field_50_error\" style=\"display:none;\" class=\"ninja-forms-field-error\">\n\t\t<\/div>\n\t\t\t\t\t\t\t<\/div>\n\t\t\t\t\t\t\t\t\t\t\t\t<div class=\"field-wrap submit-wrap label-above\"  id=\"ninja_forms_field_16_div_wrap\" data-visible=\"1\">\n\t\t\t\t\t\t\t<input type=\"hidden\" id=\"ninja_forms_field_16_type\" value=\"submit\">\n\t<div id=\"nf_submit_17\">\n\t\t<input type=\"submit\" name=\"_ninja_forms_field_16\" class=\"ninja-forms-field \" id=\"ninja_forms_field_16\" value=\"Enviar\" rel=\"16\" >\n\t<\/div>\n\t<div id=\"nf_processing_17\" style=\"display:none;\">\n\t\t<input type=\"submit\" name=\"_ninja_forms_field_16\" class=\"ninja-forms-field \" id=\"ninja_forms_field_16\" value=\"Procesando\" rel=\"16\" disabled>\n\t<\/div>\n\t\t<div id=\"ninja_forms_field_16_error\" style=\"display:none;\" class=\"ninja-forms-field-error\">\n\t\t<\/div>\n\t\t\t\t\t\t\t<\/div>\n\t\t\t\t\t\t\t<\/div>\n\t\t<\/form>\n\t\t<\/div>\n\t\t<\/div>\n\t\n<h3>\u00f3 \u00fanete a nuestro equipo<\/h3>\n<p>Estamos\u00a0constantemente buscando personas\u00a0entusiastas, con una visi\u00f3n abierta y con experiencia, en especial buscamos\u00a0personas con estudios en el \u00e1rea de turismo.\u00a0<a href=\"https:\/\/www.residenceambient.ro\/es\/contact\/work-with-us\/\"><strong>Saber m\u00e1s\u00a0<\/strong><\/a><\/p>\n<p>Datos fiscales:<br \/>\nSC Euro-Tour SRL<br \/>\nCUI \/ VAT : RO11371616<br \/>\nNo. de Registro J1999000028080<br \/>\nSt. Aninoasa 5, Brasov, Romania<br \/>\nRON IBAN : RO60BACX0000003009655000<br \/>\nEURO IBAN : RO06BACX0000003009655002<br \/>\nUNICREDIT, BRASOV<br \/>\nSwift: BACXROBU<br \/>\nCertificados de clasificaci\u00f3n: 14992 y 30841<\/p>\n<figure id=\"attachment_1715\" aria-describedby=\"caption-attachment-1715\" style=\"width: 150px\" class=\"wp-caption alignnone\"><a href=\"https:\/\/www.residenceambient.ro\/contact\/classification-certificate-residence-apartment\/\"><img loading=\"lazy\" decoding=\"async\" class=\"wp-image-1715 size-thumbnail\" title=\"Certificado de Clasificaci\u00f3n del Apartamento\" src=\"https:\/\/www.residenceambient.ro\/wp-content\/uploads\/2024\/10\/Classification-certificate-residence-apartment-150x150.jpg\" alt=\"Certificado de Clasificaci\u00f3n del Apartamento\" width=\"150\" height=\"150\" \/><\/a><figcaption id=\"caption-attachment-1715\" class=\"wp-caption-text\">Certificado de Clasificaci\u00f3n del Apartamento<\/figcaption><\/figure>\n<figure id=\"attachment_1716\" aria-describedby=\"caption-attachment-1716\" style=\"width: 150px\" class=\"wp-caption alignnone\"><a href=\"https:\/\/www.residenceambient.ro\/contact\/classification-certificate-residence-rooms\/\"><img loading=\"lazy\" decoding=\"async\" class=\"wp-image-1716 size-thumbnail\" title=\"Certificado de Clasificaci\u00f3n de las Habitaciones\" src=\"https:\/\/www.residenceambient.ro\/wp-content\/uploads\/2024\/10\/Classification-certificate-residence-rooms-150x150.jpg\" alt=\"Certificado de Clasificaci\u00f3n de las Habitaciones\" width=\"150\" height=\"150\" \/><\/a><figcaption id=\"caption-attachment-1716\" class=\"wp-caption-text\">Certificado de Clasificaci\u00f3n de las Habitaciones<\/figcaption><\/figure>\n<p>[\/vc_column_text][\/vc_column][\/vc_row][vc_row css=\u00bb.vc_custom_1470397530640{margin-bottom: -200px !important;}\u00bb][vc_column][vc_raw_html]JTNDc2NyaXB0JTIwdHlwZSUzRCUyMnRleHQlMkZqYXZhc2NyaXB0JTIyJTIwc3JjJTNEJTIyaHR0cHMlM0ElMkYlMkZvcGVuLnVwcGVyYm9va2luZy5jb20lMkZhbWJpZW50cmVzaWRlbmNlJTJGQm9va2luZy5qcyUzRmxvY2FsZSUzRGVzJTIyJTNFJTNDJTJGc2NyaXB0JTNF[\/vc_raw_html][\/vc_column][\/vc_row]<\/p>","protected":false},"excerpt":{"rendered":"<p>[vc_row][vc_column width=\u00bb7\/12&#8243;][vc_column_text]Si desea realizar una reserva,\u00a0h\u00e1galo directamente en nuestra p\u00e1gina web y obtendr\u00e1 el mejor precio y condiciones[\/vc_column_text][\/vc_column][vc_column width=\u00bb1\/3&#8243; offset=\u00bbvc_col-sm-offset-1&#8243;][vc_column_text] [&hellip;]<\/p>\n","protected":false},"author":1,"featured_media":0,"parent":0,"menu_order":7,"comment_status":"closed","ping_status":"closed","template":"page-templates\/contact-2.php","meta":{"footnotes":""},"yst_prominent_words":[],"class_list":["post-30","page","type-page","status-publish","hentry"],"yoast_head":"<!-- This site is optimized with the Yoast SEO Premium plugin v14.0.2 - https:\/\/yoast.com\/wordpress\/plugins\/seo\/ -->\n<title>Contacto - Ambient Residence - Brasov - Reserva al mejor precio las propriedades Ambient<\/title>\n<meta name=\"robots\" content=\"index, follow\" \/>\n<meta name=\"googlebot\" content=\"index, follow, max-snippet:-1, max-image-preview:large, max-video-preview:-1\" \/>\n<meta name=\"bingbot\" content=\"index, follow, max-snippet:-1, max-image-preview:large, max-video-preview:-1\" \/>\n<link rel=\"canonical\" href=\"https:\/\/www.residenceambient.ro\/contact\/\" \/>\n<meta property=\"og:locale\" content=\"es_ES\" \/>\n<meta property=\"og:type\" content=\"article\" \/>\n<meta property=\"og:title\" content=\"[:ro]Contact[:en]Contact[:es]Contacto[:de]Kontakt[:] - Ambient Residence - Brasov - Reserva al mejor precio las propriedades Ambient\" \/>\n<meta property=\"og:description\" content=\"[vc_row][vc_column width=\u00bb7\/12&#8243;][vc_column_text]Si desea realizar una reserva,\u00a0h\u00e1galo directamente en nuestra p\u00e1gina web y obtendr\u00e1 el mejor precio y condiciones[\/vc_column_text][\/vc_column][vc_column width=\u00bb1\/3&#8243; offset=\u00bbvc_col-sm-offset-1&#8243;][vc_column_text] [&hellip;]\" \/>\n<meta property=\"og:url\" content=\"https:\/\/www.residenceambient.ro\/contact\/\" \/>\n<meta property=\"og:site_name\" content=\"Ambient Residence - Brasov - Reserva al mejor precio las propriedades Ambient\" \/>\n<meta property=\"article:modified_time\" content=\"2026-05-08T22:45:38+00:00\" \/>\n<meta property=\"og:image\" content=\"https:\/\/www.residenceambient.ro\/wp-content\/uploads\/2024\/10\/Classification-certificate-residence-apartment-150x150.jpg\" \/>\n<meta name=\"twitter:card\" content=\"summary_large_image\" \/>\n<script type=\"application\/ld+json\" class=\"yoast-schema-graph\">{\"@context\":\"https:\/\/schema.org\",\"@graph\":[{\"@type\":\"WebSite\",\"@id\":\"https:\/\/www.residenceambient.ro\/es\/#website\",\"url\":\"https:\/\/www.residenceambient.ro\/es\/\",\"name\":\"Ambient Residence - Brasov - Reserva al mejor precio las propriedades Ambient\",\"description\":\"Site Oficial\",\"potentialAction\":[{\"@type\":\"SearchAction\",\"target\":\"https:\/\/www.residenceambient.ro\/es\/?s={search_term_string}\",\"query-input\":\"required name=search_term_string\"}],\"inLanguage\":\"es\"},{\"@type\":\"ImageObject\",\"@id\":\"https:\/\/www.residenceambient.ro\/contact\/#primaryimage\",\"inLanguage\":\"es\",\"url\":\"https:\/\/www.residenceambient.ro\/wp-content\/uploads\/2024\/10\/Classification-certificate-residence-apartment-150x150.jpg\"},{\"@type\":\"WebPage\",\"@id\":\"https:\/\/www.residenceambient.ro\/contact\/#webpage\",\"url\":\"https:\/\/www.residenceambient.ro\/contact\/\",\"name\":\"[:ro]Contact[:en]Contact[:es]Contacto[:de]Kontakt[:] - Ambient Residence - Brasov - Reserva al mejor precio las propriedades Ambient\",\"isPartOf\":{\"@id\":\"https:\/\/www.residenceambient.ro\/es\/#website\"},\"primaryImageOfPage\":{\"@id\":\"https:\/\/www.residenceambient.ro\/contact\/#primaryimage\"},\"datePublished\":\"2016-09-25T13:51:04+00:00\",\"dateModified\":\"2026-05-08T22:45:38+00:00\",\"inLanguage\":\"es\",\"potentialAction\":[{\"@type\":\"ReadAction\",\"target\":[\"https:\/\/www.residenceambient.ro\/contact\/\"]}]}]}<\/script>\n<!-- \/ Yoast SEO Premium plugin. -->","_links":{"self":[{"href":"https:\/\/www.residenceambient.ro\/es\/wp-json\/wp\/v2\/pages\/30","targetHints":{"allow":["GET"]}}],"collection":[{"href":"https:\/\/www.residenceambient.ro\/es\/wp-json\/wp\/v2\/pages"}],"about":[{"href":"https:\/\/www.residenceambient.ro\/es\/wp-json\/wp\/v2\/types\/page"}],"author":[{"embeddable":true,"href":"https:\/\/www.residenceambient.ro\/es\/wp-json\/wp\/v2\/users\/1"}],"replies":[{"embeddable":true,"href":"https:\/\/www.residenceambient.ro\/es\/wp-json\/wp\/v2\/comments?post=30"}],"version-history":[{"count":23,"href":"https:\/\/www.residenceambient.ro\/es\/wp-json\/wp\/v2\/pages\/30\/revisions"}],"predecessor-version":[{"id":1741,"href":"https:\/\/www.residenceambient.ro\/es\/wp-json\/wp\/v2\/pages\/30\/revisions\/1741"}],"wp:attachment":[{"href":"https:\/\/www.residenceambient.ro\/es\/wp-json\/wp\/v2\/media?parent=30"}],"wp:term":[{"taxonomy":"yst_prominent_words","embeddable":true,"href":"https:\/\/www.residenceambient.ro\/es\/wp-json\/wp\/v2\/yst_prominent_words?post=30"}],"curies":[{"name":"wp","href":"https:\/\/api.w.org\/{rel}","templated":true}]}}