{"id":28,"date":"2016-09-25T16:49:27","date_gmt":"2016-09-25T13:49:27","guid":{"rendered":"http:\/\/residenceambient.hotelsperformance.net\/?page_id=28"},"modified":"2023-11-27T22:09:05","modified_gmt":"2023-11-27T20:09:05","slug":"location","status":"publish","type":"page","link":"https:\/\/www.residenceambient.ro\/es\/hotel-services\/location\/","title":{"rendered":"Ubicaci\u00f3n"},"content":{"rendered":"<p>[vc_row css=\u00bb.vc_custom_1467972868962{margin-bottom: -120px !important;}\u00bb][vc_column][vc_column_text]<\/p>\n<h1 style=\"text-align: center;\"><span style=\"color: #542f00;\"><small>En la ciudad Brasov, el coraz\u00f3n de Transilvania, les espera un lugar especial, llamado Residence<\/small><\/span><\/h1>\n<p style=\"text-align: center;\">Situada en el centro antiguo de Brasov, Ambient Residence es el sitio ideal para hospedarse durante su estancia, desde el que podr\u00e1 acceder f\u00e1cilmente a todos los puntos tur\u00edsticos de inter\u00e9s de la ciudad. \u00a0A tan solo unos kilometros encontrar\u00e1n el famoso Castillo Bran, donde podr\u00e1n descubrir la famosa leyenda de \u00abDracula\u00bb, el maravilloso Castillo Peles, residencia real, situado en la ciudad Sinaia, Poiana Bra\u0219ov, una de las 10 mejores estaciones de esqui de Europa, las ciudades Predeal, Sighisoara, Fagaras.<\/p>\n<p style=\"text-align: center;\">Brasov es uno de los centros econ\u00f3micos y culturales m\u00e1s importantes de Rumania visitado por turistas de todas las partes del mundo, que se dejan fascinar por sus calles llenas de historia y por su arquitectura g\u00f3tica, barroca y renacentista.<\/p>\n<p style=\"text-align: center;\">Ambient Residence se encuentra a unos pasos de la Plaza del Consejo y de la Iglesia Negra, uno de los monumentos m\u00e1s representativos de la arquitectura g\u00f3tica en Rumania.<\/p>\n<p>[\/vc_column_text][\/vc_column][\/vc_row][vc_row css=\u00bb.vc_custom_1467972868962{margin-bottom: -120px !important;}\u00bb][vc_column width=\u00bb1\/6&#8243;][\/vc_column][vc_column width=\u00bb2\/3&#8243; css=\u00bb.vc_custom_1596106155060{margin-top: -10px !important;}\u00bb][vc_column_text]<\/p>\n<div class=\"wpb_wrapper\">\n<h2 class=\"wpb_heading wpb_video_heading\">Verano<\/h2>\n<p style=\"text-align: center;\"><div class=\"epyt-video-wrapper\"><iframe loading=\"lazy\"  style=\"display: block; margin: 0px auto;\"  id=\"_ytid_23055\"  width=\"750\" height=\"422\"  data-origwidth=\"750\" data-origheight=\"422\"  src=\"https:\/\/www.youtube.com\/embed\/a19suRLtGWE?enablejsapi=1&origin=https:\/\/www.residenceambient.ro&autoplay=0&cc_load_policy=0&iv_load_policy=3&loop=0&modestbranding=1&rel=0&fs=1&playsinline=0&autohide=2&theme=dark&color=red&controls=1&\" class=\"__youtube_prefs__  no-lazyload\" title=\"YouTube player\"  allow=\"autoplay; encrypted-media\" allowfullscreen data-no-lazy=\"1\" data-skipgform_ajax_framebjll=\"\"><\/iframe><\/div>\n<\/div>\n<p>[\/vc_column_text][vc_column_text]<\/p>\n<div class=\"wpb_wrapper\">\n<h2 class=\"wpb_heading wpb_video_heading\">Invierno<\/h2>\n<p style=\"text-align: center;\"><div class=\"epyt-video-wrapper\"><iframe loading=\"lazy\"  style=\"display: block; margin: 0px auto;\"  id=\"_ytid_29668\"  width=\"750\" height=\"422\"  data-origwidth=\"750\" data-origheight=\"422\"  src=\"https:\/\/www.youtube.com\/embed\/15Z6fwA3rmM?enablejsapi=1&origin=https:\/\/www.residenceambient.ro&autoplay=0&cc_load_policy=0&iv_load_policy=3&loop=0&modestbranding=1&rel=0&fs=1&playsinline=0&autohide=2&theme=dark&color=red&controls=1&\" class=\"__youtube_prefs__  no-lazyload\" title=\"YouTube player\"  allow=\"autoplay; encrypted-media\" allowfullscreen data-no-lazy=\"1\" data-skipgform_ajax_framebjll=\"\"><\/iframe><\/div>\n<\/div>\n<p>[\/vc_column_text][\/vc_column][vc_column width=\u00bb1\/6&#8243;][\/vc_column][\/vc_row][vc_row][vc_column][vc_empty_space height=\u00bb20px\u00bb][vc_single_image image=\u00bb1191&#8243; img_size=\u00bbmedium\u00bb alignment=\u00bbcenter\u00bb onclick=\u00bbcustom_link\u00bb img_link_target=\u00bb_blank\u00bb link=\u00bbhttps:\/\/www.gpsmycity.com\/gps-tour-guides\/brasov-3530.html?hid=1134&#8243; css=\u00bb.vc_custom_1596105779436{margin-bottom: -50px !important;}\u00bb][\/vc_column][\/vc_row][vc_row css=\u00bb.vc_custom_1470399456447{margin-top: -200px !important;}\u00bb][vc_column][vc_raw_html]JTNDc2NyaXB0JTIwdHlwZSUzRCUyMnRleHQlMkZqYXZhc2NyaXB0JTIyJTIwc3JjJTNEJTIyaHR0cHMlM0ElMkYlMkZvcGVuLnVwcGVyYm9va2luZy5jb20lMkZhbWJpZW50cmVzaWRlbmNlJTJGQm9va2luZy5qcyUzRmxvY2FsZSUzRGVzJTIyJTNFJTNDJTJGc2NyaXB0JTNF[\/vc_raw_html][\/vc_column][\/vc_row]<\/p>","protected":false},"excerpt":{"rendered":"<p>[vc_row css=\u00bb.vc_custom_1467972868962{margin-bottom: -120px !important;}\u00bb][vc_column][vc_column_text] En la ciudad Brasov, el coraz\u00f3n de Transilvania, les espera un lugar especial, llamado Residence Situada [&hellip;]<\/p>\n","protected":false},"author":1,"featured_media":0,"parent":11,"menu_order":5,"comment_status":"closed","ping_status":"closed","template":"page-templates\/contact.php","meta":{"footnotes":""},"yst_prominent_words":[],"class_list":["post-28","page","type-page","status-publish","hentry"],"yoast_head":"<!-- This site is optimized with the Yoast SEO Premium plugin v14.0.2 - https:\/\/yoast.com\/wordpress\/plugins\/seo\/ -->\n<title>Ubicaci\u00f3n - Ambient Residence - Brasov - Reserva al mejor precio las propriedades Ambient<\/title>\n<meta name=\"robots\" content=\"index, follow\" \/>\n<meta name=\"googlebot\" content=\"index, follow, max-snippet:-1, max-image-preview:large, max-video-preview:-1\" \/>\n<meta name=\"bingbot\" content=\"index, follow, max-snippet:-1, max-image-preview:large, max-video-preview:-1\" \/>\n<link rel=\"canonical\" href=\"https:\/\/www.residenceambient.ro\/hotel-services\/location\/\" \/>\n<meta property=\"og:locale\" content=\"es_ES\" \/>\n<meta property=\"og:type\" content=\"article\" \/>\n<meta property=\"og:title\" content=\"[:ro]Loca\u0163ie[:en]Location[:es]Ubicaci\u00f3n[:de]Lage[:] - Ambient Residence - Brasov - Reserva al mejor precio las propriedades Ambient\" \/>\n<meta property=\"og:description\" content=\"[vc_row css=\u00bb.vc_custom_1467972868962{margin-bottom: -120px !important;}\u00bb][vc_column][vc_column_text] En la ciudad Brasov, el coraz\u00f3n de Transilvania, les espera un lugar especial, llamado Residence Situada [&hellip;]\" \/>\n<meta property=\"og:url\" content=\"https:\/\/www.residenceambient.ro\/hotel-services\/location\/\" \/>\n<meta property=\"og:site_name\" content=\"Ambient Residence - Brasov - Reserva al mejor precio las propriedades Ambient\" \/>\n<meta property=\"article:modified_time\" content=\"2023-11-27T20:09:05+00:00\" \/>\n<meta name=\"twitter:card\" content=\"summary_large_image\" \/>\n<script type=\"application\/ld+json\" class=\"yoast-schema-graph\">{\"@context\":\"https:\/\/schema.org\",\"@graph\":[{\"@type\":\"WebSite\",\"@id\":\"https:\/\/www.residenceambient.ro\/es\/#website\",\"url\":\"https:\/\/www.residenceambient.ro\/es\/\",\"name\":\"Ambient Residence - Brasov - Reserva al mejor precio las propriedades Ambient\",\"description\":\"Site Oficial\",\"potentialAction\":[{\"@type\":\"SearchAction\",\"target\":\"https:\/\/www.residenceambient.ro\/es\/?s={search_term_string}\",\"query-input\":\"required name=search_term_string\"}],\"inLanguage\":\"es\"},{\"@type\":\"WebPage\",\"@id\":\"https:\/\/www.residenceambient.ro\/hotel-services\/location\/#webpage\",\"url\":\"https:\/\/www.residenceambient.ro\/hotel-services\/location\/\",\"name\":\"[:ro]Loca\\u0163ie[:en]Location[:es]Ubicaci\\u00f3n[:de]Lage[:] - Ambient Residence - Brasov - Reserva al mejor precio las propriedades Ambient\",\"isPartOf\":{\"@id\":\"https:\/\/www.residenceambient.ro\/es\/#website\"},\"datePublished\":\"2016-09-25T13:49:27+00:00\",\"dateModified\":\"2023-11-27T20:09:05+00:00\",\"inLanguage\":\"es\",\"potentialAction\":[{\"@type\":\"ReadAction\",\"target\":[\"https:\/\/www.residenceambient.ro\/hotel-services\/location\/\"]}]}]}<\/script>\n<!-- \/ Yoast SEO Premium plugin. -->","_links":{"self":[{"href":"https:\/\/www.residenceambient.ro\/es\/wp-json\/wp\/v2\/pages\/28","targetHints":{"allow":["GET"]}}],"collection":[{"href":"https:\/\/www.residenceambient.ro\/es\/wp-json\/wp\/v2\/pages"}],"about":[{"href":"https:\/\/www.residenceambient.ro\/es\/wp-json\/wp\/v2\/types\/page"}],"author":[{"embeddable":true,"href":"https:\/\/www.residenceambient.ro\/es\/wp-json\/wp\/v2\/users\/1"}],"replies":[{"embeddable":true,"href":"https:\/\/www.residenceambient.ro\/es\/wp-json\/wp\/v2\/comments?post=28"}],"version-history":[{"count":27,"href":"https:\/\/www.residenceambient.ro\/es\/wp-json\/wp\/v2\/pages\/28\/revisions"}],"predecessor-version":[{"id":1657,"href":"https:\/\/www.residenceambient.ro\/es\/wp-json\/wp\/v2\/pages\/28\/revisions\/1657"}],"up":[{"embeddable":true,"href":"https:\/\/www.residenceambient.ro\/es\/wp-json\/wp\/v2\/pages\/11"}],"wp:attachment":[{"href":"https:\/\/www.residenceambient.ro\/es\/wp-json\/wp\/v2\/media?parent=28"}],"wp:term":[{"taxonomy":"yst_prominent_words","embeddable":true,"href":"https:\/\/www.residenceambient.ro\/es\/wp-json\/wp\/v2\/yst_prominent_words?post=28"}],"curies":[{"name":"wp","href":"https:\/\/api.w.org\/{rel}","templated":true}]}}