{"id":193,"date":"2016-09-28T00:02:40","date_gmt":"2016-09-27T21:02:40","guid":{"rendered":"http:\/\/residenceambient.hotelsperformance.net\/?page_id=193"},"modified":"2022-05-26T21:54:08","modified_gmt":"2022-05-26T18:54:08","slug":"massage","status":"publish","type":"page","link":"https:\/\/www.residenceambient.ro\/es\/hotel-services\/massage\/","title":{"rendered":"Masajes"},"content":{"rendered":"<p>[vc_row full_width=\u00bbstretch_row\u00bb position=\u00bbright center\u00bb css=\u00bb.vc_custom_1475442441575{background-image: url(https:\/\/www.residenceambient.ro\/wp-content\/uploads\/2016\/09\/massagev003.png?id=334) !important;background-position: 0 0 !important;background-repeat: no-repeat !important;}\u00bb el_class=\u00bbbackground-none-mobile\u00bb][vc_column width=\u00bb1\/2&#8243;][vc_column_text]<\/p>\n<h2><span style=\"color: #542f00;\">UN PLACER PARA LOS SENTIDOS<\/span><\/h2>\n<p>Tras un d\u00eda de viaje, tras recorrer la ciudad y los mejores sitios del entorno, les invitamos a disfrutar de un momento de paz.<\/p>\n<p>En\u00a0Ambient pensamos\u00a0siempre en el bienestar de nuestros\u00a0hu\u00e9spedes\u00a0y sabemos que tras un d\u00eda intenso, no hay nada mejor que un buen masaje para relajarse.<\/p>\n<p>Para que su estancia sea perfecta, si lo desean pueden disfrutar de un masaje en su propia habitaci\u00f3n con un\/una masajista profesional que les ayudar\u00e1 a liberar las tensiones del d\u00eda.[\/vc_column_text][\/vc_column][\/vc_row][vc_row full_width=\u00bbstretch_row\u00bb parallax=\u00bbcontent-moving\u00bb css=\u00bb.vc_custom_1475441943864{margin-top: -10px !important;margin-bottom: -10px !important;background-image: url(https:\/\/www.residenceambient.ro\/wp-content\/uploads\/2016\/09\/massagev005.jpg?id=322) !important;background-position: center;background-repeat: no-repeat !important;background-size: cover !important;}\u00bb el_class=\u00bbcontent-padding-mobile-none\u00bb][vc_column width=\u00bb1\/2&#8243; el_class=\u00bbwhite-box content-padding-xs\u00bb][vc_column_text]<\/p>\n<h1><small><span style=\"color: #542f00;\">MASAJES RELAJANTES EN SU HABITACI\u00d3N<\/span><\/small><\/h1>\n<p>Disfrute de un masaje relajarte profesional y elimine el stress acumulado a lo largo del d\u00eda.<\/p>\n<p>Se aplica en el cuerpo entero, con una presi\u00f3n suave y alivia la tensi\u00f3n, los dolores musculares leves, proporcionando una sensaci\u00f3n placentera. Gracias a la aplicaci\u00f3n con aceites esenciales, el masaje ayuda tambi\u00e9n en la hidrataci\u00f3n de la piel.<\/p>\n<p>El masaje tiene una duraci\u00f3n de 50 minutos y un coste de 40\u20ac por persona, se realiza en la habitaci\u00f3n del hu\u00e9sped y el masajista dispone de una camilla port\u00e1til[\/vc_column_text][\/vc_column][\/vc_row][vc_row css=\u00bb.vc_custom_1475442270722{margin-top: -180px !important;margin-bottom: -10px !important;}\u00bb][vc_column css=\u00bb.vc_custom_1472400413378{margin-top: 170px !important;margin-bottom: 10px !important;}\u00bb][vc_separator color=\u00bbcustom\u00bb border_width=\u00bb2&#8243; accent_color=\u00bb#542f00&#8243;][\/vc_column][\/vc_row][vc_row css=\u00bb.vc_custom_1470397530640{margin-bottom: -200px !important;}\u00bb][vc_column][vc_raw_html]JTNDc2NyaXB0JTIwdHlwZSUzRCUyMnRleHQlMkZqYXZhc2NyaXB0JTIyJTIwc3JjJTNEJTIyaHR0cHMlM0ElMkYlMkZvcGVuLnVwcGVyYm9va2luZy5jb20lMkZhbWJpZW50cmVzaWRlbmNlJTJGQm9va2luZy5qcyUzRmxvY2FsZSUzRGVzJTIyJTNFJTNDJTJGc2NyaXB0JTNF[\/vc_raw_html][\/vc_column][\/vc_row]<\/p>","protected":false},"excerpt":{"rendered":"<p>[vc_row full_width=\u00bbstretch_row\u00bb position=\u00bbright center\u00bb css=\u00bb.vc_custom_1475442441575{background-image: url(https:\/\/www.residenceambient.ro\/wp-content\/uploads\/2016\/09\/massagev003.png?id=334) !important;background-position: 0 0 !important;background-repeat: no-repeat !important;}\u00bb el_class=\u00bbbackground-none-mobile\u00bb][vc_column width=\u00bb1\/2&#8243;][vc_column_text] UN PLACER PARA LOS SENTIDOS Tras [&hellip;]<\/p>\n","protected":false},"author":1,"featured_media":0,"parent":11,"menu_order":4,"comment_status":"closed","ping_status":"closed","template":"","meta":{"footnotes":""},"yst_prominent_words":[],"class_list":["post-193","page","type-page","status-publish","hentry"],"yoast_head":"<!-- This site is optimized with the Yoast SEO Premium plugin v14.0.2 - https:\/\/yoast.com\/wordpress\/plugins\/seo\/ -->\n<title>Masajes - Ambient Residence - Brasov - Reserva al mejor precio las propriedades Ambient<\/title>\n<meta name=\"robots\" content=\"index, follow\" \/>\n<meta name=\"googlebot\" content=\"index, follow, max-snippet:-1, max-image-preview:large, max-video-preview:-1\" \/>\n<meta name=\"bingbot\" content=\"index, follow, max-snippet:-1, max-image-preview:large, max-video-preview:-1\" \/>\n<link rel=\"canonical\" href=\"https:\/\/www.residenceambient.ro\/hotel-services\/massage\/\" \/>\n<meta property=\"og:locale\" content=\"es_ES\" \/>\n<meta property=\"og:type\" content=\"article\" \/>\n<meta property=\"og:title\" content=\"[:ro]Masaje[:en]Massage[:es]Masajes[:de]Massage[:] - Ambient Residence - Brasov - Reserva al mejor precio las propriedades Ambient\" \/>\n<meta property=\"og:description\" content=\"[vc_row full_width=\u00bbstretch_row\u00bb position=\u00bbright center\u00bb css=\u00bb.vc_custom_1475442441575{background-image: url(https:\/\/www.residenceambient.ro\/wp-content\/uploads\/2016\/09\/massagev003.png?id=334) !important;background-position: 0 0 !important;background-repeat: no-repeat !important;}\u00bb el_class=\u00bbbackground-none-mobile\u00bb][vc_column width=\u00bb1\/2&#8243;][vc_column_text] UN PLACER PARA LOS SENTIDOS Tras [&hellip;]\" \/>\n<meta property=\"og:url\" content=\"https:\/\/www.residenceambient.ro\/hotel-services\/massage\/\" \/>\n<meta property=\"og:site_name\" content=\"Ambient Residence - Brasov - Reserva al mejor precio las propriedades Ambient\" \/>\n<meta property=\"article:modified_time\" content=\"2022-05-26T18:54:08+00:00\" \/>\n<meta name=\"twitter:card\" content=\"summary_large_image\" \/>\n<script type=\"application\/ld+json\" class=\"yoast-schema-graph\">{\"@context\":\"https:\/\/schema.org\",\"@graph\":[{\"@type\":\"WebSite\",\"@id\":\"https:\/\/www.residenceambient.ro\/es\/#website\",\"url\":\"https:\/\/www.residenceambient.ro\/es\/\",\"name\":\"Ambient Residence - Brasov - Reserva al mejor precio las propriedades Ambient\",\"description\":\"Site Oficial\",\"potentialAction\":[{\"@type\":\"SearchAction\",\"target\":\"https:\/\/www.residenceambient.ro\/es\/?s={search_term_string}\",\"query-input\":\"required name=search_term_string\"}],\"inLanguage\":\"es\"},{\"@type\":\"WebPage\",\"@id\":\"https:\/\/www.residenceambient.ro\/hotel-services\/massage\/#webpage\",\"url\":\"https:\/\/www.residenceambient.ro\/hotel-services\/massage\/\",\"name\":\"[:ro]Masaje[:en]Massage[:es]Masajes[:de]Massage[:] - Ambient Residence - Brasov - Reserva al mejor precio las propriedades Ambient\",\"isPartOf\":{\"@id\":\"https:\/\/www.residenceambient.ro\/es\/#website\"},\"datePublished\":\"2016-09-27T21:02:40+00:00\",\"dateModified\":\"2022-05-26T18:54:08+00:00\",\"inLanguage\":\"es\",\"potentialAction\":[{\"@type\":\"ReadAction\",\"target\":[\"https:\/\/www.residenceambient.ro\/hotel-services\/massage\/\"]}]}]}<\/script>\n<!-- \/ Yoast SEO Premium plugin. -->","_links":{"self":[{"href":"https:\/\/www.residenceambient.ro\/es\/wp-json\/wp\/v2\/pages\/193","targetHints":{"allow":["GET"]}}],"collection":[{"href":"https:\/\/www.residenceambient.ro\/es\/wp-json\/wp\/v2\/pages"}],"about":[{"href":"https:\/\/www.residenceambient.ro\/es\/wp-json\/wp\/v2\/types\/page"}],"author":[{"embeddable":true,"href":"https:\/\/www.residenceambient.ro\/es\/wp-json\/wp\/v2\/users\/1"}],"replies":[{"embeddable":true,"href":"https:\/\/www.residenceambient.ro\/es\/wp-json\/wp\/v2\/comments?post=193"}],"version-history":[{"count":28,"href":"https:\/\/www.residenceambient.ro\/es\/wp-json\/wp\/v2\/pages\/193\/revisions"}],"predecessor-version":[{"id":1501,"href":"https:\/\/www.residenceambient.ro\/es\/wp-json\/wp\/v2\/pages\/193\/revisions\/1501"}],"up":[{"embeddable":true,"href":"https:\/\/www.residenceambient.ro\/es\/wp-json\/wp\/v2\/pages\/11"}],"wp:attachment":[{"href":"https:\/\/www.residenceambient.ro\/es\/wp-json\/wp\/v2\/media?parent=193"}],"wp:term":[{"taxonomy":"yst_prominent_words","embeddable":true,"href":"https:\/\/www.residenceambient.ro\/es\/wp-json\/wp\/v2\/yst_prominent_words?post=193"}],"curies":[{"name":"wp","href":"https:\/\/api.w.org\/{rel}","templated":true}]}}