{"id":17,"date":"2016-09-25T16:35:34","date_gmt":"2016-09-25T13:35:34","guid":{"rendered":"http:\/\/residenceambient.hotelsperformance.net\/?page_id=17"},"modified":"2023-08-21T18:17:00","modified_gmt":"2023-08-21T15:17:00","slug":"conference-hall-2","status":"publish","type":"page","link":"https:\/\/www.residenceambient.ro\/es\/hotel-services\/conference-hall-2\/","title":{"rendered":"Sala de conferencias"},"content":{"rendered":"<p>[vc_row][vc_column width=\u00bb2\/3&#8243;][vc_column_text]<\/p>\n<h1><small><span style=\"color: #542f00;\">La sala de reuniones y nuestro equipo\u00a0har\u00e1n que tu evento sea perfecto<\/span>.<\/small><\/h1>\n<p>En el Grupo Ambient contamos con amplia experiencia en la organizaci\u00f3n de eventos, unido a una sala de reuniones perfectamente equipada lograr\u00e1n que el evento que estas planeando salga adelante de una forma r\u00e1pida, eficiente, y con un resultado magnifico.<\/p>\n<p>La sala de reuniones cuenta con todo el equipamiento que puedas necesitar: Proyector, pantalla, TV, \u00a0aire acondicionado, calefacci\u00f3n, servicios de catering, etc.[\/vc_column_text][\/vc_column][\/vc_row][vc_row css=\u00bb.vc_custom_1475605367574{margin-top: -150px !important;}\u00bb][vc_column width=\u00bb1\/2&#8243;][vc_images_carousel images=\u00bb341,342,343&#8243; speed=\u00bb10000&#8243;][\/vc_column][vc_column width=\u00bb1\/2&#8243;][vc_column_text css=\u00bb.vc_custom_1475508259955{margin-left: 60px !important;}\u00bb]<\/p>\n<h4><span style=\"color: #542f00;\">Disposici\u00f3n<\/span><\/h4>\n<p>[\/vc_column_text][vc_row_inner][vc_column_inner width=\u00bb1\/4&#8243;][vc_column_text]<\/p>\n<table class=\"table table-responsive\">\n<tbody>\n<tr>\n<td align=\"center\" valign=\"top\"><small><span style=\"font-family: Helvetica, Arial, sans-serif;\">Teatro<br \/>\n<\/span><\/small><\/td>\n<\/tr>\n<tr>\n<td align=\"center\" valign=\"top\"><small><span style=\"font-family: Helvetica, Arial, sans-serif;\"><img loading=\"lazy\" decoding=\"async\" src=\"\/wp-content\/uploads\/2023\/08\/Teatro.png\" alt=\"Teatro\" width=\"60\" height=\"60\" \/><br \/>\n<\/span><\/small><\/td>\n<\/tr>\n<tr>\n<td align=\"center\" valign=\"top\"><small><span style=\"font-family: Helvetica, Arial, sans-serif;\">37\u00a0personas<br \/>\n<\/span><\/small><\/td>\n<\/tr>\n<\/tbody>\n<\/table>\n<p>[\/vc_column_text][\/vc_column_inner][vc_column_inner width=\u00bb1\/4&#8243;][vc_column_text]<\/p>\n<table class=\"table table-responsive\">\n<tbody>\n<tr>\n<td align=\"center\" valign=\"top\"><small><span style=\"font-family: Helvetica, Arial, sans-serif;\">Forma de U<br \/>\n<\/span><\/small><\/td>\n<\/tr>\n<tr>\n<td align=\"center\" valign=\"top\"><small><span style=\"font-family: Helvetica, Arial, sans-serif;\"><img loading=\"lazy\" decoding=\"async\" src=\"https:\/\/www.residenceambient.ro\/wp-content\/uploads\/2023\/08\/FormaU-1.png\" alt=\"Forma de U\" width=\"60\" height=\"60\" \/><\/span><\/small><\/td>\n<\/tr>\n<tr>\n<td align=\"center\" valign=\"top\"><small><span style=\"font-family: Helvetica, Arial, sans-serif;\">22\u00a0personas<\/span><\/small><\/td>\n<\/tr>\n<\/tbody>\n<\/table>\n<p>[\/vc_column_text][\/vc_column_inner][vc_column_inner width=\u00bb1\/4&#8243;][vc_column_text]<\/p>\n<table class=\"table table-responsive\">\n<tbody>\n<tr>\n<td align=\"center\" valign=\"top\"><small><span style=\"font-family: Helvetica, Arial, sans-serif;\">Sala de Clase<\/span><\/small><\/td>\n<\/tr>\n<tr>\n<td align=\"center\" valign=\"top\"><small><span style=\"font-family: Helvetica, Arial, sans-serif;\"><img loading=\"lazy\" decoding=\"async\" src=\"https:\/\/www.residenceambient.ro\/wp-content\/uploads\/2023\/08\/Clase-1.png\" alt=\"Clase\" width=\"60\" height=\"60\" \/><\/span><\/small><\/td>\n<\/tr>\n<tr>\n<td align=\"center\" valign=\"top\"><small><span style=\"font-family: Helvetica, Arial, sans-serif;\">18\u00a0personas<\/span><\/small><\/td>\n<\/tr>\n<\/tbody>\n<\/table>\n<p>[\/vc_column_text][\/vc_column_inner][vc_column_inner width=\u00bb1\/4&#8243;][vc_column_text]<\/p>\n<table class=\"table table-responsive\">\n<tbody>\n<tr>\n<td align=\"center\" valign=\"top\"><small><span style=\"font-family: Helvetica, Arial, sans-serif;\">Mesa Redonda<br \/>\n<\/span><\/small><\/td>\n<\/tr>\n<tr>\n<td align=\"center\" valign=\"top\"><small><span style=\"font-family: Helvetica, Arial, sans-serif;\"><img loading=\"lazy\" decoding=\"async\" src=\"https:\/\/www.residenceambient.ro\/wp-content\/uploads\/2023\/08\/mesaredonda.png\" alt=\"mesa\" width=\"60\" height=\"60\" \/><br \/>\n<\/span><\/small><\/td>\n<\/tr>\n<tr>\n<td align=\"center\" valign=\"top\"><small><span style=\"font-family: Helvetica, Arial, sans-serif;\">25\u00a0personas<\/span><\/small><\/td>\n<\/tr>\n<\/tbody>\n<\/table>\n<p>[\/vc_column_text][\/vc_column_inner][\/vc_row_inner][\/vc_column][\/vc_row][vc_row css=\u00bb.vc_custom_1475605386744{margin-top: -150px !important;}\u00bb][vc_column width=\u00bb1\/4&#8243;][vc_column_text]<\/p>\n<h4><span style=\"color: #542f00;\">Dimensiones<\/span><\/h4>\n<ul class=\"list-pointer\">\n<li>Largo: 8,9 metros<\/li>\n<li>Ancho: 6,5 metros<\/li>\n<li>Superficie: 55\u00a0metros cuadrados<\/li>\n<li>Altura m\u00e1xima: 5\u00a0metros<\/li>\n<li>Altura m\u00ednima: 2,5 metros<\/li>\n<\/ul>\n<p>[\/vc_column_text][\/vc_column][vc_column width=\u00bb1\/4&#8243;][vc_column_text]<\/p>\n<h4><span style=\"color: #542f00;\">Comodidades<\/span><\/h4>\n<ul class=\"list-pointer\">\n<li>Aire Acondicionado, Climatizador bizona.<\/li>\n<li>Luz natural<\/li>\n<li>Oscuridad<\/li>\n<li>Servicios catering<\/li>\n<\/ul>\n<p>[\/vc_column_text][\/vc_column][vc_column width=\u00bb1\/4&#8243;][vc_column_text]<\/p>\n<h4><span style=\"color: #542f00;\">Equipamiento<\/span><\/h4>\n<ul class=\"list-pointer\">\n<li>Acceso a\u00a0internet wireless<\/li>\n<li>Flipchart, papel, rotuladores<\/li>\n<li>Pizarra<\/li>\n<li>Plasma TV\/ LCD<\/li>\n<li>Video proyector y Pantalla<\/li>\n<li>Laptop, PC bajo peticion<\/li>\n<li>Impresora, fotocopiadora, fax<\/li>\n<li>Sistema de audio y video conferencia bajo petici\u00f3n<\/li>\n<\/ul>\n<p>[\/vc_column_text][\/vc_column][vc_column width=\u00bb1\/4&#8243;][vc_column_text]<\/p>\n<h4><span style=\"color: #542f00;\">Parking<\/span><\/h4>\n<p>Parking publico frente al establecimiento (de pago):<\/p>\n<ul class=\"list-pointer\">\n<li>Precio por d\u00eda: 15 Lei\/Veh\u00edculo<\/li>\n<li>Precio por hora: 1,5 Lei\/Veh\u00edculo<\/li>\n<\/ul>\n<p>[\/vc_column_text][\/vc_column][\/vc_row][vc_row css=\u00bb.vc_custom_1472388206669{margin-bottom: -70px !important;}\u00bb][vc_column css=\u00bb.vc_custom_1472388503812{margin-top: -120px !important;margin-bottom: -60px !important;}\u00bb][vc_separator color=\u00bbcustom\u00bb border_width=\u00bb2&#8243; accent_color=\u00bb#542f00&#8243;][\/vc_column][\/vc_row][vc_row css=\u00bb.vc_custom_1472387681159{margin-top: -130px !important;margin-bottom: -50px !important;}\u00bb][vc_column css=\u00bb.vc_custom_1472388580844{margin-top: -90px !important;}\u00bb][vc_column_text]<\/p>\n<h2 class=\"text-center\" style=\"text-align: center;\"><span style=\"color: #542f00;\"><i class='fa fa-fw fa-book center-block ' style=''><\/i><\/span>Reservas e informaci\u00f3n<\/h2>\n<p style=\"text-align: center;\">Estamos a su disposici\u00f3n para celebrar juntos un evento de \u00e9xito<\/p>\n<p style=\"text-align: center;\"><a href=\"tel:004 0771796069\">004 0771 796 069<\/a><br \/>\n<a href=\"mailto:office@residenceambient.ro\">office@residenceambient.ro<\/a><\/p>\n<p>[\/vc_column_text][\/vc_column][\/vc_row][vc_row css=\u00bb.vc_custom_1470397530640{margin-bottom: -200px !important;}\u00bb][vc_column][vc_raw_html]JTNDc2NyaXB0JTIwdHlwZSUzRCUyMnRleHQlMkZqYXZhc2NyaXB0JTIyJTIwc3JjJTNEJTIyaHR0cHMlM0ElMkYlMkZvcGVuLnVwcGVyYm9va2luZy5jb20lMkZhbWJpZW50cmVzaWRlbmNlJTJGQm9va2luZy5qcyUzRmxvY2FsZSUzRGVzJTIyJTNFJTNDJTJGc2NyaXB0JTNF[\/vc_raw_html][\/vc_column][\/vc_row]<\/p>","protected":false},"excerpt":{"rendered":"<p>[vc_row][vc_column width=\u00bb2\/3&#8243;][vc_column_text] La sala de reuniones y nuestro equipo\u00a0har\u00e1n que tu evento sea perfecto. En el Grupo Ambient contamos con [&hellip;]<\/p>\n","protected":false},"author":1,"featured_media":0,"parent":11,"menu_order":1,"comment_status":"closed","ping_status":"closed","template":"","meta":{"footnotes":""},"yst_prominent_words":[157,129,156,159,153,165,155,169,171,162,168,154,161,158,170,163,160,164,167,166],"class_list":["post-17","page","type-page","status-publish","hentry"],"yoast_head":"<!-- This site is optimized with the Yoast SEO Premium plugin v14.0.2 - https:\/\/yoast.com\/wordpress\/plugins\/seo\/ -->\n<title>Sala de conferencias - Ambient Residence - Brasov - Reserva al mejor precio las propriedades Ambient<\/title>\n<meta name=\"robots\" content=\"index, follow\" \/>\n<meta name=\"googlebot\" content=\"index, follow, max-snippet:-1, max-image-preview:large, max-video-preview:-1\" \/>\n<meta name=\"bingbot\" content=\"index, follow, max-snippet:-1, max-image-preview:large, max-video-preview:-1\" \/>\n<link rel=\"canonical\" href=\"https:\/\/www.residenceambient.ro\/hotel-services\/conference-hall-2\/\" \/>\n<meta property=\"og:locale\" content=\"es_ES\" \/>\n<meta property=\"og:type\" content=\"article\" \/>\n<meta property=\"og:title\" content=\"[:ro]Sala de Conferin\u021be[:en]Conference Hall[:es]Sala de conferencias[:de]Konferenzsaal[:] - Ambient Residence - Brasov - Reserva al mejor precio las propriedades Ambient\" \/>\n<meta property=\"og:description\" content=\"[vc_row][vc_column width=\u00bb2\/3&#8243;][vc_column_text] La sala de reuniones y nuestro equipo\u00a0har\u00e1n que tu evento sea perfecto. En el Grupo Ambient contamos con [&hellip;]\" \/>\n<meta property=\"og:url\" content=\"https:\/\/www.residenceambient.ro\/hotel-services\/conference-hall-2\/\" \/>\n<meta property=\"og:site_name\" content=\"Ambient Residence - Brasov - Reserva al mejor precio las propriedades Ambient\" \/>\n<meta property=\"article:modified_time\" content=\"2023-08-21T15:17:00+00:00\" \/>\n<meta property=\"og:image\" content=\"https:\/\/www.residenceambient.ro\/wp-content\/uploads\/2023\/08\/Teatro.png\" \/>\n<meta name=\"twitter:card\" content=\"summary_large_image\" \/>\n<script type=\"application\/ld+json\" class=\"yoast-schema-graph\">{\"@context\":\"https:\/\/schema.org\",\"@graph\":[{\"@type\":\"WebSite\",\"@id\":\"https:\/\/www.residenceambient.ro\/es\/#website\",\"url\":\"https:\/\/www.residenceambient.ro\/es\/\",\"name\":\"Ambient Residence - Brasov - Reserva al mejor precio las propriedades Ambient\",\"description\":\"Site Oficial\",\"potentialAction\":[{\"@type\":\"SearchAction\",\"target\":\"https:\/\/www.residenceambient.ro\/es\/?s={search_term_string}\",\"query-input\":\"required name=search_term_string\"}],\"inLanguage\":\"es\"},{\"@type\":\"ImageObject\",\"@id\":\"https:\/\/www.residenceambient.ro\/hotel-services\/conference-hall-2\/#primaryimage\",\"inLanguage\":\"es\",\"url\":\"https:\/\/www.residenceambient.ro\/wp-content\/uploads\/2023\/08\/Teatro.png\",\"width\":60,\"height\":60},{\"@type\":\"WebPage\",\"@id\":\"https:\/\/www.residenceambient.ro\/hotel-services\/conference-hall-2\/#webpage\",\"url\":\"https:\/\/www.residenceambient.ro\/hotel-services\/conference-hall-2\/\",\"name\":\"[:ro]Sala de Conferin\\u021be[:en]Conference Hall[:es]Sala de conferencias[:de]Konferenzsaal[:] - Ambient Residence - Brasov - Reserva al mejor precio las propriedades Ambient\",\"isPartOf\":{\"@id\":\"https:\/\/www.residenceambient.ro\/es\/#website\"},\"primaryImageOfPage\":{\"@id\":\"https:\/\/www.residenceambient.ro\/hotel-services\/conference-hall-2\/#primaryimage\"},\"datePublished\":\"2016-09-25T13:35:34+00:00\",\"dateModified\":\"2023-08-21T15:17:00+00:00\",\"inLanguage\":\"es\",\"potentialAction\":[{\"@type\":\"ReadAction\",\"target\":[\"https:\/\/www.residenceambient.ro\/hotel-services\/conference-hall-2\/\"]}]}]}<\/script>\n<!-- \/ Yoast SEO Premium plugin. -->","_links":{"self":[{"href":"https:\/\/www.residenceambient.ro\/es\/wp-json\/wp\/v2\/pages\/17","targetHints":{"allow":["GET"]}}],"collection":[{"href":"https:\/\/www.residenceambient.ro\/es\/wp-json\/wp\/v2\/pages"}],"about":[{"href":"https:\/\/www.residenceambient.ro\/es\/wp-json\/wp\/v2\/types\/page"}],"author":[{"embeddable":true,"href":"https:\/\/www.residenceambient.ro\/es\/wp-json\/wp\/v2\/users\/1"}],"replies":[{"embeddable":true,"href":"https:\/\/www.residenceambient.ro\/es\/wp-json\/wp\/v2\/comments?post=17"}],"version-history":[{"count":42,"href":"https:\/\/www.residenceambient.ro\/es\/wp-json\/wp\/v2\/pages\/17\/revisions"}],"predecessor-version":[{"id":1633,"href":"https:\/\/www.residenceambient.ro\/es\/wp-json\/wp\/v2\/pages\/17\/revisions\/1633"}],"up":[{"embeddable":true,"href":"https:\/\/www.residenceambient.ro\/es\/wp-json\/wp\/v2\/pages\/11"}],"wp:attachment":[{"href":"https:\/\/www.residenceambient.ro\/es\/wp-json\/wp\/v2\/media?parent=17"}],"wp:term":[{"taxonomy":"yst_prominent_words","embeddable":true,"href":"https:\/\/www.residenceambient.ro\/es\/wp-json\/wp\/v2\/yst_prominent_words?post=17"}],"curies":[{"name":"wp","href":"https:\/\/api.w.org\/{rel}","templated":true}]}}