{"id":11,"date":"2016-09-25T16:32:23","date_gmt":"2016-09-25T13:32:23","guid":{"rendered":"http:\/\/residenceambient.hotelsperformance.net\/?page_id=11"},"modified":"2023-04-29T17:47:16","modified_gmt":"2023-04-29T14:47:16","slug":"hotel-services","status":"publish","type":"page","link":"https:\/\/www.residenceambient.ro\/es\/hotel-services\/","title":{"rendered":"Servicios"},"content":{"rendered":"<p><\/p>\n<p>[vc_row disable_element=\u00bbyes\u00bb position=\u00bbright center\u00bb css=\u00bb.vc_custom_1475179770387{background-image: url(https:\/\/www.residenceambient.ro\/wp-content\/uploads\/2016\/09\/Detallev002.png?id=247) !important;background-position: 0 0 !important;background-repeat: no-repeat !important;}\u00bb el_class=\u00bbbackground-none-mobile\u00bb][vc_column width=\u00bb1\/2&#8243;][vc_column_text]<\/p>\n<h3 style=\"text-align: center;\"><span style=\"color: #542f00;\">Un espacio acogedor con los mejores servicios<\/span><\/h3>\n<p style=\"text-align: center;\"><strong>Todo lo que pueda necesitar para una estancia agradable\u00a0<\/strong><\/p>\n<p style=\"text-align: center;\">Tratamos de ofrecer los mejores servicios a un precio asequible para que pueda disfrutar de su estancia igual que si estuviese en un hotel de 5 estrellas.<\/p>\n<p style=\"text-align: center;\">Situada muy pr\u00f3xima al\u00a0<strong>centro\u00a0hist\u00f3rico de Brasov<\/strong>, la Residencia\u00a0Ambient es lugar perfecto para explorar\u00a0una de las ciudades mediovales europeas mejor conservadas. En nuestro establecimiento podr\u00e1 disfrutar de unas habitaciones confortables, modernas y acogedoras al mejor precio Ambient.<\/p>\n<p style=\"text-align: center;\">En nuestro establecimiento encontrar\u00e1 todos los servicios que pueda desear; <strong>desayunos<\/strong> (con 2 opciones; a la carta en la propia residencia o un extendido buffet en la Pensi\u00f3n Ambient), <strong>masajes<\/strong> para eliminar el estr\u00e9s, <strong>transfers<\/strong> a los aeropuertos de Bucarest y Sibiu o <strong>excursiones<\/strong> a lo sitios m\u00e1s bellos de Transilvania.<\/p>\n<p style=\"text-align: center;\">Si esta pensando en organizar un <strong>evento<\/strong> o formaci\u00f3n tambi\u00e9n encontrar\u00e1 en nuestro establecimiento un lugar ideal, <strong>perfectamente equipado<\/strong>.<\/p>\n<p>[\/vc_column_text][\/vc_column][\/vc_row][vc_row css=\u00bb.vc_custom_1472164123187{margin-top: -60px !important;margin-bottom: -200px !important;}\u00bb][vc_column][vc_separator color=\u00bbcustom\u00bb border_width=\u00bb2&#8243; accent_color=\u00bb#542f00&#8243; css=\u00bb.vc_custom_1475179844237{margin-top: -60px !important;}\u00bb][\/vc_column][\/vc_row][vc_row css=\u00bb.vc_custom_1472757205101{margin-top: 20px !important;margin-bottom: -190px !important;}\u00bb][vc_column][vc_column_text css=\u00bb.vc_custom_1475598441864{margin-bottom: 90px !important;}\u00bb]<\/p>\n<h3 style=\"text-align: center;\"><span style=\"color: #542f00;\">NUESTROS SERVICIOS:<\/span><\/h3>\n<p>[\/vc_column_text][\/vc_column][\/vc_row][vc_row css=\u00bb.vc_custom_1471688720079{margin-top: -90px !important;background-color: #ffffff !important;}\u00bb el_class=\u00bbcontent-padding-mobile-none\u00bb][vc_column css=\u00bb.vc_custom_1471769835500{background-color: #ffffff !important;}\u00bb]<div class='services-carousel  owl-with-navigation' data-owl-items='4' data-owl-nav='false' data-owl-nav-text='[]' data-owl-loop='true' data-owl-autoplay='true' data-owl-speed='15000' data-owl-hover='false' data-owl-mobile='1' data-owl-tablet='2' data-owl-dots='true'><div class='item'><a href=\"\/hotel-services\/massage\/\" target=\"_self\" class=\"link-image\" title=\"Masaje Relajante\"><img loading=\"lazy\" decoding=\"async\" width=\"450\" height=\"300\" src=\"https:\/\/www.residenceambient.ro\/wp-content\/uploads\/2016\/09\/Masajev001.jpg\" class=\"attachment-large size-large\" alt=\"\" srcset=\"https:\/\/www.residenceambient.ro\/wp-content\/uploads\/2016\/09\/Masajev001.jpg 450w, https:\/\/www.residenceambient.ro\/wp-content\/uploads\/2016\/09\/Masajev001-300x200.jpg 300w\" sizes=\"auto, (max-width: 450px) 100vw, 450px\" \/><\/a><div class=\"item-content\"><h4><a href=\"\/hotel-services\/massage\/\" target=\"_self\">Masaje Relajante<\/a><\/h4><p>El ingrediente idoneo para una experiencia de bienestar<\/p><\/div><\/div><div class='item'><a href=\"\/hotel-services\/breakfast\/\" target=\"_self\" class=\"link-image\" title=\"Desayuno\"><img loading=\"lazy\" decoding=\"async\" width=\"450\" height=\"300\" src=\"https:\/\/www.residenceambient.ro\/wp-content\/uploads\/2016\/09\/Breakfastv001.jpg\" class=\"attachment-large size-large\" alt=\"\" srcset=\"https:\/\/www.residenceambient.ro\/wp-content\/uploads\/2016\/09\/Breakfastv001.jpg 450w, https:\/\/www.residenceambient.ro\/wp-content\/uploads\/2016\/09\/Breakfastv001-300x200.jpg 300w\" sizes=\"auto, (max-width: 450px) 100vw, 450px\" \/><\/a><div class=\"item-content\"><h4><a href=\"\/hotel-services\/breakfast\/\" target=\"_self\">Desayuno<\/a><\/h4><p>Varias opciones para empezar el d\u00eda con fuerzas<\/p><\/div><\/div><div class='item'><a href=\"\/hotel-services\/transfers-excursions\/\" target=\"_self\" class=\"link-image\" title=\"Transfers &amp; Excursiones\"><img loading=\"lazy\" decoding=\"async\" width=\"450\" height=\"300\" src=\"https:\/\/www.residenceambient.ro\/wp-content\/uploads\/2016\/09\/Excursions.jpg\" class=\"attachment-large size-large\" alt=\"\" srcset=\"https:\/\/www.residenceambient.ro\/wp-content\/uploads\/2016\/09\/Excursions.jpg 450w, https:\/\/www.residenceambient.ro\/wp-content\/uploads\/2016\/09\/Excursions-300x200.jpg 300w\" sizes=\"auto, (max-width: 450px) 100vw, 450px\" \/><\/a><div class=\"item-content\"><h4><a href=\"\/hotel-services\/transfers-excursions\/\" target=\"_self\">Transfers &amp; Excursiones<\/a><\/h4><p>Transporte c\u00f3modo, eficiente y r\u00e1pido con un solo click<\/p><\/div><\/div><div class='item'><a href=\"\/hotel-services\/conference-hall\/\" target=\"_self\" class=\"link-image\" title=\"Sala de Conferencias\"><img loading=\"lazy\" decoding=\"async\" width=\"450\" height=\"300\" src=\"https:\/\/www.residenceambient.ro\/wp-content\/uploads\/2016\/09\/Conferences.jpg\" class=\"attachment-large size-large\" alt=\"\" srcset=\"https:\/\/www.residenceambient.ro\/wp-content\/uploads\/2016\/09\/Conferences.jpg 450w, https:\/\/www.residenceambient.ro\/wp-content\/uploads\/2016\/09\/Conferences-300x200.jpg 300w\" sizes=\"auto, (max-width: 450px) 100vw, 450px\" \/><\/a><div class=\"item-content\"><h4><a href=\"\/hotel-services\/conference-hall\/\" target=\"_self\">Sala de Conferencias<\/a><\/h4><p>Un espacio acogedor con grandes posibilidades<\/p><\/div><\/div><\/div>[\/vc_column][\/vc_row][vc_row css=\u00bb.vc_custom_1521491507650{margin-top: -130px !important;margin-bottom: -50px !important;}\u00bb][vc_column width=\u00bb1\/2&#8243;][vc_images_carousel images=\u00bb1013&#8243; speed=\u00bb8888&#8243; hide_pagination_control=\u00bbyes\u00bb hide_prev_next_buttons=\u00bbyes\u00bb][\/vc_column][vc_column width=\u00bb1\/2&#8243;][vc_column_text]<strong>Ambient es m\u00e1s que un hotel, es su compa\u00f1ero de viaje.<\/strong><\/p>\n<p>Deseamos que tenga una experiencia que le ayude a descubrir Brasov desde el momento en que pasa nuestro umbral y siempre queremos conocer mejor sus necesidades durante su estancia para brindarle un excelente servicio. Con este fin, le proporcionamos un <strong>Smartphone en su habitaci\u00f3n<\/strong> de hotel y fuera de \u00e9l, con el que podr\u00e1 disfrutar de:<\/p>\n<p>Llamadas internacionales y locales ilimitadas<br \/>\nAcceso gratuito a internet<br \/>\nGuia de viaje<br \/>\nOfertas y servicios disponibles en el hotel y en Brasov<br \/>\nMarcaci\u00f3n r\u00e1pida para los servicios del hotel[\/vc_column_text][\/vc_column][\/vc_row][vc_row css=\u00bb.vc_custom_1521717751557{margin-top: -110px !important;margin-bottom: -200px !important;}\u00bb][vc_column][vc_separator color=\u00bbcustom\u00bb border_width=\u00bb2&#8243; accent_color=\u00bb#542f00&#8243; css=\u00bb.vc_custom_1475179844237{margin-top: -60px !important;}\u00bb][\/vc_column][\/vc_row][vc_row full_width=\u00bbstretch_row\u00bb parallax_layers=\u00bbyes\u00bb style_images=\u00bbyes\u00bb el_class=\u00bbcontent-padding-mobile-none\u00bb css=\u00bb.vc_custom_1475184261798{margin-bottom: -80px !important;background-image: url(https:\/\/www.residenceambient.ro\/wp-content\/uploads\/2016\/09\/OpinonsBackv002.jpg?id=261) !important;background-position: center !important;background-repeat: no-repeat !important;background-size: cover !important;}\u00bb layer_1=\u00bb6978&#8243; layer_1_vertical=\u00bbtop: 9%\u00bb layer_1_horizontal=\u00bbleft: 8%\u00bb layer_1_ratio=\u00bb0.8&#8243; layer_1_z=\u00bb0.222&#8243;][vc_column width=\u00bb2\/3&#8243; offset=\u00bbvc_col-sm-offset-2&#8243; el_class=\u00bbtext-center white-box content-padding\u00bb css=\u00bb.vc_custom_1471773706488{background-color: rgba(255,255,255,0) !important;*background-color: rgb(255,255,255) !important;}\u00bb]<h2 class=\"text-center\"><small>Dicen de nosotros...<\/small>OPINIONES DE TRIP ADVISOR<\/h2><div class='testimonials-carousel  owl-with-navigation' data-owl-items='3' data-owl-nav='false' data-owl-nav-text='[]' data-owl-loop='true' data-owl-autoplay='true' data-owl-speed='5000' data-owl-hover='true' data-owl-mobile='1' data-owl-tablet='2' data-owl-dots='true'><div class='testimonial'><h4 class='testimonial-title'>Noora K<small>14 jul 2016<\/small><\/h4><p>Place was pretty easy to find and pretty near to the city center. Staff very friendly and helpful. Rooms beautiful but not so clean, carpet filthy and someone elses dirty towel in our bathroom. Cooking area very nice and modern... Great wiev while cooking...<\/p><a href='https:\/\/www.tripadvisor.com\/ShowUserReviews-g295394-d1572559-r392642065-Residence_Ambient-Brasov_Brasov_County_Central_Romania_Transylvania.html' class='btn-inline btn' target=\"_blank\">Leer opini\u00f3n<\/a><\/div><div class='testimonial'><h4 class='testimonial-title'>radupavely<small>4 may 2016<\/small><\/h4><p>It's a beautiful building, located near the center, renovated and nicely furnished, clean room, large bathroom, large bed, beautiful furniture, and the staff was very helpful. We will definitely return and we recommend this place to others.<\/p><a href='https:\/\/www.tripadvisor.com\/ShowUserReviews-g295394-d1572559-r370063440-Residence_Ambient-Brasov_Brasov_County_Central_Romania_Transylvania.html' class='btn-inline btn' target=\"_blank\">Leer opini\u00f3n<\/a><\/div><div class='testimonial'><h4 class='testimonial-title'>GUESStheGUEST<small>18 mar 2016<\/small><\/h4><p>Car park had cctv and automated gates so was safe. Breakfast was at the hotel where check in was, and was 6\u20ac and there was a good selection. Hotel was quiet and clean although seemed a bit dated. Some of the rooms were a bit basis but the bathrooms were good. All of the staff I encountered were helpful and friendly.<\/p><a href='https:\/\/www.tripadvisor.com\/ShowUserReviews-g295394-d1572559-r356556359-Residence_Ambient-Brasov_Brasov_County_Central_Romania_Transylvania.html' class='btn-inline btn' target=\"_blank\">Leer opini\u00f3n<\/a><\/div><div class='testimonial'><h4 class='testimonial-title'>mishu1964<small>3 ene 2016<\/small><\/h4><p>We were there at the begining of november and I can say it was pleasant. We had our rooms ( one room and one apartment because we were 5) at second floor near the kitchen and it was quite ok because we had our breakfast there. Also there is a bigger place at I can say third floor, like a dining room with open space as kitchen.<\/p><a href='https:\/\/www.tripadvisor.com\/ShowUserReviews-g295394-d1572559-r336874694-Residence_Ambient-Brasov_Brasov_County_Central_Romania_Transylvania.html' class='btn-inline btn' target=\"_blank\">Leer opiniones<\/a><\/div><div class='testimonial'><h4 class='testimonial-title'>Constantin F<small>30 dic 2015<\/small><\/h4><p>``Clean, spacious and well located``... ... The room was huge with plenty of spaces to deposit your personal belongings. In the room there were 2 coffee tables, 2 armchairs a cupboard and 2 wardrobes...<\/p><a href='https:\/\/www.tripadvisor.com\/ShowUserReviews-g295394-d1572559-r336136264-Residence_Ambient-Brasov_Brasov_County_Central_Romania_Transylvania.html' class='btn-inline btn' target=\"_blank\">Leer opini\u00f3n<\/a><\/div><div class='testimonial'><h4 class='testimonial-title'>Antonis V<small>6 ene 2014<\/small><\/h4><p>Great room, great prices and great hospitality! A smart choice! The residence was very close to the centre, the room very clean and with nice design. It worths every single euro. I definitely recommend.<\/p><a href='https:\/\/www.tripadvisor.com\/ShowUserReviews-g295394-d1572559-r392642065-Residence_Ambient-Brasov_Brasov_County_Central_Romania_Transylvania.html' class='btn-inline btn' target=\"_blank\">Leer opini\u00f3n<\/a><\/div><div class='testimonial'><h4 class='testimonial-title'>Luk\u00e1\u0161 K<small>2 jun 2014<\/small><\/h4><p>I visited this place with my friends in August 2013 and we were really satisfied. Maybe there are huge differences in room quality but there wasn't single thing we could complain about during our three-night stay, especially considering the price.<\/p><a href='https:\/\/www.tripadvisor.com\/ShowUserReviews-g295394-d1572559-r208510540-Residence_Ambient-Brasov_Brasov_County_Central_Romania_Transylvania.html' class='btn-inline btn' target=\"_blank\">Leer opini\u00f3n<\/a><\/div><div class='testimonial'><h4 class='testimonial-title'>Diana_Sv_Y<small>10 abr 2013<\/small><\/h4><p>A very nice hotel, clean and spacious rooms. Very kind and helpful staff! We visited in cold weather - inside was perfectly warm. Hotel is situated near the center, some nice restaurants on the corner.<\/p><a href='https:\/\/www.tripadvisor.com\/ShowUserReviews-g295394-d1572559-r157351150-Residence_Ambient-Brasov_Brasov_County_Central_Romania_Transylvania.html' class='btn-inline btn' target=\"_blank\">Leer opini\u00f3n<\/a><\/div><\/div>[\/vc_column][\/vc_row][vc_row][vc_column][vc_raw_html css=\u00bb.vc_custom_1491565172928{background-image: url(https:\/\/www.residenceambient.ro\/wp-content\/uploads\/2014\/09\/pensiuneambient.jpg?id=5755) !important;}\u00bb]JTNDc2NyaXB0JTIwdHlwZSUzRCUyMnRleHQlMkZqYXZhc2NyaXB0JTIyJTIwc3JjJTNEJTIyaHR0cHMlM0ElMkYlMkZvcGVuLnVwcGVyYm9va2luZy5jb20lMkZhbWJpZW50cmVzaWRlbmNlJTJGQm9va2luZy5qcyUzRmxvY2FsZSUzRGVzJTIyJTNFJTNDJTJGc2NyaXB0JTNF[\/vc_raw_html][\/vc_column][\/vc_row][vc_row css=\u00bb.vc_custom_1480532980052{margin-top: -100px !important;margin-bottom: -200px !important;}\u00bb][vc_column][vc_separator color=\u00bbcustom\u00bb border_width=\u00bb2&#8243; accent_color=\u00bb#542f00&#8243; css=\u00bb.vc_custom_1475179844237{margin-top: -60px !important;}\u00bb][\/vc_column][\/vc_row][vc_row css=\u00bb.vc_custom_1480532969750{margin-bottom: -50px !important;}\u00bb][vc_column width=\u00bb1\/6&#8243;][\/vc_column][vc_column width=\u00bb2\/3&#8243;][vc_column_text]<div class=\"epyt-video-wrapper\"><iframe loading=\"lazy\"  style=\"display: block; margin: 0px auto;\"  id=\"_ytid_91395\"  width=\"750\" height=\"422\"  data-origwidth=\"750\" data-origheight=\"422\"  src=\"https:\/\/www.youtube.com\/embed\/8-mkmQ7W_Vc?enablejsapi=1&origin=https:\/\/www.residenceambient.ro&autoplay=0&cc_load_policy=0&iv_load_policy=3&loop=0&modestbranding=1&rel=0&fs=1&playsinline=0&autohide=2&theme=dark&color=red&controls=1&\" class=\"__youtube_prefs__  no-lazyload\" title=\"YouTube player\"  allow=\"autoplay; encrypted-media\" allowfullscreen data-no-lazy=\"1\" data-skipgform_ajax_framebjll=\"\"><\/iframe><\/div>[\/vc_column_text][\/vc_column][vc_column width=\u00bb1\/6&#8243;][\/vc_column][\/vc_row][vc_row][vc_column]\n\t\t\t<!-- START hotelteam REVOLUTION SLIDER 6.2.17 --><p class=\"rs-p-wp-fix\"><\/p>\n\t\t\t<rs-module-wrap id=\"rev_slider_5_3_wrapper\" data-source=\"gallery\" style=\"background:transparent;padding:0;margin:0px auto;margin-top:0;margin-bottom:0;\">\n\t\t\t\t<rs-module id=\"rev_slider_5_3\" style=\"\" data-version=\"6.2.17\">\n\t\t\t\t\t<rs-slides>\n\t\t\t\t\t\t<rs-slide data-key=\"rs-20\" data-title=\"Slide\" data-link=\"\/\/www.hotelambient.ro\/hotel_services\/team\/\" data-target=\"_self\" data-seoz=\"front\" data-anim=\"ei:d;eo:d;s:600;r:0;t:fade;sl:d;\">\n\t\t\t\t\t\t\t<img loading=\"lazy\" decoding=\"async\" src=\"\/\/www.residenceambient.ro\/wp-content\/uploads\/revslider\/hotelteam\/Echipa-Ambient-4-scaled.jpg\" title=\"Echipa-Ambient-4-scaled.jpg\" width=\"2560\" height=\"1708\" class=\"rev-slidebg\" data-no-retina>\n<!--\n\t\t\t\t\t\t\t--><rs-layer\n\t\t\t\t\t\t\t\tid=\"slider-5-slide-20-layer-1\" \n\t\t\t\t\t\t\t\tclass=\"Photography-ImageHover2\"\n\t\t\t\t\t\t\t\tdata-type=\"text\"\n\t\t\t\t\t\t\t\tdata-color=\"rgba(255,255,255,1)\"\n\t\t\t\t\t\t\t\tdata-rsp_ch=\"on\"\n\t\t\t\t\t\t\t\tdata-xy=\"x:c;xo:-200px;y:28px;\"\n\t\t\t\t\t\t\t\tdata-text=\"w:normal;l:22;a:center;\"\n\t\t\t\t\t\t\t\tdata-dim=\"w:899px;\"\n\t\t\t\t\t\t\t\tdata-vbility=\"t,t,f,f\"\n\t\t\t\t\t\t\t\tdata-border=\"bos:solid;bow:10px,10px,10px,10px;bor:3px,3px,3px,3px;\"\n\t\t\t\t\t\t\t\tdata-frame_0=\"sX:0.9;sY:0.9;\"\n\t\t\t\t\t\t\t\tdata-frame_1=\"st:500;sp:1500;\"\n\t\t\t\t\t\t\t\tdata-frame_999=\"o:0;e:nothing;st:w;\"\n\t\t\t\t\t\t\t\tdata-frame_hover=\"o:0.5;sX:0.8;sY:0.8;bgc:transparent;bor:0,0,0,0;bos:none;bow:0,0,0,0;oX:50;oY:50;sp:500;e:back.out;\"\n\t\t\t\t\t\t\t\tstyle=\"z-index:5;background-color:rgba(207,14,23,0.70);font-family:Verdana, Geneva, sans-serif;cursor:pointer;\"\n\t\t\t\t\t\t\t> Les invitamos conocer la familia Ambient, un equipo que har\u00e1 que cada momento que pas\u00e9 con nosotros valga la pena y que les har\u00e1 sentir siempre mejor que en su propia casa. \n\u00a1Estos somos nosotros, siempre entusiastas, siempre ansiosos para ayudar y siempre sonriendo! \n\t\t\t\t\t\t\t<\/rs-layer><!--\n\n\t\t\t\t\t\t\t--><rs-layer\n\t\t\t\t\t\t\t\tid=\"slider-5-slide-20-layer-2\" \n\t\t\t\t\t\t\t\tclass=\"Photography-ImageHover2\"\n\t\t\t\t\t\t\t\tdata-type=\"text\"\n\t\t\t\t\t\t\t\tdata-color=\"rgba(255,255,255,1)\"\n\t\t\t\t\t\t\t\tdata-rsp_ch=\"on\"\n\t\t\t\t\t\t\t\tdata-xy=\"x:c;xo:-195px;y:33px;\"\n\t\t\t\t\t\t\t\tdata-text=\"w:normal;s:30;l:33;a:center;\"\n\t\t\t\t\t\t\t\tdata-dim=\"w:899px;\"\n\t\t\t\t\t\t\t\tdata-vbility=\"f,f,t,t\"\n\t\t\t\t\t\t\t\tdata-border=\"bos:solid;bow:10px,10px,10px,10px;bor:3px,3px,3px,3px;\"\n\t\t\t\t\t\t\t\tdata-frame_0=\"sX:0.9;sY:0.9;\"\n\t\t\t\t\t\t\t\tdata-frame_1=\"st:500;sp:1500;\"\n\t\t\t\t\t\t\t\tdata-frame_999=\"o:0;e:nothing;st:w;\"\n\t\t\t\t\t\t\t\tdata-frame_hover=\"o:0.5;sX:0.8;sY:0.8;bgc:transparent;bor:0,0,0,0;bos:none;bow:0,0,0,0;oX:50;oY:50;sp:500;e:back.out;\"\n\t\t\t\t\t\t\t\tstyle=\"z-index:6;background-color:rgba(207,14,23,0.70);font-family:Verdana, Geneva, sans-serif;cursor:pointer;\"\n\t\t\t\t\t\t\t> Les invitamos conocer la familia Ambient \n\t\t\t\t\t\t\t<\/rs-layer><!--\n-->\t\t\t\t\t\t<\/rs-slide>\n\t\t\t\t\t<\/rs-slides>\n\t\t\t\t<\/rs-module>\n\t\t\t\t<script type=\"text\/javascript\">\n\t\t\t\t\tsetREVStartSize({c: 'rev_slider_5_3',rl:[1240,1024,778,480],el:[700],gw:[1640],gh:[700],type:'hero',justify:'',layout:'fullwidth',mh:\"0\"});\n\t\t\t\t\tvar\trevapi5,\n\t\t\t\t\t\ttpj;\n\t\t\t\t\tjQuery(function() {\n\t\t\t\t\t\ttpj = jQuery;\n\t\t\t\t\t\trevapi5 = tpj(\"#rev_slider_5_3\");\n\t\t\t\t\t\tif(revapi5==undefined || revapi5.revolution == undefined){\n\t\t\t\t\t\t\trevslider_showDoubleJqueryError(\"rev_slider_5_3\");\n\t\t\t\t\t\t}else{\n\t\t\t\t\t\t\trevapi5.revolution({\n\t\t\t\t\t\t\t\tsliderType:\"hero\",\n\t\t\t\t\t\t\t\tsliderLayout:\"fullwidth\",\n\t\t\t\t\t\t\t\tvisibilityLevels:\"1240,1024,778,480\",\n\t\t\t\t\t\t\t\tgridwidth:1640,\n\t\t\t\t\t\t\t\tgridheight:700,\n\t\t\t\t\t\t\t\tspinner:\"spinner0\",\n\t\t\t\t\t\t\t\tperspective:600,\n\t\t\t\t\t\t\t\tperspectiveType:\"local\",\n\t\t\t\t\t\t\t\teditorheight:\"700,768,960,720\",\n\t\t\t\t\t\t\t\tresponsiveLevels:\"1240,1024,778,480\",\n\t\t\t\t\t\t\t\tprogressBar:{disableProgressBar:true},\n\t\t\t\t\t\t\t\tnavigation: {\n\t\t\t\t\t\t\t\t\tonHoverStop:false\n\t\t\t\t\t\t\t\t},\n\t\t\t\t\t\t\t\tfallbacks: {\n\t\t\t\t\t\t\t\t\tallowHTML5AutoPlayOnAndroid:true\n\t\t\t\t\t\t\t\t},\n\t\t\t\t\t\t\t});\n\t\t\t\t\t\t}\n\t\t\t\t\t\t\n\t\t\t\t\t});\n\t\t\t\t<\/script>\n\t\t\t<\/rs-module-wrap>\n\t\t\t<!-- END REVOLUTION SLIDER -->\n[\/vc_column][\/vc_row]<\/p>\n<p><\/p>","protected":false},"excerpt":{"rendered":"<p>[vc_row disable_element=\u00bbyes\u00bb position=\u00bbright center\u00bb css=\u00bb.vc_custom_1475179770387{background-image: url(https:\/\/www.residenceambient.ro\/wp-content\/uploads\/2016\/09\/Detallev002.png?id=247) !important;background-position: 0 0 !important;background-repeat: no-repeat !important;}\u00bb el_class=\u00bbbackground-none-mobile\u00bb][vc_column width=\u00bb1\/2&#8243;][vc_column_text] Un espacio acogedor con los mejores [&hellip;]<\/p>\n","protected":false},"author":1,"featured_media":0,"parent":0,"menu_order":3,"comment_status":"closed","ping_status":"closed","template":"","meta":{"footnotes":""},"yst_prominent_words":[],"class_list":["post-11","page","type-page","status-publish","hentry"],"yoast_head":"<!-- This site is optimized with the Yoast SEO Premium plugin v14.0.2 - https:\/\/yoast.com\/wordpress\/plugins\/seo\/ -->\n<title>Servicios - Ambient Residence - Brasov - Reserva al mejor precio las propriedades Ambient<\/title>\n<meta name=\"robots\" content=\"index, follow\" \/>\n<meta name=\"googlebot\" content=\"index, follow, max-snippet:-1, max-image-preview:large, max-video-preview:-1\" \/>\n<meta name=\"bingbot\" content=\"index, follow, max-snippet:-1, max-image-preview:large, max-video-preview:-1\" \/>\n<link rel=\"canonical\" href=\"https:\/\/www.residenceambient.ro\/hotel-services\/\" \/>\n<meta property=\"og:locale\" content=\"es_ES\" \/>\n<meta property=\"og:type\" content=\"article\" \/>\n<meta property=\"og:title\" content=\"[:ro]Servicii[:en]Services[:es]Servicios[:de]Service[:] - Ambient Residence - Brasov - Reserva al mejor precio las propriedades Ambient\" \/>\n<meta property=\"og:description\" content=\"[vc_row disable_element=\u00bbyes\u00bb position=\u00bbright center\u00bb css=\u00bb.vc_custom_1475179770387{background-image: url(https:\/\/www.residenceambient.ro\/wp-content\/uploads\/2016\/09\/Detallev002.png?id=247) !important;background-position: 0 0 !important;background-repeat: no-repeat !important;}\u00bb el_class=\u00bbbackground-none-mobile\u00bb][vc_column width=\u00bb1\/2&#8243;][vc_column_text] Un espacio acogedor con los mejores [&hellip;]\" \/>\n<meta property=\"og:url\" content=\"https:\/\/www.residenceambient.ro\/hotel-services\/\" \/>\n<meta property=\"og:site_name\" content=\"Ambient Residence - Brasov - Reserva al mejor precio las propriedades Ambient\" \/>\n<meta property=\"article:modified_time\" content=\"2023-04-29T14:47:16+00:00\" \/>\n<meta name=\"twitter:card\" content=\"summary_large_image\" \/>\n<script type=\"application\/ld+json\" class=\"yoast-schema-graph\">{\"@context\":\"https:\/\/schema.org\",\"@graph\":[{\"@type\":\"WebSite\",\"@id\":\"https:\/\/www.residenceambient.ro\/es\/#website\",\"url\":\"https:\/\/www.residenceambient.ro\/es\/\",\"name\":\"Ambient Residence - Brasov - Reserva al mejor precio las propriedades Ambient\",\"description\":\"Site Oficial\",\"potentialAction\":[{\"@type\":\"SearchAction\",\"target\":\"https:\/\/www.residenceambient.ro\/es\/?s={search_term_string}\",\"query-input\":\"required name=search_term_string\"}],\"inLanguage\":\"es\"},{\"@type\":\"WebPage\",\"@id\":\"https:\/\/www.residenceambient.ro\/hotel-services\/#webpage\",\"url\":\"https:\/\/www.residenceambient.ro\/hotel-services\/\",\"name\":\"[:ro]Servicii[:en]Services[:es]Servicios[:de]Service[:] - Ambient Residence - Brasov - Reserva al mejor precio las propriedades Ambient\",\"isPartOf\":{\"@id\":\"https:\/\/www.residenceambient.ro\/es\/#website\"},\"datePublished\":\"2016-09-25T13:32:23+00:00\",\"dateModified\":\"2023-04-29T14:47:16+00:00\",\"inLanguage\":\"es\",\"potentialAction\":[{\"@type\":\"ReadAction\",\"target\":[\"https:\/\/www.residenceambient.ro\/hotel-services\/\"]}]}]}<\/script>\n<!-- \/ Yoast SEO Premium plugin. -->","_links":{"self":[{"href":"https:\/\/www.residenceambient.ro\/es\/wp-json\/wp\/v2\/pages\/11","targetHints":{"allow":["GET"]}}],"collection":[{"href":"https:\/\/www.residenceambient.ro\/es\/wp-json\/wp\/v2\/pages"}],"about":[{"href":"https:\/\/www.residenceambient.ro\/es\/wp-json\/wp\/v2\/types\/page"}],"author":[{"embeddable":true,"href":"https:\/\/www.residenceambient.ro\/es\/wp-json\/wp\/v2\/users\/1"}],"replies":[{"embeddable":true,"href":"https:\/\/www.residenceambient.ro\/es\/wp-json\/wp\/v2\/comments?post=11"}],"version-history":[{"count":97,"href":"https:\/\/www.residenceambient.ro\/es\/wp-json\/wp\/v2\/pages\/11\/revisions"}],"predecessor-version":[{"id":1587,"href":"https:\/\/www.residenceambient.ro\/es\/wp-json\/wp\/v2\/pages\/11\/revisions\/1587"}],"wp:attachment":[{"href":"https:\/\/www.residenceambient.ro\/es\/wp-json\/wp\/v2\/media?parent=11"}],"wp:term":[{"taxonomy":"yst_prominent_words","embeddable":true,"href":"https:\/\/www.residenceambient.ro\/es\/wp-json\/wp\/v2\/yst_prominent_words?post=11"}],"curies":[{"name":"wp","href":"https:\/\/api.w.org\/{rel}","templated":true}]}}