{"id":9,"date":"2016-09-25T16:31:35","date_gmt":"2016-09-25T13:31:35","guid":{"rendered":"http:\/\/residenceambient.hotelsperformance.net\/?page_id=9"},"modified":"2025-06-21T15:12:58","modified_gmt":"2025-06-21T12:12:58","slug":"rooms-new","status":"publish","type":"page","link":"https:\/\/www.residenceambient.ro\/de\/rooms-new\/","title":{"rendered":"Zimmer"},"content":{"rendered":"<p><\/p>\n<p>[vc_row][vc_column width=&#8220;1\/2&#8243;][vc_column_text]<\/p>\n<p class=\"lead\">Ein gem\u00fctlicher, moderner Platz zum besten Ambient Preis.<\/p>\n<h3><span style=\"color: #542f00;\">Neuer Wohnungsstil kommt auch mit neuen Kosten.<\/span><\/h3>\n<p class=\"lead\">Unser Haus verf\u00fcgt \u00fcber 18 Doppel- \/ Zweibettzimmer und 8 Suiten (mit Schlafzimmer und Wohnzimmer), in denen Vintage-architektonische Elemente als Balken und h\u00f6lzernes Interieur mit einer modernen und funktionalen Dekoration kombiniert werden.<\/p>\n<p class=\"lead\">Zus\u00e4tzlich bieten wir unseren G\u00e4sten weitere Annehmlichkeiten wie; Eine Gemeinschaftsk\u00fcche mit kompletter Ausstattung (K\u00fchlschrank, Elektroherd, Kaffeemaschine, Toaster, Sandwichmacher, Mikrowelle, Geschirr und Geschirr) und auch geteilte Fr\u00fchst\u00fcckssalons mit herrlichem Blick auf den Tampa-H\u00fcgel.<\/p>\n<p class=\"lead\">Ein neuer Stil der Unterkunft zum besten Preis; Ab \u20ac 34 pro Zimmer \/ Nacht, inklusive WLAN, Bettw\u00e4sche, Bad, Toilettenartikel und t\u00e4gliche Reinigung.<\/p>\n<p>[\/vc_column_text][\/vc_column][vc_column width=&#8220;1\/2&#8243;][vc_single_image image=&#8220;189&#8243; img_size=&#8220;large&#8220;][\/vc_column][\/vc_row][vc_row full_width=&#8220;stretch_row&#8220; parallax=&#8220;content-moving&#8220; css=&#8220;.vc_custom_1474926439789{margin-top: 0px !important;margin-bottom: 30px !important;background-image: url(https:\/\/www.residenceambient.ro\/wp-content\/uploads\/2016\/09\/backdoblev001.jpg?id=171) !important;background-position: center;background-repeat: no-repeat !important;background-size: cover !important;}&#8220;][vc_column width=&#8220;1\/2&#8243;][vc_column_text el_class=&#8220;white-box content-padding&#8220;]<\/p>\n<h2 id=\"cove\" class=\"text-uppercase\"><small>AB\u00a034\u20ac \/\u00a0NACHT<\/small><span style=\"color: #542f00;\">DOUBLE\/TWIN ROOM<\/span><br \/>\n<small><\/small><\/h2>\n<p>18-20m2 gem\u00fctliche Zimmer mit allen Annehmlichkeiten.<\/p>\n<ul class=\"list-pointer\">\n<li>Doppelbett oder zwei Einzelbetten<\/li>\n<li>Badezimmer mit Dusche<\/li>\n<li>Toilettenartikel und Handt\u00fccher<\/li>\n<li>Kostenloses WiFi, Kabel-TV und Telefon<\/li>\n<li>Optional Fr\u00fchst\u00fcck<\/li>\n<\/ul>\n<p>[vc_btn title=&#8220;Buchen Sie zum besten Preis&#8220; style=&#8220;custom&#8220; custom_background=&#8220;#542f00&#8243; custom_text=&#8220;#ffffff&#8220; shape=&#8220;square&#8220; align=&#8220;left&#8220; i_icon_fontawesome=&#8220;fa fa-calendar&#8220; add_icon=&#8220;true&#8220; link=&#8220;url:https%3A%2F%2Fv6.upperbooking.com%2Fen%2Fbooking%2Fcity%2Fwrap%2Fambientresidence%3Flocale%3Den|||&#8220; custom_onclick=&#8220;true&#8220; custom_onclick_code=&#8220;Booking.Open({RoomID:24895}); return false;&#8220;][vc_btn title=&#8220;Ansicht Zimmerdetails&#8220; style=&#8220;flat&#8220; shape=&#8220;square&#8220; color=&#8220;black&#8220; align=&#8220;left&#8220; link=&#8220;url:%2Frooms%2Fdouble%2F|||&#8220;][\/vc_column_text][\/vc_column][vc_column width=&#8220;1\/2&#8243; css=&#8220;.vc_custom_1467673281560{padding-right: -15px !important;padding-bottom: -15px !important;padding-left: -15px !important;}&#8220;][vc_images_carousel images=&#8220;1386&#8243; onclick=&#8220;custom_link&#8220; hide_pagination_control=&#8220;yes&#8220; hide_prev_next_buttons=&#8220;yes&#8220; custom_links=&#8220;\/rooms\/double\/&#8220; css=&#8220;.vc_custom_1601622517181{background-image: url(https:\/\/www.residenceambient.ro\/wp-content\/uploads\/2014\/09\/camerapensiuneambient.jpg?id=5404) !important;}&#8220;][\/vc_column][\/vc_row][vc_row full_width=&#8220;stretch_row&#8220; css=&#8220;.vc_custom_1474928914467{padding-top: 2.8rem !important;padding-bottom: 2.8rem !important;background-color: #f0f1f2 !important;}&#8220;][vc_column][vc_raw_html]JTNDZGl2JTIwY2xhc3MlM0QlMjJ3cGJfd3JhcHBlciUyMGJvb2tpbmclMjIlM0UlM0MlMkZkaXYlM0UlM0NzY3JpcHQlMjBzcmMlM0QlMjJodHRwcyUzQSUyRiUyRndpcy51cHBlcmJvb2tpbmcuY29tJTJGYW1iaWVudHJlc2lkZW5jZSUyRmJvb2tpbmdob21lJTNGbG9jYWxlJTNEZW4lMjIlMjBhc3luYyUzRSUzQyUyRnNjcmlwdCUzRQ==[\/vc_raw_html][\/vc_column][\/vc_row][vc_row full_width=&#8220;stretch_row&#8220; gap=&#8220;5&#8243; parallax=&#8220;content-moving&#8220; css=&#8220;.vc_custom_1474929321320{margin-top: 30px !important;margin-bottom: 30px !important;background-image: url(https:\/\/www.residenceambient.ro\/wp-content\/uploads\/2016\/09\/backsuitev002.jpg?id=183) !important;background-position: center;background-repeat: no-repeat !important;background-size: cover !important;}&#8220;][vc_column width=&#8220;1\/2&#8243;][vc_images_carousel images=&#8220;1765&#8243; onclick=&#8220;custom_link&#8220; hide_pagination_control=&#8220;yes&#8220; hide_prev_next_buttons=&#8220;yes&#8220; custom_links=&#8220;\/rooms\/apartment\/&#8220;][\/vc_column][vc_column width=&#8220;1\/2&#8243;][vc_column_text el_class=&#8220;white-box content-padding&#8220;]<\/p>\n<h2 id=\"cove\" class=\"text-uppercase\"><small>AB\u00a046\u20ac \/\u00a0NACHT<\/small>APARTMENT<br \/>\n<small><\/small><\/h2>\n<p>Ger\u00e4umige Zimmer von 25 bis 35m2 mit Freunden oder Familie zu genie\u00dfen<\/p>\n<ul class=\"list-pointer\">\n<li>Doppelbett und Schlafsofa (Schlafm\u00f6glichkeiten f\u00fcr 3)<\/li>\n<li>Wohnzimmer und Bad mit Dusche<\/li>\n<li>Toilettenartikel und Handt\u00fccher<\/li>\n<li>Kostenloses WiFi, Kabel-TV und Telefon<\/li>\n<li>Optional Fr\u00fchst\u00fcck<\/li>\n<\/ul>\n<p>[vc_btn title=&#8220;Buchen Sie zum besten Preis&#8220; style=&#8220;custom&#8220; custom_background=&#8220;#542f00&#8243; custom_text=&#8220;#ffffff&#8220; shape=&#8220;square&#8220; align=&#8220;left&#8220; i_icon_fontawesome=&#8220;fa fa-calendar&#8220; add_icon=&#8220;true&#8220; link=&#8220;url:https%3A%2F%2Fv6.upperbooking.com%2Fen%2Fbooking%2Fcity%2Fwrap%2Fambientresidence%3Flocale%3Den|||&#8220; custom_onclick=&#8220;true&#8220; custom_onclick_code=&#8220;Booking.Open({RoomID:24896}); return false;&#8220;][vc_btn title=&#8220;Zimmerdetails ansehen&#8220; style=&#8220;flat&#8220; shape=&#8220;square&#8220; color=&#8220;black&#8220; align=&#8220;left&#8220; link=&#8220;url:%2Frooms%2Fapartment%2F|||&#8220;][\/vc_column_text][\/vc_column][\/vc_row]<\/p>\n<p><\/p>","protected":false},"excerpt":{"rendered":"<p>[vc_row][vc_column width=&#8220;1\/2&#8243;][vc_column_text] Ein gem\u00fctlicher, moderner Platz zum besten Ambient Preis. Neuer Wohnungsstil kommt auch mit neuen Kosten. Unser Haus verf\u00fcgt [&hellip;]<\/p>\n","protected":false},"author":1,"featured_media":0,"parent":0,"menu_order":2,"comment_status":"closed","ping_status":"closed","template":"","meta":{"footnotes":""},"yst_prominent_words":[],"class_list":["post-9","page","type-page","status-publish","hentry"],"yoast_head":"<!-- This site is optimized with the Yoast SEO Premium plugin v14.0.2 - https:\/\/yoast.com\/wordpress\/plugins\/seo\/ -->\n<title>Zimmer - Ambient Residence - Brasov (Rum\u00e4nien) - Buchen Sie zum besten Preis<\/title>\n<meta name=\"robots\" content=\"index, follow\" \/>\n<meta name=\"googlebot\" content=\"index, follow, max-snippet:-1, max-image-preview:large, max-video-preview:-1\" \/>\n<meta name=\"bingbot\" content=\"index, follow, max-snippet:-1, max-image-preview:large, max-video-preview:-1\" \/>\n<link rel=\"canonical\" href=\"https:\/\/www.residenceambient.ro\/rooms-new\/\" \/>\n<meta property=\"og:locale\" content=\"de_DE\" \/>\n<meta property=\"og:type\" content=\"article\" \/>\n<meta property=\"og:title\" content=\"[:ro]Camere[:en]Rooms[:es]Habitaciones[:de]Zimmer[:] - Ambient Residence - Brasov (Rum\u00e4nien) - Buchen Sie zum besten Preis\" \/>\n<meta property=\"og:description\" content=\"[vc_row][vc_column width=&#8220;1\/2&#8243;][vc_column_text] Ein gem\u00fctlicher, moderner Platz zum besten Ambient Preis. Neuer Wohnungsstil kommt auch mit neuen Kosten. Unser Haus verf\u00fcgt [&hellip;]\" \/>\n<meta property=\"og:url\" content=\"https:\/\/www.residenceambient.ro\/rooms-new\/\" \/>\n<meta property=\"og:site_name\" content=\"Ambient Residence - Brasov (Rum\u00e4nien) - Buchen Sie zum besten Preis\" \/>\n<meta property=\"article:modified_time\" content=\"2025-06-21T12:12:58+00:00\" \/>\n<meta name=\"twitter:card\" content=\"summary_large_image\" \/>\n<script type=\"application\/ld+json\" class=\"yoast-schema-graph\">{\"@context\":\"https:\/\/schema.org\",\"@graph\":[{\"@type\":\"WebSite\",\"@id\":\"https:\/\/www.residenceambient.ro\/de\/#website\",\"url\":\"https:\/\/www.residenceambient.ro\/de\/\",\"name\":\"Ambient Residence - Brasov (Rum\\u00e4nien) - Buchen Sie zum besten Preis\",\"description\":\"Offizielle Seite\",\"potentialAction\":[{\"@type\":\"SearchAction\",\"target\":\"https:\/\/www.residenceambient.ro\/de\/?s={search_term_string}\",\"query-input\":\"required name=search_term_string\"}],\"inLanguage\":\"de\"},{\"@type\":\"WebPage\",\"@id\":\"https:\/\/www.residenceambient.ro\/rooms-new\/#webpage\",\"url\":\"https:\/\/www.residenceambient.ro\/rooms-new\/\",\"name\":\"[:ro]Camere[:en]Rooms[:es]Habitaciones[:de]Zimmer[:] - Ambient Residence - Brasov (Rum\\u00e4nien) - Buchen Sie zum besten Preis\",\"isPartOf\":{\"@id\":\"https:\/\/www.residenceambient.ro\/de\/#website\"},\"datePublished\":\"2016-09-25T13:31:35+00:00\",\"dateModified\":\"2025-06-21T12:12:58+00:00\",\"inLanguage\":\"de\",\"potentialAction\":[{\"@type\":\"ReadAction\",\"target\":[\"https:\/\/www.residenceambient.ro\/rooms-new\/\"]}]}]}<\/script>\n<!-- \/ Yoast SEO Premium plugin. -->","_links":{"self":[{"href":"https:\/\/www.residenceambient.ro\/de\/wp-json\/wp\/v2\/pages\/9","targetHints":{"allow":["GET"]}}],"collection":[{"href":"https:\/\/www.residenceambient.ro\/de\/wp-json\/wp\/v2\/pages"}],"about":[{"href":"https:\/\/www.residenceambient.ro\/de\/wp-json\/wp\/v2\/types\/page"}],"author":[{"embeddable":true,"href":"https:\/\/www.residenceambient.ro\/de\/wp-json\/wp\/v2\/users\/1"}],"replies":[{"embeddable":true,"href":"https:\/\/www.residenceambient.ro\/de\/wp-json\/wp\/v2\/comments?post=9"}],"version-history":[{"count":61,"href":"https:\/\/www.residenceambient.ro\/de\/wp-json\/wp\/v2\/pages\/9\/revisions"}],"predecessor-version":[{"id":1778,"href":"https:\/\/www.residenceambient.ro\/de\/wp-json\/wp\/v2\/pages\/9\/revisions\/1778"}],"wp:attachment":[{"href":"https:\/\/www.residenceambient.ro\/de\/wp-json\/wp\/v2\/media?parent=9"}],"wp:term":[{"taxonomy":"yst_prominent_words","embeddable":true,"href":"https:\/\/www.residenceambient.ro\/de\/wp-json\/wp\/v2\/yst_prominent_words?post=9"}],"curies":[{"name":"wp","href":"https:\/\/api.w.org\/{rel}","templated":true}]}}