{"id":881,"date":"2017-05-28T13:38:53","date_gmt":"2017-05-28T10:38:53","guid":{"rendered":"https:\/\/www.residenceambient.ro\/?page_id=881"},"modified":"2023-11-14T20:23:41","modified_gmt":"2023-11-14T18:23:41","slug":"evenimente-in-brasov","status":"publish","type":"page","link":"https:\/\/www.residenceambient.ro\/de\/hotel-services\/evenimente-in-brasov\/","title":{"rendered":"Veranstaltungen in Brasov"},"content":{"rendered":"<p><\/p>\n<p>[vc_row css=&#8220;.vc_custom_1495630713246{margin-bottom: -150px !important;}&#8220;][vc_column width=&#8220;1\/3&#8243;][vc_column_text]<\/p>\n<h1 style=\"text-align: center;\"><small>Wir laden Sie ein, Veranstaltungen, Shows, Ausstellungen, Theaterst\u00fccke der Ausnahme zu entdecken!<\/small><\/h1>\n<p style=\"text-align: center;\">Neben einer der sch\u00f6nsten St\u00e4dte Rum\u00e4niens und einer Touristenattraktion f\u00fcr Menschen aus aller Welt ist Brasov ein besonderer Ort, der bei allen Gelegenheiten seine \u00d6ffentlichkeit \u00fcberrascht. Am Fu\u00dfe von Tampa gelegen, ist die Stadt selbst ein Anblick, um sowohl von den historischen und zeitgen\u00f6ssischen Juwelen, die hier untergebracht sind, wie durch die Aktivit\u00e4ten seiner Leute, die ihren Schatz zu sch\u00e4tzen wissen, zu sehen.<\/p>\n<p>[\/vc_column_text][\/vc_column][vc_column width=&#8220;1\/5&#8243; css=&#8220;.vc_custom_1659255704184{margin-top: 40px !important;}&#8220;][vc_single_image image=&#8220;883&#8243; alignment=&#8220;center&#8220; onclick=&#8220;custom_link&#8220; img_link_target=&#8220;_blank&#8220; link=&#8220;http:\/\/cultura.brasovcity.ro\/ro\/calendar-evenimente\/&#8220; css=&#8220;.vc_custom_1495967837921{margin-top: -20px !important;}&#8220;][vc_column_text css=&#8220;.vc_custom_1495822244187{margin-top: -25px !important;}&#8220;]<\/p>\n<p style=\"text-align: center;\"><strong><span style=\"color: #7c0021;\">VERANSTALTUNGEN IN BRASOV<br \/>\n<\/span><\/strong><\/p>\n<p>[\/vc_column_text][\/vc_column][vc_column width=&#8220;1\/5&#8243; css=&#8220;.vc_custom_1659255699659{margin-top: 50px !important;}&#8220;][vc_raw_html]JTNDY2VudGVyJTNFJTNDZGl2JTIwc3R5bGUlM0QlMjJkaXNwbGF5JTNBYmxvY2slM0IlMjBwb3NpdGlvbiUzQXN0YXRpYyUzQiUyMHdpZHRoJTNBJTIwODVweCUzQiUyMG1hcmdpbiUzQTNweCUyMDAlM0IlMjBwYWRkaW5nJTNBJTIwMCUzQiUyMGZvbnQtZmFtaWx5JTNBJTIwQXJpYWwlMkMlMjBUYWhvbWElMkMlMjBWZXJkYW5hJTJDJTIwSGVsdmV0aWNhJTJDJTIwc2Fucy1zZXJpZiUzQiUyMGZvbnQtc2l6ZSUzQSUyMDEycHglM0IlMjB0ZXh0LWFsaWduJTNBJTIwY2VudGVyJTNCJTIyJTNFJTNDYSUyMGhyZWYlM0QlMjJodHRwJTNBJTJGJTJGd3d3LnR1cmlzdGluZm8ucm8lMkZicmFzb3YlMkZjYXphcmUtYnJhc292JTJGcmVzaWRlbmNlX2FtYmllbnQtYzY3ODg4Lmh0bWwlMjIlMjB0aXRsZSUzRCUyMlJlc2lkZW5jZSUyMEFtYmllbnQlMjBCcmElQzglOTlvdiUyMHBlJTIwVFVSSVNUJTIwSU5GTyUyMC5ybyUyMiUyMHRhcmdldCUzRCUyMl9zZWxmJTIyJTIwJTNFJTNDaW1nJTIwc3JjJTNEJTIyaHR0cHMlM0ElMkYlMkZ3d3cudHVyaXN0aW5mby5ybyUyRmltYWdlcyUyRmxvZ28ucG5nJTIyJTIwd2lkdGglM0QlMjI4NSUyMiUyMGhlaWdodCUzRCUyMjg1JTIyJTIwYWx0JTNEJTIyQ2F6YXJlJTIwaG90ZWx1cmklMjBwZW5zaXVuaSUyMHBlJTIwdHVyaXN0aW5mby5ybyUyMiUyMHN0eWxlJTNEJTIyYm9yZGVyJTNBMCUzQiUyMiUyMCUyMCUyRiUzRSUzQyUyRmElM0UlM0NkaXYlMjBzdHlsZSUzRCUyMm1hcmdpbiUzQTNweCUyMDAlMjAwJTIwMCUzQiUyMiUzRSUzQ2ElMjBocmVmJTNEJTIyaHR0cHMlM0ElMkYlMkZ3d3cudHVyaXN0aW5mby5ybyUyRmJyYXNvdiUyRmNhemFyZS1ob3RlbHVyaS12aWxlLXBlbnNpdW5pLWJyYXNvdi5odG1sJTIyJTIwdGl0bGUlM0QlMjJhbHRlJTIwaG90ZWx1cmklMjBzaSUyMHBlbnNpdW5pJTIwaW4lMjBCcmElQzglOTlvdiUyMiUyMHRhcmdldCUzRCUyMl9zZWxmJTIyJTIwc3R5bGUlM0QlMjJjb2xvciUzQSUyMCUyMzNCNTk5OCUzQiUyMGN1cnNvciUzQXBvaW50ZXIlM0IlMjIlM0VDYXphcmUlMjBCcmElQzglOTlvdiUzQyUyRmElM0UlM0MlMkZkaXYlM0UlM0MlMkZkaXYlM0UlM0MlMkZjZW50ZXIlM0U=[\/vc_raw_html][\/vc_column][vc_column width=&#8220;1\/5&#8243; css=&#8220;.vc_custom_1659255708414{margin-top: 70px !important;}&#8220;][vc_single_image image=&#8220;901&#8243; alignment=&#8220;center&#8220; onclick=&#8220;custom_link&#8220; img_link_target=&#8220;_blank&#8220; link=&#8220;https:\/\/ghidlocal.com\/brasov\/evenimente\/&#8220; css=&#8220;.vc_custom_1497888400918{margin-top: -20px !important;}&#8220;][vc_column_text css=&#8220;.vc_custom_1497888378742{margin-top: -25px !important;}&#8220;]<\/p>\n<p style=\"text-align: center;\"><strong><span style=\"color: #7c0021;\">LOCALE INFORMATIONEN BRASOV<br \/>\n<\/span><\/strong><\/p>\n<p>[\/vc_column_text][\/vc_column][\/vc_row][vc_row css=&#8220;.vc_custom_1495872183795{margin-top: 50px !important;margin-bottom: -110px !important;}&#8220;][vc_column][vc_separator color=&#8220;custom&#8220; style=&#8220;shadow&#8220; border_width=&#8220;2&#8243; accent_color=&#8220;#7c0021&#8243;][\/vc_column][\/vc_row][vc_row][vc_column width=&#8220;1\/2&#8243; css=&#8220;.vc_custom_1495627794964{margin-top: 40px !important;}&#8220;][vc_single_image image=&#8220;884&#8243; img_size=&#8220;medium&#8220; alignment=&#8220;center&#8220;][vc_raw_html]JTNDY2VudGVyJTNFJTNDYSUyMGhyZWYlM0QlMjJodHRwcyUzQSUyRiUyRmIyYi50cmlwaWdvLnJvJTJGYjJjJTJGQU1CJTJGb3RoZXIlMkZzZWFyY2glMjIlM0UlM0NpbWclMjBjbGFzcyUzRCUyMndwLWltYWdlLTg1MjMlMjBhbGlnbmNlbnRlciUyMiUyMHNyYyUzRCUyMmh0dHBzJTNBJTJGJTJGd3d3LmhvdGVsYW1iaWVudC5ybyUyRndwLWNvbnRlbnQlMkZ1cGxvYWRzJTJGMjAyMiUyRjA4JTJGZXpnaWYuY29tLWdpZi1tYWtlci5naWYlMjIlMjBhbHQlM0QlMjIlMjIlMjB3aWR0aCUzRCUyMjIyOSUyMiUyMGhlaWdodCUzRCUyMjIyOSUyMiUyMCUyRiUzRSUzQyUyRmElM0UlM0MlMkZjZW50ZXIlM0U=[\/vc_raw_html][\/vc_column][vc_column width=&#8220;1\/2&#8243;][vc_images_carousel images=&#8220;890,887,886,889&#8243; onclick=&#8220;link_no&#8220;][\/vc_column][\/vc_row][vc_row css=&#8220;.vc_custom_1470399456447{margin-top: -200px !important;}&#8220;][vc_column][vc_raw_html]JTNDc2NyaXB0JTIwdHlwZSUzRCUyMnRleHQlMkZqYXZhc2NyaXB0JTIyJTIwc3JjJTNEJTIyaHR0cHMlM0ElMkYlMkZvcGVuLnVwcGVyYm9va2luZy5jb20lMkZhbWJpZW50cGVuc2l1bmUlMkZCb29raW5nLmpzJTNGbG9jYWxlJTNEcm8lMjIlM0UlM0MlMkZzY3JpcHQlM0U=[\/vc_raw_html][\/vc_column][\/vc_row]<\/p>\n<p><\/p>","protected":false},"excerpt":{"rendered":"<p>[vc_row css=&#8220;.vc_custom_1495630713246{margin-bottom: -150px !important;}&#8220;][vc_column width=&#8220;1\/3&#8243;][vc_column_text] Wir laden Sie ein, Veranstaltungen, Shows, Ausstellungen, Theaterst\u00fccke der Ausnahme zu entdecken! Neben einer der [&hellip;]<\/p>\n","protected":false},"author":2,"featured_media":0,"parent":11,"menu_order":6,"comment_status":"closed","ping_status":"closed","template":"","meta":{"footnotes":""},"yst_prominent_words":[],"class_list":["post-881","page","type-page","status-publish","hentry"],"yoast_head":"<!-- This site is optimized with the Yoast SEO Premium plugin v14.0.2 - https:\/\/yoast.com\/wordpress\/plugins\/seo\/ -->\n<title>Veranstaltungen in Brasov - Ambient Residence - Brasov (Rum\u00e4nien) - Buchen Sie zum besten Preis<\/title>\n<meta name=\"robots\" content=\"index, follow\" \/>\n<meta name=\"googlebot\" content=\"index, follow, max-snippet:-1, max-image-preview:large, max-video-preview:-1\" \/>\n<meta name=\"bingbot\" content=\"index, follow, max-snippet:-1, max-image-preview:large, max-video-preview:-1\" \/>\n<link rel=\"canonical\" href=\"https:\/\/www.residenceambient.ro\/hotel-services\/evenimente-in-brasov\/\" \/>\n<meta property=\"og:locale\" content=\"de_DE\" \/>\n<meta property=\"og:type\" content=\"article\" \/>\n<meta property=\"og:title\" content=\"[:ro]Evenimente \u00een Bra\u015fov[:en]Events in Brasov[:es]Eventos en Brasov[:de]Veranstaltungen in Brasov[:] - Ambient Residence - Brasov (Rum\u00e4nien) - Buchen Sie zum besten Preis\" \/>\n<meta property=\"og:description\" content=\"[vc_row css=&#8220;.vc_custom_1495630713246{margin-bottom: -150px !important;}&#8220;][vc_column width=&#8220;1\/3&#8243;][vc_column_text] Wir laden Sie ein, Veranstaltungen, Shows, Ausstellungen, Theaterst\u00fccke der Ausnahme zu entdecken! Neben einer der [&hellip;]\" \/>\n<meta property=\"og:url\" content=\"https:\/\/www.residenceambient.ro\/hotel-services\/evenimente-in-brasov\/\" \/>\n<meta property=\"og:site_name\" content=\"Ambient Residence - Brasov (Rum\u00e4nien) - Buchen Sie zum besten Preis\" \/>\n<meta property=\"article:modified_time\" content=\"2023-11-14T18:23:41+00:00\" \/>\n<meta name=\"twitter:card\" content=\"summary_large_image\" \/>\n<script type=\"application\/ld+json\" class=\"yoast-schema-graph\">{\"@context\":\"https:\/\/schema.org\",\"@graph\":[{\"@type\":\"WebSite\",\"@id\":\"https:\/\/www.residenceambient.ro\/de\/#website\",\"url\":\"https:\/\/www.residenceambient.ro\/de\/\",\"name\":\"Ambient Residence - Brasov (Rum\\u00e4nien) - Buchen Sie zum besten Preis\",\"description\":\"Offizielle Seite\",\"potentialAction\":[{\"@type\":\"SearchAction\",\"target\":\"https:\/\/www.residenceambient.ro\/de\/?s={search_term_string}\",\"query-input\":\"required name=search_term_string\"}],\"inLanguage\":\"de\"},{\"@type\":\"WebPage\",\"@id\":\"https:\/\/www.residenceambient.ro\/hotel-services\/evenimente-in-brasov\/#webpage\",\"url\":\"https:\/\/www.residenceambient.ro\/hotel-services\/evenimente-in-brasov\/\",\"name\":\"[:ro]Evenimente \\u00een Bra\\u015fov[:en]Events in Brasov[:es]Eventos en Brasov[:de]Veranstaltungen in Brasov[:] - Ambient Residence - Brasov (Rum\\u00e4nien) - Buchen Sie zum besten Preis\",\"isPartOf\":{\"@id\":\"https:\/\/www.residenceambient.ro\/de\/#website\"},\"datePublished\":\"2017-05-28T10:38:53+00:00\",\"dateModified\":\"2023-11-14T18:23:41+00:00\",\"inLanguage\":\"de\",\"potentialAction\":[{\"@type\":\"ReadAction\",\"target\":[\"https:\/\/www.residenceambient.ro\/hotel-services\/evenimente-in-brasov\/\"]}]}]}<\/script>\n<!-- \/ Yoast SEO Premium plugin. -->","_links":{"self":[{"href":"https:\/\/www.residenceambient.ro\/de\/wp-json\/wp\/v2\/pages\/881","targetHints":{"allow":["GET"]}}],"collection":[{"href":"https:\/\/www.residenceambient.ro\/de\/wp-json\/wp\/v2\/pages"}],"about":[{"href":"https:\/\/www.residenceambient.ro\/de\/wp-json\/wp\/v2\/types\/page"}],"author":[{"embeddable":true,"href":"https:\/\/www.residenceambient.ro\/de\/wp-json\/wp\/v2\/users\/2"}],"replies":[{"embeddable":true,"href":"https:\/\/www.residenceambient.ro\/de\/wp-json\/wp\/v2\/comments?post=881"}],"version-history":[{"count":14,"href":"https:\/\/www.residenceambient.ro\/de\/wp-json\/wp\/v2\/pages\/881\/revisions"}],"predecessor-version":[{"id":1655,"href":"https:\/\/www.residenceambient.ro\/de\/wp-json\/wp\/v2\/pages\/881\/revisions\/1655"}],"up":[{"embeddable":true,"href":"https:\/\/www.residenceambient.ro\/de\/wp-json\/wp\/v2\/pages\/11"}],"wp:attachment":[{"href":"https:\/\/www.residenceambient.ro\/de\/wp-json\/wp\/v2\/media?parent=881"}],"wp:term":[{"taxonomy":"yst_prominent_words","embeddable":true,"href":"https:\/\/www.residenceambient.ro\/de\/wp-json\/wp\/v2\/yst_prominent_words?post=881"}],"curies":[{"name":"wp","href":"https:\/\/api.w.org\/{rel}","templated":true}]}}