{"id":36,"date":"2016-09-25T16:54:26","date_gmt":"2016-09-25T13:54:26","guid":{"rendered":"http:\/\/residenceambient.hotelsperformance.net\/?page_id=36"},"modified":"2017-09-18T14:05:16","modified_gmt":"2017-09-18T11:05:16","slug":"work-with-us","status":"publish","type":"page","link":"https:\/\/www.residenceambient.ro\/de\/contact\/work-with-us\/","title":{"rendered":"(Rom\u00e2n\u0103) Carier\u0103"},"content":{"rendered":"<p class=\"qtranxs-available-languages-message qtranxs-available-languages-message-de\">Leider ist der Eintrag nur auf <a href=\"https:\/\/www.residenceambient.ro\/ro\/wp-json\/wp\/v2\/pages\/36\" class=\"qtranxs-available-language-link qtranxs-available-language-link-ro\" title=\"Rom\u00e2n\u0103\">Rom\u00e2n\u0103<\/a>, <a href=\"https:\/\/www.residenceambient.ro\/en\/wp-json\/wp\/v2\/pages\/36\" class=\"qtranxs-available-language-link qtranxs-available-language-link-en\" title=\"English\">English<\/a> und <a href=\"https:\/\/www.residenceambient.ro\/es\/wp-json\/wp\/v2\/pages\/36\" class=\"qtranxs-available-language-link qtranxs-available-language-link-es\" title=\"Espa\u00f1ol\">Espa\u00f1ol<\/a> verf\u00fcgbar.<\/p>","protected":false},"excerpt":{"rendered":"<p>Leider ist der Eintrag nur auf Rom\u00e2n\u0103, English und Espa\u00f1ol verf\u00fcgbar.<\/p>\n","protected":false},"author":1,"featured_media":0,"parent":30,"menu_order":2,"comment_status":"closed","ping_status":"closed","template":"","meta":{"footnotes":""},"yst_prominent_words":[99,111,146],"class_list":["post-36","page","type-page","status-publish","hentry"],"yoast_head":"<!-- This site is optimized with the Yoast SEO Premium plugin v14.0.2 - https:\/\/yoast.com\/wordpress\/plugins\/seo\/ -->\n<title><\/title>\n<meta name=\"robots\" content=\"index, follow\" \/>\n<meta name=\"googlebot\" content=\"index, follow, max-snippet:-1, max-image-preview:large, max-video-preview:-1\" \/>\n<meta name=\"bingbot\" content=\"index, follow, max-snippet:-1, max-image-preview:large, max-video-preview:-1\" \/>\n<link rel=\"canonical\" href=\"https:\/\/www.residenceambient.ro\/ro\/contact\/work-with-us\/\" \/>\n<meta property=\"og:locale\" content=\"de_DE\" \/>\n<meta property=\"og:type\" content=\"article\" \/>\n<meta property=\"og:title\" content=\"[:ro]Carier\u0103 [:en]Work with us[:es]Trabaja con nosotros[:] - Ambient Residence - Brasov (Rum\u00e4nien) - Buchen Sie zum besten Preis\" \/>\n<meta property=\"og:description\" content=\"Leider ist der Eintrag nur auf Rom\u00e2n\u0103, English und Espa\u00f1ol verf\u00fcgbar.\" \/>\n<meta property=\"og:url\" content=\"https:\/\/www.residenceambient.ro\/ro\/contact\/work-with-us\/\" \/>\n<meta property=\"og:site_name\" content=\"Ambient Residence - Brasov (Rum\u00e4nien) - Buchen Sie zum besten Preis\" \/>\n<meta property=\"article:modified_time\" content=\"2017-09-18T11:05:16+00:00\" \/>\n<meta name=\"twitter:card\" content=\"summary_large_image\" \/>\n<script type=\"application\/ld+json\" class=\"yoast-schema-graph\">{\"@context\":\"https:\/\/schema.org\",\"@graph\":[{\"@type\":\"WebSite\",\"@id\":\"https:\/\/www.residenceambient.ro\/de\/#website\",\"url\":\"https:\/\/www.residenceambient.ro\/de\/\",\"name\":\"Ambient Residence - Brasov (Rum\\u00e4nien) - Buchen Sie zum besten Preis\",\"description\":\"Offizielle Seite\",\"potentialAction\":[{\"@type\":\"SearchAction\",\"target\":\"https:\/\/www.residenceambient.ro\/de\/?s={search_term_string}\",\"query-input\":\"required name=search_term_string\"}],\"inLanguage\":\"de\"},{\"@type\":\"WebPage\",\"@id\":\"https:\/\/www.residenceambient.ro\/ro\/contact\/work-with-us\/#webpage\",\"url\":\"https:\/\/www.residenceambient.ro\/ro\/contact\/work-with-us\/\",\"name\":\"[:ro]Carier\\u0103 [:en]Work with us[:es]Trabaja con nosotros[:] - Ambient Residence - Brasov (Rum\\u00e4nien) - Buchen Sie zum besten Preis\",\"isPartOf\":{\"@id\":\"https:\/\/www.residenceambient.ro\/de\/#website\"},\"datePublished\":\"2016-09-25T13:54:26+00:00\",\"dateModified\":\"2017-09-18T11:05:16+00:00\",\"inLanguage\":\"de\",\"potentialAction\":[{\"@type\":\"ReadAction\",\"target\":[\"https:\/\/www.residenceambient.ro\/ro\/contact\/work-with-us\/\"]}]}]}<\/script>\n<!-- \/ Yoast SEO Premium plugin. -->","_links":{"self":[{"href":"https:\/\/www.residenceambient.ro\/de\/wp-json\/wp\/v2\/pages\/36","targetHints":{"allow":["GET"]}}],"collection":[{"href":"https:\/\/www.residenceambient.ro\/de\/wp-json\/wp\/v2\/pages"}],"about":[{"href":"https:\/\/www.residenceambient.ro\/de\/wp-json\/wp\/v2\/types\/page"}],"author":[{"embeddable":true,"href":"https:\/\/www.residenceambient.ro\/de\/wp-json\/wp\/v2\/users\/1"}],"replies":[{"embeddable":true,"href":"https:\/\/www.residenceambient.ro\/de\/wp-json\/wp\/v2\/comments?post=36"}],"version-history":[{"count":8,"href":"https:\/\/www.residenceambient.ro\/de\/wp-json\/wp\/v2\/pages\/36\/revisions"}],"predecessor-version":[{"id":957,"href":"https:\/\/www.residenceambient.ro\/de\/wp-json\/wp\/v2\/pages\/36\/revisions\/957"}],"up":[{"embeddable":true,"href":"https:\/\/www.residenceambient.ro\/de\/wp-json\/wp\/v2\/pages\/30"}],"wp:attachment":[{"href":"https:\/\/www.residenceambient.ro\/de\/wp-json\/wp\/v2\/media?parent=36"}],"wp:term":[{"taxonomy":"yst_prominent_words","embeddable":true,"href":"https:\/\/www.residenceambient.ro\/de\/wp-json\/wp\/v2\/yst_prominent_words?post=36"}],"curies":[{"name":"wp","href":"https:\/\/api.w.org\/{rel}","templated":true}]}}