{"id":28,"date":"2016-09-25T16:49:27","date_gmt":"2016-09-25T13:49:27","guid":{"rendered":"http:\/\/residenceambient.hotelsperformance.net\/?page_id=28"},"modified":"2023-11-27T22:09:05","modified_gmt":"2023-11-27T20:09:05","slug":"location","status":"publish","type":"page","link":"https:\/\/www.residenceambient.ro\/de\/hotel-services\/location\/","title":{"rendered":"Lage"},"content":{"rendered":"<p>[vc_row css=&#8220;.vc_custom_1467972868962{margin-bottom: -120px !important;}&#8220;][vc_column][vc_column_text]<\/p>\n<h1 style=\"text-align: center;\"><span style=\"color: #542f00;\"><small>In der Stadt Brasov, das Herz von Siebenb\u00fcrgen, erwartet Sie einen besonderen Ort, genannt Ambient Residence<\/small><\/span><\/h1>\n<p style=\"text-align: center;\">Liegt im historischen Zentrum von Brasov, ist Ambient Residence der ideale Ort, um w\u00e4hrend Ihres Besuchs in Brasov zu bleiben, von dem aus Sie leicht zu allen touristischen Attraktionen in der Stadt zu erreichen. Nur wenige Kilometer finden Sie die ber\u00fchmte Bran-Burg, wo Sie die ber\u00fchmte Legende von &#8220; Dracula &#8218;, das wundersch\u00f6ne Schloss Peles, k\u00f6nigliche Residenz, in der Stadt Sinaia, Poiana Brasov, eines der 10 besten Skigebiete, entdecken k\u00f6nnen Von Europa, den St\u00e4dten Predeal, Sighisoara, Fagaras usw.<\/p>\n<p style=\"text-align: center;\">Brasov ist eines der bedeutendsten Wirtschafts- und Kulturzentren Rum\u00e4niens, das von Touristen aus aller Welt besucht wird, die sich von den geschichtstr\u00e4chtigen Stra\u00dfen und der Renaissance-, Gotik- und Barockarchitektur faszinieren lassen.<\/p>\n<p style=\"text-align: center;\">Ambient Residence befindet sich nur wenige Schritte vom Rathausplatz und der Schwarzen Kirche entfernt, einem der repr\u00e4sentativsten Denkm\u00e4ler der gotischen Architektur in Rum\u00e4nien.<\/p>\n<p>[\/vc_column_text][\/vc_column][\/vc_row][vc_row css=&#8220;.vc_custom_1467972868962{margin-bottom: -120px !important;}&#8220;][vc_column width=&#8220;1\/6&#8243;][\/vc_column][vc_column width=&#8220;2\/3&#8243;][vc_column_text]<\/p>\n<div class=\"wpb_wrapper\">\n<h2 class=\"wpb_heading wpb_video_heading\">Sommer<\/h2>\n<p style=\"text-align: center;\"><div class=\"epyt-video-wrapper\"><iframe loading=\"lazy\"  style=\"display: block; margin: 0px auto;\"  id=\"_ytid_37076\"  width=\"750\" height=\"422\"  data-origwidth=\"750\" data-origheight=\"422\"  src=\"https:\/\/www.youtube.com\/embed\/a19suRLtGWE?enablejsapi=1&origin=https:\/\/www.residenceambient.ro&autoplay=0&cc_load_policy=0&iv_load_policy=3&loop=0&modestbranding=1&rel=0&fs=1&playsinline=0&autohide=2&theme=dark&color=red&controls=1&\" class=\"__youtube_prefs__  no-lazyload\" title=\"YouTube player\"  allow=\"autoplay; encrypted-media\" allowfullscreen data-no-lazy=\"1\" data-skipgform_ajax_framebjll=\"\"><\/iframe><\/div>\n<\/div>\n<p>[\/vc_column_text][vc_column_text]<\/p>\n<div class=\"wpb_wrapper\">\n<h2 class=\"wpb_heading wpb_video_heading\">Winter<\/h2>\n<p style=\"text-align: center;\"><div class=\"epyt-video-wrapper\"><iframe loading=\"lazy\"  style=\"display: block; margin: 0px auto;\"  id=\"_ytid_27917\"  width=\"750\" height=\"422\"  data-origwidth=\"750\" data-origheight=\"422\"  src=\"https:\/\/www.youtube.com\/embed\/15Z6fwA3rmM?enablejsapi=1&origin=https:\/\/www.residenceambient.ro&autoplay=0&cc_load_policy=0&iv_load_policy=3&loop=0&modestbranding=1&rel=0&fs=1&playsinline=0&autohide=2&theme=dark&color=red&controls=1&\" class=\"__youtube_prefs__  no-lazyload\" title=\"YouTube player\"  allow=\"autoplay; encrypted-media\" allowfullscreen data-no-lazy=\"1\" data-skipgform_ajax_framebjll=\"\"><\/iframe><\/div>\n<\/div>\n<p>[\/vc_column_text][\/vc_column][vc_column width=&#8220;1\/6&#8243;][\/vc_column][\/vc_row][vc_row][vc_column][vc_empty_space height=&#8220;20px&#8220;][vc_single_image image=&#8220;1191&#8243; img_size=&#8220;medium&#8220; alignment=&#8220;center&#8220; onclick=&#8220;custom_link&#8220; img_link_target=&#8220;_blank&#8220; link=&#8220;https:\/\/www.gpsmycity.com\/gps-tour-guides\/brasov-3530.html?hid=1134&#8243; css=&#8220;.vc_custom_1596105830075{margin-bottom: -50px !important;}&#8220;][\/vc_column][\/vc_row][vc_row css=&#8220;.vc_custom_1470399456447{margin-top: -200px !important;}&#8220;][vc_column][vc_raw_html]JTNDc2NyaXB0JTIwdHlwZSUzRCUyMnRleHQlMkZqYXZhc2NyaXB0JTIyJTIwc3JjJTNEJTIyaHR0cHMlM0ElMkYlMkZvcGVuLnVwcGVyYm9va2luZy5jb20lMkZhbWJpZW50cmVzaWRlbmNlJTJGQm9va2luZy5qcyUzRmxvY2FsZSUzRGVuJTIyJTNFJTNDJTJGc2NyaXB0JTNF[\/vc_raw_html][\/vc_column][\/vc_row]<\/p>","protected":false},"excerpt":{"rendered":"<p>[vc_row css=&#8220;.vc_custom_1467972868962{margin-bottom: -120px !important;}&#8220;][vc_column][vc_column_text] In der Stadt Brasov, das Herz von Siebenb\u00fcrgen, erwartet Sie einen besonderen Ort, genannt Ambient Residence [&hellip;]<\/p>\n","protected":false},"author":1,"featured_media":0,"parent":11,"menu_order":5,"comment_status":"closed","ping_status":"closed","template":"page-templates\/contact.php","meta":{"footnotes":""},"yst_prominent_words":[],"class_list":["post-28","page","type-page","status-publish","hentry"],"yoast_head":"<!-- This site is optimized with the Yoast SEO Premium plugin v14.0.2 - https:\/\/yoast.com\/wordpress\/plugins\/seo\/ -->\n<title>Lage - Ambient Residence - Brasov (Rum\u00e4nien) - Buchen Sie zum besten Preis<\/title>\n<meta name=\"robots\" content=\"index, follow\" \/>\n<meta name=\"googlebot\" content=\"index, follow, max-snippet:-1, max-image-preview:large, max-video-preview:-1\" \/>\n<meta name=\"bingbot\" content=\"index, follow, max-snippet:-1, max-image-preview:large, max-video-preview:-1\" \/>\n<link rel=\"canonical\" href=\"https:\/\/www.residenceambient.ro\/hotel-services\/location\/\" \/>\n<meta property=\"og:locale\" content=\"de_DE\" \/>\n<meta property=\"og:type\" content=\"article\" \/>\n<meta property=\"og:title\" content=\"[:ro]Loca\u0163ie[:en]Location[:es]Ubicaci\u00f3n[:de]Lage[:] - Ambient Residence - Brasov (Rum\u00e4nien) - Buchen Sie zum besten Preis\" \/>\n<meta property=\"og:description\" content=\"[vc_row css=&#8220;.vc_custom_1467972868962{margin-bottom: -120px !important;}&#8220;][vc_column][vc_column_text] In der Stadt Brasov, das Herz von Siebenb\u00fcrgen, erwartet Sie einen besonderen Ort, genannt Ambient Residence [&hellip;]\" \/>\n<meta property=\"og:url\" content=\"https:\/\/www.residenceambient.ro\/hotel-services\/location\/\" \/>\n<meta property=\"og:site_name\" content=\"Ambient Residence - Brasov (Rum\u00e4nien) - Buchen Sie zum besten Preis\" \/>\n<meta property=\"article:modified_time\" content=\"2023-11-27T20:09:05+00:00\" \/>\n<meta name=\"twitter:card\" content=\"summary_large_image\" \/>\n<script type=\"application\/ld+json\" class=\"yoast-schema-graph\">{\"@context\":\"https:\/\/schema.org\",\"@graph\":[{\"@type\":\"WebSite\",\"@id\":\"https:\/\/www.residenceambient.ro\/de\/#website\",\"url\":\"https:\/\/www.residenceambient.ro\/de\/\",\"name\":\"Ambient Residence - Brasov (Rum\\u00e4nien) - Buchen Sie zum besten Preis\",\"description\":\"Offizielle Seite\",\"potentialAction\":[{\"@type\":\"SearchAction\",\"target\":\"https:\/\/www.residenceambient.ro\/de\/?s={search_term_string}\",\"query-input\":\"required name=search_term_string\"}],\"inLanguage\":\"de\"},{\"@type\":\"WebPage\",\"@id\":\"https:\/\/www.residenceambient.ro\/hotel-services\/location\/#webpage\",\"url\":\"https:\/\/www.residenceambient.ro\/hotel-services\/location\/\",\"name\":\"[:ro]Loca\\u0163ie[:en]Location[:es]Ubicaci\\u00f3n[:de]Lage[:] - Ambient Residence - Brasov (Rum\\u00e4nien) - Buchen Sie zum besten Preis\",\"isPartOf\":{\"@id\":\"https:\/\/www.residenceambient.ro\/de\/#website\"},\"datePublished\":\"2016-09-25T13:49:27+00:00\",\"dateModified\":\"2023-11-27T20:09:05+00:00\",\"inLanguage\":\"de\",\"potentialAction\":[{\"@type\":\"ReadAction\",\"target\":[\"https:\/\/www.residenceambient.ro\/hotel-services\/location\/\"]}]}]}<\/script>\n<!-- \/ Yoast SEO Premium plugin. -->","_links":{"self":[{"href":"https:\/\/www.residenceambient.ro\/de\/wp-json\/wp\/v2\/pages\/28","targetHints":{"allow":["GET"]}}],"collection":[{"href":"https:\/\/www.residenceambient.ro\/de\/wp-json\/wp\/v2\/pages"}],"about":[{"href":"https:\/\/www.residenceambient.ro\/de\/wp-json\/wp\/v2\/types\/page"}],"author":[{"embeddable":true,"href":"https:\/\/www.residenceambient.ro\/de\/wp-json\/wp\/v2\/users\/1"}],"replies":[{"embeddable":true,"href":"https:\/\/www.residenceambient.ro\/de\/wp-json\/wp\/v2\/comments?post=28"}],"version-history":[{"count":27,"href":"https:\/\/www.residenceambient.ro\/de\/wp-json\/wp\/v2\/pages\/28\/revisions"}],"predecessor-version":[{"id":1657,"href":"https:\/\/www.residenceambient.ro\/de\/wp-json\/wp\/v2\/pages\/28\/revisions\/1657"}],"up":[{"embeddable":true,"href":"https:\/\/www.residenceambient.ro\/de\/wp-json\/wp\/v2\/pages\/11"}],"wp:attachment":[{"href":"https:\/\/www.residenceambient.ro\/de\/wp-json\/wp\/v2\/media?parent=28"}],"wp:term":[{"taxonomy":"yst_prominent_words","embeddable":true,"href":"https:\/\/www.residenceambient.ro\/de\/wp-json\/wp\/v2\/yst_prominent_words?post=28"}],"curies":[{"name":"wp","href":"https:\/\/api.w.org\/{rel}","templated":true}]}}