{"id":26,"date":"2016-09-25T16:48:23","date_gmt":"2016-09-25T13:48:23","guid":{"rendered":"http:\/\/residenceambient.hotelsperformance.net\/?page_id=26"},"modified":"2025-07-08T01:22:00","modified_gmt":"2025-07-07T22:22:00","slug":"mic-dejun","status":"publish","type":"page","link":"https:\/\/www.residenceambient.ro\/de\/hotel-services\/mic-dejun\/","title":{"rendered":"Fr\u00fchst\u00fcck"},"content":{"rendered":"<p>[vc_row disable_element=&#8220;yes&#8220;][vc_column width=&#8220;1\/3&#8243;][vc_single_image image=&#8220;286&#8243; img_size=&#8220;&#8220; alignment=&#8220;center&#8220;][\/vc_column][vc_column width=&#8220;1\/3&#8243;][vc_column_text]<\/p>\n<h3 style=\"text-align: center;\"><span style=\"color: #542f00;\">Beginnen Sie den Tag mit Energie!<\/span><\/h3>\n<p style=\"text-align: center;\">Wir kennen die Wichtigkeit des Fr\u00fchst\u00fccks und laden Sie daher ein, jeden Morgen zwischen 7 und 11 Uhr von Montag bis Samstag und zwischen 8 und 11 Uhr am Sonntag unser Fr\u00fchst\u00fccksbuffet in der Pension Ambient zu genie\u00dfen, das unter anderem R\u00fchrei, Spiegelei, K\u00e4se beinhaltet , Fleisch, Wurst, Hummus, Gem\u00fcse, Milchprodukte, Joghurt, M\u00fcsli, Erfrischungsgetr\u00e4nke, Kaffee, Wasser.<\/p>\n<p>[\/vc_column_text][\/vc_column][vc_column width=&#8220;1\/3&#8243;][vc_single_image image=&#8220;287&#8243; img_size=&#8220;&#8220; alignment=&#8220;center&#8220;][\/vc_column][\/vc_row][vc_row css=&#8220;.vc_custom_1541180044947{margin-top: -100px !important;margin-bottom: -180px !important;}&#8220;][vc_column][vc_separator color=&#8220;custom&#8220; border_width=&#8220;2&#8243; accent_color=&#8220;#542f00&#8243; css=&#8220;.vc_custom_1475263766618{margin-top: -50px !important;margin-bottom: 50px !important;}&#8220;][\/vc_column][\/vc_row][vc_row][vc_column][vc_column_text]<\/p>\n<h3 style=\"text-align: center;\"><a href=\"https:\/\/www.pensiuneambient.ro\/de\/hotel_services\/breakfast\/\"><span style=\"color: #542f00;\">Buffet im Ambient Pension<\/span><\/a><\/h3>\n<p style=\"text-align: center;\"><strong> Im Geb\u00e4ude <a href=\"https:\/\/www.pensiuneambient.ro\/de\/hotel_services\/breakfast\/\">Pension Ambient<\/a> (5 Minuten zu Fu\u00df), Sie k\u00f6nnen einen <a href=\"https:\/\/www.pensiuneambient.ro\/de\/hotel_services\/breakfast\/\">Buffet\u00a0<\/a>Fr\u00fchst\u00fcck<\/strong>.<strong>Kosten: 8\u20ac \/ Person<\/strong><\/p>\n<p>[\/vc_column_text][vc_tta_accordion][vc_tta_section i_icon_fontawesome=&#8220;fa fa-coffee&#8220; add_icon=&#8220;true&#8220; title=&#8220;Buffet Ambient Pension&#8220; tab_id=&#8220;1475261878943-209051d0-a8de&#8220;][vc_row_inner][vc_column_inner width=&#8220;1\/3&#8243;][vc_column_text]<\/p>\n<ul>\n<li>Kaffee<\/li>\n<li>Tee<\/li>\n<li>Milch<\/li>\n<li>Saft<\/li>\n<li>Mineral- oder Normalwasser<\/li>\n<li>Omelette<\/li>\n<li>Pochierte Eier<\/li>\n<li>Gekochte Eier<\/li>\n<li>Frankfurter W\u00fcrstchen<\/li>\n<li>W\u00fcrzige W\u00fcrstchen<\/li>\n<li>Butter, Marmelade, Honig<\/li>\n<li>Getreide<\/li>\n<li>Verschiedene Arten von K\u00e4se Snack<\/li>\n<li>Geschmolzener K\u00e4se Snack<\/li>\n<\/ul>\n<p>[\/vc_column_text][\/vc_column_inner][vc_column_inner width=&#8220;1\/3&#8243;][vc_column_text]<\/p>\n<ul>\n<li>Speck Snack<\/li>\n<li>Salami Snack<\/li>\n<li>K\u00e4se und Tomaten Bruschettas<\/li>\n<li>Speck<\/li>\n<li>Gem\u00fcse (Tomaten, Gurken, Paprika, Paprika, Radieschen, Oliven)<\/li>\n<li>Joghurt<\/li>\n<li>Schokoladencreme<\/li>\n<li>Kekse und Muffins<\/li>\n<li>S\u00fc\u00dfes oder gesalzenes Geb\u00e4ck<\/li>\n<li>Fr\u00fcchte<\/li>\n<\/ul>\n<p>[\/vc_column_text][\/vc_column_inner][vc_column_inner width=&#8220;1\/3&#8243;][vc_single_image image=&#8220;306&#8243; img_size=&#8220;&#8220; alignment=&#8220;right&#8220;][\/vc_column_inner][\/vc_row_inner][\/vc_tta_section][\/vc_tta_accordion][\/vc_column][\/vc_row][vc_row css=&#8220;.vc_custom_1475531130624{margin-top: -100px !important;}&#8220;][vc_column][vc_images_carousel images=&#8220;375,376,377&#8243; speed=&#8220;10000&#8243;][\/vc_column][\/vc_row][vc_row css=&#8220;.vc_custom_1475263824127{margin-top: -60px !important;margin-bottom: -180px !important;}&#8220;][vc_column][vc_separator color=&#8220;custom&#8220; border_width=&#8220;2&#8243; accent_color=&#8220;#542f00&#8243; css=&#8220;.vc_custom_1475263766618{margin-top: -50px !important;margin-bottom: 50px !important;}&#8220;][\/vc_column][\/vc_row][vc_row css=&#8220;.vc_custom_1472672109630{margin-top: -40px !important;margin-bottom: -110px !important;}&#8220;][vc_column width=&#8220;1\/4&#8243;][\/vc_column][vc_column width=&#8220;1\/2&#8243;][vc_column_text]<\/p>\n<h2 class=\"text-center\" style=\"text-align: center;\"><span style=\"color: #542f00;\"><i class='fa fa-fw fa-clock-o fa-lg center-block ' style=''><\/i><\/span>Fr\u00fchst\u00fccksstunden<\/h2>\n<p style=\"text-align: center;\">Sie k\u00f6nnen das fantastische Ambient Fr\u00fchst\u00fcck bis 11 Uhr genie\u00dfen.<\/p>\n<p style=\"text-align: center;\">Fr\u00fchst\u00fcck: 7am &#8211; 11am<\/p>\n<p>[\/vc_column_text][\/vc_column][vc_column width=&#8220;1\/4&#8243;][\/vc_column][\/vc_row][vc_row][vc_column css=&#8220;.vc_custom_1472663865345{margin-bottom: -200px !important;}&#8220;][vc_raw_html css=&#8220;.vc_custom_1491565627545{background-image: url(https:\/\/www.residenceambient.ro\/wp-content\/uploads\/2014\/09\/pensiuneambient.jpg?id=5755) !important;}&#8220;]JTNDc2NyaXB0JTIwdHlwZSUzRCUyMnRleHQlMkZqYXZhc2NyaXB0JTIyJTIwc3JjJTNEJTIyaHR0cHMlM0ElMkYlMkZvcGVuLnVwcGVyYm9va2luZy5jb20lMkZhbWJpZW50cGVuc2l1bmUlMkZCb29raW5nLmpzJTNGbG9jYWxlJTNEZXMlMjIlM0UlM0MlMkZzY3JpcHQlM0U=[\/vc_raw_html][\/vc_column][\/vc_row]<\/p>","protected":false},"excerpt":{"rendered":"<p>[vc_row disable_element=&#8220;yes&#8220;][vc_column width=&#8220;1\/3&#8243;][vc_single_image image=&#8220;286&#8243; img_size=&#8220;&#8220; alignment=&#8220;center&#8220;][\/vc_column][vc_column width=&#8220;1\/3&#8243;][vc_column_text] Beginnen Sie den Tag mit Energie! Wir kennen die Wichtigkeit des Fr\u00fchst\u00fccks und [&hellip;]<\/p>\n","protected":false},"author":1,"featured_media":0,"parent":11,"menu_order":3,"comment_status":"closed","ping_status":"closed","template":"","meta":{"footnotes":""},"yst_prominent_words":[],"class_list":["post-26","page","type-page","status-publish","hentry"],"yoast_head":"<!-- This site is optimized with the Yoast SEO Premium plugin v14.0.2 - https:\/\/yoast.com\/wordpress\/plugins\/seo\/ -->\n<title>Fr\u00fchst\u00fcck - Ambient Residence - Brasov (Rum\u00e4nien) - Buchen Sie zum besten Preis<\/title>\n<meta name=\"robots\" content=\"index, follow\" \/>\n<meta name=\"googlebot\" content=\"index, follow, max-snippet:-1, max-image-preview:large, max-video-preview:-1\" \/>\n<meta name=\"bingbot\" content=\"index, follow, max-snippet:-1, max-image-preview:large, max-video-preview:-1\" \/>\n<link rel=\"canonical\" href=\"https:\/\/www.residenceambient.ro\/hotel-services\/mic-dejun\/\" \/>\n<meta property=\"og:locale\" content=\"de_DE\" \/>\n<meta property=\"og:type\" content=\"article\" \/>\n<meta property=\"og:title\" content=\"[:ro]Mic Dejun[:en]Breakfast[:es]Desayuno[:de]Fr\u00fchst\u00fcck[:] - Ambient Residence - Brasov (Rum\u00e4nien) - Buchen Sie zum besten Preis\" \/>\n<meta property=\"og:description\" content=\"[vc_row disable_element=&#8220;yes&#8220;][vc_column width=&#8220;1\/3&#8243;][vc_single_image image=&#8220;286&#8243; img_size=&#8220;&#8220; alignment=&#8220;center&#8220;][\/vc_column][vc_column width=&#8220;1\/3&#8243;][vc_column_text] Beginnen Sie den Tag mit Energie! Wir kennen die Wichtigkeit des Fr\u00fchst\u00fccks und [&hellip;]\" \/>\n<meta property=\"og:url\" content=\"https:\/\/www.residenceambient.ro\/hotel-services\/mic-dejun\/\" \/>\n<meta property=\"og:site_name\" content=\"Ambient Residence - Brasov (Rum\u00e4nien) - Buchen Sie zum besten Preis\" \/>\n<meta property=\"article:modified_time\" content=\"2025-07-07T22:22:00+00:00\" \/>\n<meta name=\"twitter:card\" content=\"summary_large_image\" \/>\n<script type=\"application\/ld+json\" class=\"yoast-schema-graph\">{\"@context\":\"https:\/\/schema.org\",\"@graph\":[{\"@type\":\"WebSite\",\"@id\":\"https:\/\/www.residenceambient.ro\/de\/#website\",\"url\":\"https:\/\/www.residenceambient.ro\/de\/\",\"name\":\"Ambient Residence - Brasov (Rum\\u00e4nien) - Buchen Sie zum besten Preis\",\"description\":\"Offizielle Seite\",\"potentialAction\":[{\"@type\":\"SearchAction\",\"target\":\"https:\/\/www.residenceambient.ro\/de\/?s={search_term_string}\",\"query-input\":\"required name=search_term_string\"}],\"inLanguage\":\"de\"},{\"@type\":\"WebPage\",\"@id\":\"https:\/\/www.residenceambient.ro\/hotel-services\/mic-dejun\/#webpage\",\"url\":\"https:\/\/www.residenceambient.ro\/hotel-services\/mic-dejun\/\",\"name\":\"[:ro]Mic Dejun[:en]Breakfast[:es]Desayuno[:de]Fr\\u00fchst\\u00fcck[:] - Ambient Residence - Brasov (Rum\\u00e4nien) - Buchen Sie zum besten Preis\",\"isPartOf\":{\"@id\":\"https:\/\/www.residenceambient.ro\/de\/#website\"},\"datePublished\":\"2016-09-25T13:48:23+00:00\",\"dateModified\":\"2025-07-07T22:22:00+00:00\",\"inLanguage\":\"de\",\"potentialAction\":[{\"@type\":\"ReadAction\",\"target\":[\"https:\/\/www.residenceambient.ro\/hotel-services\/mic-dejun\/\"]}]}]}<\/script>\n<!-- \/ Yoast SEO Premium plugin. -->","_links":{"self":[{"href":"https:\/\/www.residenceambient.ro\/de\/wp-json\/wp\/v2\/pages\/26","targetHints":{"allow":["GET"]}}],"collection":[{"href":"https:\/\/www.residenceambient.ro\/de\/wp-json\/wp\/v2\/pages"}],"about":[{"href":"https:\/\/www.residenceambient.ro\/de\/wp-json\/wp\/v2\/types\/page"}],"author":[{"embeddable":true,"href":"https:\/\/www.residenceambient.ro\/de\/wp-json\/wp\/v2\/users\/1"}],"replies":[{"embeddable":true,"href":"https:\/\/www.residenceambient.ro\/de\/wp-json\/wp\/v2\/comments?post=26"}],"version-history":[{"count":103,"href":"https:\/\/www.residenceambient.ro\/de\/wp-json\/wp\/v2\/pages\/26\/revisions"}],"predecessor-version":[{"id":1811,"href":"https:\/\/www.residenceambient.ro\/de\/wp-json\/wp\/v2\/pages\/26\/revisions\/1811"}],"up":[{"embeddable":true,"href":"https:\/\/www.residenceambient.ro\/de\/wp-json\/wp\/v2\/pages\/11"}],"wp:attachment":[{"href":"https:\/\/www.residenceambient.ro\/de\/wp-json\/wp\/v2\/media?parent=26"}],"wp:term":[{"taxonomy":"yst_prominent_words","embeddable":true,"href":"https:\/\/www.residenceambient.ro\/de\/wp-json\/wp\/v2\/yst_prominent_words?post=26"}],"curies":[{"name":"wp","href":"https:\/\/api.w.org\/{rel}","templated":true}]}}