{"id":17,"date":"2016-09-25T16:35:34","date_gmt":"2016-09-25T13:35:34","guid":{"rendered":"http:\/\/residenceambient.hotelsperformance.net\/?page_id=17"},"modified":"2023-08-21T18:17:00","modified_gmt":"2023-08-21T15:17:00","slug":"conference-hall-2","status":"publish","type":"page","link":"https:\/\/www.residenceambient.ro\/de\/hotel-services\/conference-hall-2\/","title":{"rendered":"Konferenzsaal"},"content":{"rendered":"<p>[vc_row][vc_column width=&#8220;2\/3&#8243;][vc_column_text]<\/p>\n<h1><small><span style=\"color: #542f00;\">Der Tagungsraum und unser Team machen Ihre Veranstaltung perfekt.<\/span>.<\/small><\/h1>\n<p>In der Ambient Group haben wir umfangreiche Erfahrung in der Organisation von Veranstaltungen, zusammen mit einem voll ausgestatteten Tagungsraum wird die Veranstaltung, die Sie planen, schnell voran zu gehen, effizient und mit einem gro\u00dfartigen Ergebnis zu erreichen.<\/p>\n<p>Der Tagungsraum verf\u00fcgt \u00fcber alle Ger\u00e4te, die Sie ben\u00f6tigen: Projektor, Leinwand, TV, Klimaanlage, Heizung, Catering Service, etc.[\/vc_column_text][\/vc_column][\/vc_row][vc_row css=&#8220;.vc_custom_1475605367574{margin-top: -150px !important;}&#8220;][vc_column width=&#8220;1\/2&#8243;][vc_images_carousel images=&#8220;341,342,343&#8243; speed=&#8220;10000&#8243;][\/vc_column][vc_column width=&#8220;1\/2&#8243;][vc_column_text css=&#8220;.vc_custom_1476042634434{margin-left: 60px !important;}&#8220;]<\/p>\n<h4><span style=\"color: #542f00;\">Bereitstellung<\/span><\/h4>\n<p>[\/vc_column_text][vc_row_inner][vc_column_inner width=&#8220;1\/4&#8243;][vc_column_text]<\/p>\n<table class=\"table table-responsive\">\n<tbody>\n<tr>\n<td align=\"center\" valign=\"top\"><small><span style=\"font-family: Helvetica, Arial, sans-serif;\">Theater<br \/>\n<\/span><\/small><\/td>\n<\/tr>\n<tr>\n<td align=\"center\" valign=\"top\"><small><span style=\"font-family: Helvetica, Arial, sans-serif;\"><img loading=\"lazy\" decoding=\"async\" src=\"https:\/\/www.residenceambient.ro\/wp-content\/uploads\/2023\/08\/Teatro.png\" alt=\"Teatro\" width=\"60\" height=\"60\" \/><br \/>\n<\/span><\/small><\/td>\n<\/tr>\n<tr>\n<td align=\"center\" valign=\"top\"><small><span style=\"font-family: Helvetica, Arial, sans-serif;\">37 personen<br \/>\n<\/span><\/small><\/td>\n<\/tr>\n<\/tbody>\n<\/table>\n<p>[\/vc_column_text][\/vc_column_inner][vc_column_inner width=&#8220;1\/4&#8243;][vc_column_text]<\/p>\n<table class=\"table table-responsive\">\n<tbody>\n<tr>\n<td align=\"center\" valign=\"top\"><small><span style=\"font-family: Helvetica, Arial, sans-serif;\">U-Form<br \/>\n<\/span><\/small><\/td>\n<\/tr>\n<tr>\n<td align=\"center\" valign=\"top\"><small><span style=\"font-family: Helvetica, Arial, sans-serif;\"><img loading=\"lazy\" decoding=\"async\" src=\"https:\/\/www.residenceambient.ro\/wp-content\/uploads\/2023\/08\/FormaU-1.png\" alt=\"Forma de U\" width=\"60\" height=\"60\" \/><\/span><\/small><\/td>\n<\/tr>\n<tr>\n<td align=\"center\" valign=\"top\"><small><span style=\"font-family: Helvetica, Arial, sans-serif;\">22\u00a0personen<\/span><\/small><\/td>\n<\/tr>\n<\/tbody>\n<\/table>\n<p>[\/vc_column_text][\/vc_column_inner][vc_column_inner width=&#8220;1\/4&#8243;][vc_column_text]<\/p>\n<table class=\"table table-responsive\">\n<tbody>\n<tr>\n<td align=\"center\" valign=\"top\"><small><span style=\"font-family: Helvetica, Arial, sans-serif;\">Klassenzimmer<\/span><\/small><\/td>\n<\/tr>\n<tr>\n<td align=\"center\" valign=\"top\"><small><span style=\"font-family: Helvetica, Arial, sans-serif;\"><img loading=\"lazy\" decoding=\"async\" src=\"https:\/\/www.residenceambient.ro\/wp-content\/uploads\/2023\/08\/Clase-1.png\" alt=\"Clase\" width=\"60\" height=\"60\" \/><\/span><\/small><\/td>\n<\/tr>\n<tr>\n<td align=\"center\" valign=\"top\"><small><span style=\"font-family: Helvetica, Arial, sans-serif;\">18\u00a0personen<\/span><\/small><\/td>\n<\/tr>\n<\/tbody>\n<\/table>\n<p>[\/vc_column_text][\/vc_column_inner][vc_column_inner width=&#8220;1\/4&#8243;][vc_column_text]<\/p>\n<table class=\"table table-responsive\">\n<tbody>\n<tr>\n<td align=\"center\" valign=\"top\"><small><span style=\"font-family: Helvetica, Arial, sans-serif;\">Runder Tisch<br \/>\n<\/span><\/small><\/td>\n<\/tr>\n<tr>\n<td align=\"center\" valign=\"top\"><small><span style=\"font-family: Helvetica, Arial, sans-serif;\"><img loading=\"lazy\" decoding=\"async\" src=\"https:\/\/www.residenceambient.ro\/wp-content\/uploads\/2023\/08\/mesaredonda.png\" alt=\"mesa\" width=\"60\" height=\"60\" \/><br \/>\n<\/span><\/small><\/td>\n<\/tr>\n<tr>\n<td align=\"center\" valign=\"top\"><small><span style=\"font-family: Helvetica, Arial, sans-serif;\">25\u00a0personen<\/span><\/small><\/td>\n<\/tr>\n<\/tbody>\n<\/table>\n<p>[\/vc_column_text][\/vc_column_inner][\/vc_row_inner][\/vc_column][\/vc_row][vc_row css=&#8220;.vc_custom_1475605386744{margin-top: -150px !important;}&#8220;][vc_column width=&#8220;1\/4&#8243;][vc_column_text]<\/p>\n<h4><span style=\"color: #542f00;\">Ma\u00dfe<\/span><\/h4>\n<ul class=\"list-pointer\">\n<li>L\u00e4nge: 8,9 Meter<\/li>\n<li>Breite: 6,5 Meter<\/li>\n<li>Fl\u00e4che: 55 qm<\/li>\n<li>Maximale H\u00f6he: 5 Meter<\/li>\n<li>Mindesth\u00f6he: 2,5 Meter<\/li>\n<\/ul>\n<p>[\/vc_column_text][\/vc_column][vc_column width=&#8220;1\/4&#8243;][vc_column_text]<\/p>\n<h4><span style=\"color: #542f00;\">Anlagen<br \/>\n<\/span><\/h4>\n<ul class=\"list-pointer\">\n<li>Klimaanlage, Doppelzone Klimatisierung<\/li>\n<li>Nat\u00fcrliches Licht<\/li>\n<li>Dunkelheit<\/li>\n<li>Catering Service<\/li>\n<\/ul>\n<p>[\/vc_column_text][\/vc_column][vc_column width=&#8220;1\/4&#8243;][vc_column_text]<\/p>\n<h4><span style=\"color: #542f00;\">Ausr\u00fcstung<\/span><\/h4>\n<ul class=\"list-pointer\">\n<li>Wireless Internet Zugang<\/li>\n<li>Flipchart, Papier, Marker<\/li>\n<li>Whiteboard<\/li>\n<li>Plasma TV\/ LCD<\/li>\n<li>Video Projector<\/li>\n<li>Laptop, PC auf Anfrage<\/li>\n<li>Drucker, Kopierer, Fax<\/li>\n<li>Audio und Videokonferenzsystem auf Anfrage<\/li>\n<\/ul>\n<p>[\/vc_column_text][\/vc_column][vc_column width=&#8220;1\/4&#8243;][vc_column_text]<\/p>\n<h4><span style=\"color: #542f00;\">Parken<\/span><\/h4>\n<p>Public parking in front of the Residence (surcharge):<\/p>\n<ul class=\"list-pointer\">\n<li>Preis pro Tag: 15 RON \/ Fahrzeug<\/li>\n<li>Preis pro Stunde: 1,5 RON \/ Fahrzeug<\/li>\n<\/ul>\n<p>[\/vc_column_text][\/vc_column][\/vc_row][vc_row css=&#8220;.vc_custom_1472388206669{margin-bottom: -70px !important;}&#8220;][vc_column css=&#8220;.vc_custom_1472388503812{margin-top: -120px !important;margin-bottom: -60px !important;}&#8220;][vc_separator color=&#8220;custom&#8220; border_width=&#8220;2&#8243; accent_color=&#8220;#542f00&#8243;][\/vc_column][\/vc_row][vc_row css=&#8220;.vc_custom_1472387681159{margin-top: -130px !important;margin-bottom: -50px !important;}&#8220;][vc_column css=&#8220;.vc_custom_1472388580844{margin-top: -90px !important;}&#8220;][vc_column_text]<\/p>\n<h2 class=\"text-center\" style=\"text-align: center;\"><span style=\"color: #542f00;\"><i class='fa fa-fw fa-book center-block ' style=''><\/i><\/span>Reservierungen und Informationen<\/h2>\n<p style=\"text-align: center;\">Wir stehen Ihnen gerne zur Verf\u00fcgung, um gemeinsam eine erfolgreiche Veranstaltung zu feiern.<\/p>\n<p style=\"text-align: center;\"><a href=\"tel:004 0771796069\">004 0771 796 069<\/a><br \/>\n<a href=\"mailto:office@residenceambient.ro\">office@residenceambient.ro<\/a><\/p>\n<p>[\/vc_column_text][\/vc_column][\/vc_row][vc_row css=&#8220;.vc_custom_1470397530640{margin-bottom: -200px !important;}&#8220;][vc_column][vc_raw_html]JTNDc2NyaXB0JTIwdHlwZSUzRCUyMnRleHQlMkZqYXZhc2NyaXB0JTIyJTIwc3JjJTNEJTIyaHR0cHMlM0ElMkYlMkZvcGVuLnVwcGVyYm9va2luZy5jb20lMkZhbWJpZW50cmVzaWRlbmNlJTJGQm9va2luZy5qcyUzRmxvY2FsZSUzRGVuJTIyJTNFJTNDJTJGc2NyaXB0JTNF[\/vc_raw_html][\/vc_column][\/vc_row]<\/p>","protected":false},"excerpt":{"rendered":"<p>[vc_row][vc_column width=&#8220;2\/3&#8243;][vc_column_text] Der Tagungsraum und unser Team machen Ihre Veranstaltung perfekt.. In der Ambient Group haben wir umfangreiche Erfahrung in [&hellip;]<\/p>\n","protected":false},"author":1,"featured_media":0,"parent":11,"menu_order":1,"comment_status":"closed","ping_status":"closed","template":"","meta":{"footnotes":""},"yst_prominent_words":[157,129,156,159,153,165,155,169,171,162,168,154,161,158,170,163,160,164,167,166],"class_list":["post-17","page","type-page","status-publish","hentry"],"yoast_head":"<!-- This site is optimized with the Yoast SEO Premium plugin v14.0.2 - https:\/\/yoast.com\/wordpress\/plugins\/seo\/ -->\n<title>Konferenzsaal - Ambient Residence - Brasov (Rum\u00e4nien) - Buchen Sie zum besten Preis<\/title>\n<meta name=\"robots\" content=\"index, follow\" \/>\n<meta name=\"googlebot\" content=\"index, follow, max-snippet:-1, max-image-preview:large, max-video-preview:-1\" \/>\n<meta name=\"bingbot\" content=\"index, follow, max-snippet:-1, max-image-preview:large, max-video-preview:-1\" \/>\n<link rel=\"canonical\" href=\"https:\/\/www.residenceambient.ro\/hotel-services\/conference-hall-2\/\" \/>\n<meta property=\"og:locale\" content=\"de_DE\" \/>\n<meta property=\"og:type\" content=\"article\" \/>\n<meta property=\"og:title\" content=\"[:ro]Sala de Conferin\u021be[:en]Conference Hall[:es]Sala de conferencias[:de]Konferenzsaal[:] - Ambient Residence - Brasov (Rum\u00e4nien) - Buchen Sie zum besten Preis\" \/>\n<meta property=\"og:description\" content=\"[vc_row][vc_column width=&#8220;2\/3&#8243;][vc_column_text] Der Tagungsraum und unser Team machen Ihre Veranstaltung perfekt.. In der Ambient Group haben wir umfangreiche Erfahrung in [&hellip;]\" \/>\n<meta property=\"og:url\" content=\"https:\/\/www.residenceambient.ro\/hotel-services\/conference-hall-2\/\" \/>\n<meta property=\"og:site_name\" content=\"Ambient Residence - Brasov (Rum\u00e4nien) - Buchen Sie zum besten Preis\" \/>\n<meta property=\"article:modified_time\" content=\"2023-08-21T15:17:00+00:00\" \/>\n<meta property=\"og:image\" content=\"https:\/\/www.residenceambient.ro\/wp-content\/uploads\/2023\/08\/Teatro.png\" \/>\n<meta name=\"twitter:card\" content=\"summary_large_image\" \/>\n<script type=\"application\/ld+json\" class=\"yoast-schema-graph\">{\"@context\":\"https:\/\/schema.org\",\"@graph\":[{\"@type\":\"WebSite\",\"@id\":\"https:\/\/www.residenceambient.ro\/de\/#website\",\"url\":\"https:\/\/www.residenceambient.ro\/de\/\",\"name\":\"Ambient Residence - Brasov (Rum\\u00e4nien) - Buchen Sie zum besten Preis\",\"description\":\"Offizielle Seite\",\"potentialAction\":[{\"@type\":\"SearchAction\",\"target\":\"https:\/\/www.residenceambient.ro\/de\/?s={search_term_string}\",\"query-input\":\"required name=search_term_string\"}],\"inLanguage\":\"de\"},{\"@type\":\"ImageObject\",\"@id\":\"https:\/\/www.residenceambient.ro\/hotel-services\/conference-hall-2\/#primaryimage\",\"inLanguage\":\"de\",\"url\":\"https:\/\/www.residenceambient.ro\/wp-content\/uploads\/2023\/08\/Teatro.png\",\"width\":60,\"height\":60},{\"@type\":\"WebPage\",\"@id\":\"https:\/\/www.residenceambient.ro\/hotel-services\/conference-hall-2\/#webpage\",\"url\":\"https:\/\/www.residenceambient.ro\/hotel-services\/conference-hall-2\/\",\"name\":\"[:ro]Sala de Conferin\\u021be[:en]Conference Hall[:es]Sala de conferencias[:de]Konferenzsaal[:] - Ambient Residence - Brasov (Rum\\u00e4nien) - Buchen Sie zum besten Preis\",\"isPartOf\":{\"@id\":\"https:\/\/www.residenceambient.ro\/de\/#website\"},\"primaryImageOfPage\":{\"@id\":\"https:\/\/www.residenceambient.ro\/hotel-services\/conference-hall-2\/#primaryimage\"},\"datePublished\":\"2016-09-25T13:35:34+00:00\",\"dateModified\":\"2023-08-21T15:17:00+00:00\",\"inLanguage\":\"de\",\"potentialAction\":[{\"@type\":\"ReadAction\",\"target\":[\"https:\/\/www.residenceambient.ro\/hotel-services\/conference-hall-2\/\"]}]}]}<\/script>\n<!-- \/ Yoast SEO Premium plugin. -->","_links":{"self":[{"href":"https:\/\/www.residenceambient.ro\/de\/wp-json\/wp\/v2\/pages\/17","targetHints":{"allow":["GET"]}}],"collection":[{"href":"https:\/\/www.residenceambient.ro\/de\/wp-json\/wp\/v2\/pages"}],"about":[{"href":"https:\/\/www.residenceambient.ro\/de\/wp-json\/wp\/v2\/types\/page"}],"author":[{"embeddable":true,"href":"https:\/\/www.residenceambient.ro\/de\/wp-json\/wp\/v2\/users\/1"}],"replies":[{"embeddable":true,"href":"https:\/\/www.residenceambient.ro\/de\/wp-json\/wp\/v2\/comments?post=17"}],"version-history":[{"count":42,"href":"https:\/\/www.residenceambient.ro\/de\/wp-json\/wp\/v2\/pages\/17\/revisions"}],"predecessor-version":[{"id":1633,"href":"https:\/\/www.residenceambient.ro\/de\/wp-json\/wp\/v2\/pages\/17\/revisions\/1633"}],"up":[{"embeddable":true,"href":"https:\/\/www.residenceambient.ro\/de\/wp-json\/wp\/v2\/pages\/11"}],"wp:attachment":[{"href":"https:\/\/www.residenceambient.ro\/de\/wp-json\/wp\/v2\/media?parent=17"}],"wp:term":[{"taxonomy":"yst_prominent_words","embeddable":true,"href":"https:\/\/www.residenceambient.ro\/de\/wp-json\/wp\/v2\/yst_prominent_words?post=17"}],"curies":[{"name":"wp","href":"https:\/\/api.w.org\/{rel}","templated":true}]}}